{"id":790,"date":"2019-09-11T15:02:19","date_gmt":"2019-09-11T15:02:19","guid":{"rendered":"https:\/\/facetproject.eu\/?page_id=790"},"modified":"2021-03-07T18:39:54","modified_gmt":"2021-03-07T18:39:54","slug":"acn","status":"publish","type":"page","link":"https:\/\/facetproject.eu\/ro\/acn\/","title":{"rendered":""},"content":{"rendered":"<div class=\"is-layout-flex wp-container-3 wp-block-columns has-2-columns\">\n<div class=\"is-layout-flow wp-block-column\">\n<div class=\"wp-block-image\"><a href=\"https:\/\/www.czechfurniture.com\/\" target=\"_blank\" rel=\"noopener noreferrer\"><\/a><figure class=\"aligncenter\"><figure><a href=\"https:\/\/www.czechfurniture.com\/\" target=\"_blank\" rel=\"noopener noreferrer\"><img decoding=\"async\" loading=\"lazy\" width=\"321\" height=\"132\" src=\"https:\/\/facetproject.eu\/wp-content\/uploads\/2019\/09\/acn-01.png\" alt=\"\" class=\"wp-image-1133\" srcset=\"https:\/\/facetproject.eu\/wp-content\/uploads\/2019\/09\/acn-01.png 321w, https:\/\/facetproject.eu\/wp-content\/uploads\/2019\/09\/acn-01-300x123.png 300w\" sizes=\"(max-width: 321px) 100vw, 321px\" \/><\/a><\/figure><\/figure><\/div>\n<\/div>\n\n\n\n<div class=\"is-layout-flow wp-block-column\">\n<p class=\" translation-block\">The goal of the <a href=\"https:\/\/www.czechfurniture.com\/\" target=\"_self\" rel=\"noreferrer noopener\" aria-label=\"Association of Czech Furniture&nbsp;Makers (opens in a new tab)\">Association of Czech Furniture&nbsp;Makers<\/a>&nbsp;is the&nbsp;maximum customer satisfaction with the furniture and the services provided.<\/p>\n\n\n\n<p>Asocia\u021bia produc\u0103torilor de mobil\u0103 cehi a fost \u00eenfiin\u021bat\u0103 \u00een 1997 pe baza propunerilor mai multor antreprenori angaja\u021bi \u00een produc\u021bia de mobil\u0103. Inten\u021bia de munc\u0103 cinstit\u0103 \u0219i servicii func\u021bionale a \u00eenceput \u00een cur\u00e2nd s\u0103 atrag\u0103 al\u021bi antreprenori, care sunt serio\u0219i \u00een ceea ce prive\u0219te afacerea lor \u00een domeniul produc\u021biei de mobil\u0103. A \u00eenceput s\u0103 se formeze cea mai mare asocia\u021bie profesional\u0103 a produc\u0103torilor de mobil\u0103 din Republica Ceh\u0103. Actuala Asocia\u021bie a produc\u0103torilor de mobil\u0103 din Cehia reune\u0219te antreprenori care produc diverse tipuri de mobil\u0103 \u0219i utilizeaz\u0103 diverse materiale.&nbsp;<\/p>\n\n\n\n<p>Asocia\u021bia produc\u0103torilor de mobil\u0103 din Cehia a avut \u00eentotdeauna grij\u0103 cu privire la seriozitatea membrilor s\u0103i. Reputa\u021bia \u0219i profesionalismul companiilor membre este prioritatea noastr\u0103 num\u0103rul unu. Asocia\u021bia este deschis\u0103 numai companiilor care respect\u0103 principiile morale \u0219i legale. Apartenen\u021ba la un sindicat at\u00e2t de prestigios este o garan\u021bie a integrit\u0103\u021bii \u0219i solidit\u0103\u021bii companiilor membre. Pentru client, este un semnal clar despre siguran\u021b\u0103 \u0219i siguran\u021ba s\u0103n\u0103t\u0103\u021bii achizi\u021bion\u00e2nd mobilierul.<\/p>\n\n\n\n<p>Companiile asociate \u00een Asocia\u021bia Produc\u0103torilor de Mobil\u0103 din Cehia \u00ee\u0219i exprim\u0103 calitatea de membru \u00een interesul pentru dezvoltarea ulterioar\u0103 a domeniului \u00een Republica Ceh\u0103.<br><\/p>\n<\/div>\n<\/div>","protected":false},"excerpt":{"rendered":"<p>The goal of the Association of Czech Furniture\u00a0Makers\u00a0is the\u00a0maximum customer satisfaction with the furniture and the services provided. The&nbsp;Association of Czech&nbsp;Furniture Makers&nbsp;was established in&nbsp;1997 based on the thoughts of several entrepreneurs&nbsp;engaged in the production of furniture. The intention of honest work and functioning services soon began to attract other entrepreneurs, who are serious about their [&hellip;]<\/p>","protected":false},"author":3,"featured_media":0,"parent":0,"menu_order":0,"comment_status":"closed","ping_status":"closed","template":"page-full-width.php","meta":[],"_links":{"self":[{"href":"https:\/\/facetproject.eu\/ro\/wp-json\/wp\/v2\/pages\/790"}],"collection":[{"href":"https:\/\/facetproject.eu\/ro\/wp-json\/wp\/v2\/pages"}],"about":[{"href":"https:\/\/facetproject.eu\/ro\/wp-json\/wp\/v2\/types\/page"}],"author":[{"embeddable":true,"href":"https:\/\/facetproject.eu\/ro\/wp-json\/wp\/v2\/users\/3"}],"replies":[{"embeddable":true,"href":"https:\/\/facetproject.eu\/ro\/wp-json\/wp\/v2\/comments?post=790"}],"version-history":[{"count":9,"href":"https:\/\/facetproject.eu\/ro\/wp-json\/wp\/v2\/pages\/790\/revisions"}],"predecessor-version":[{"id":1407,"href":"https:\/\/facetproject.eu\/ro\/wp-json\/wp\/v2\/pages\/790\/revisions\/1407"}],"wp:attachment":[{"href":"https:\/\/facetproject.eu\/ro\/wp-json\/wp\/v2\/media?parent=790"}],"curies":[{"name":"wp","href":"https:\/\/api.w.org\/{rel}","templated":true}]}}