{"id":779,"date":"2019-09-11T14:42:25","date_gmt":"2019-09-11T14:42:25","guid":{"rendered":"https:\/\/facetproject.eu\/?page_id=779"},"modified":"2019-09-18T07:58:01","modified_gmt":"2019-09-18T07:58:01","slug":"did","status":"publish","type":"page","link":"https:\/\/facetproject.eu\/ro\/did\/","title":{"rendered":""},"content":{"rendered":"<div class=\"is-layout-flex wp-container-3 wp-block-columns has-2-columns\">\n<div class=\"is-layout-flow wp-block-column\">\n<div class=\"wp-block-image\"><figure class=\"aligncenter\"><a href=\"http:\/\/www.distrettointerniedesign.it\" target=\"_blank\" rel=\"noopener noreferrer\"><img decoding=\"async\" loading=\"lazy\" width=\"321\" height=\"254\" src=\"https:\/\/facetproject.eu\/wp-content\/uploads\/2019\/09\/did-01.png\" alt=\"\" class=\"wp-image-1144\" srcset=\"https:\/\/facetproject.eu\/wp-content\/uploads\/2019\/09\/did-01.png 321w, https:\/\/facetproject.eu\/wp-content\/uploads\/2019\/09\/did-01-300x237.png 300w\" sizes=\"(max-width: 321px) 100vw, 321px\" \/><\/a><\/figure><\/div>\n\n\n\n<p><\/p>\n<\/div>\n\n\n\n<div class=\"is-layout-flow wp-block-column\">\n<p class=\" translation-block\">The <strong><a href=\"http:\/\/www.distrettointerniedesign.it\" target=\"_self\">Tuscan Technological Cluster for Interiors and Design DID<\/a><\/strong> (Clusterul tehnologic toscan pentru interioare \u0219i design DID) este axat pe inova\u021bia \u0219i transferul tehnologic aferente interioarelor de locuin\u021be \/ vehicule de agrement \/ sectoare nautice \u0219i inovarea proiect\u0103rii \u00een general.<\/p>\n\n\n\n<p class=\" translation-block\">Este format din 5 centre de promovare \u0219i include asocia\u021bii de afaceri. Participarea organiza\u021biilor de cercetare este strategic\u0103, deoarece  scopul <strong>DID<\/strong> este de a aduce competen\u021be \u00eentreprinderilor, \u00een special IMM-urilor, \u00een vederea dezvolt\u0103rii proceselor de cercetare \u0219i dezvoltare.<\/p>\n\n\n\n<p class=\" translation-block\">Clusterul tehnologic <strong>DID<\/strong> se concentreaz\u0103 pe mai multe sectoare din zona de fabrica\u021bie, are o viziune multidisciplinar\u0103 \u0219i este creat \u00een mod natural pentru dezvoltarea activit\u0103\u021bilor legate de cercetare \u0219i dezvoltare, formare \u0219i interna\u021bionalizare pentru to\u021bi membrii. Re\u021belele organiza\u021biilor de cercetare \u0219i ale actorilor interna\u021bionali, pe care <strong>DID<\/strong> le stabile\u0219te \u00een cooperare cu companiile membre, sunt rela\u021bii bine consolidate, cu opinii foarte concrete.<\/p>\n\n\n\n<p>Servicii de asisten\u021b\u0103 oferite: <\/p>\n\n\n\n<ul><li>Acces la sprijinul public (programe regionale \/ na\u021bionale, bonuri de inovare etc.)<\/li><li>Facilitarea colabor\u0103rii dintre membri<\/li><li>Sprijinirea transferului de cuno\u0219tin\u021be<\/li><li>Managementul inov\u0103rii \/ Sprijinirea proceselor de inovare (interne, externe)<\/li><\/ul>\n\n\n\n<p><\/p>\n<\/div>\n<\/div>\n\n\n\n<p><\/p>","protected":false},"excerpt":{"rendered":"<p>The Tuscan Technological Cluster for Interiors and Design DID is focused on innovation and technological transfer related to interiors in the home \/ recreational vehicles \/ nautical sectors and design innovation in general. It is formed by 5 promotion centers and includes business associations. The participation of research organizations is strategic as the focus of [&hellip;]<\/p>","protected":false},"author":3,"featured_media":0,"parent":0,"menu_order":0,"comment_status":"closed","ping_status":"closed","template":"page-full-width.php","meta":[],"_links":{"self":[{"href":"https:\/\/facetproject.eu\/ro\/wp-json\/wp\/v2\/pages\/779"}],"collection":[{"href":"https:\/\/facetproject.eu\/ro\/wp-json\/wp\/v2\/pages"}],"about":[{"href":"https:\/\/facetproject.eu\/ro\/wp-json\/wp\/v2\/types\/page"}],"author":[{"embeddable":true,"href":"https:\/\/facetproject.eu\/ro\/wp-json\/wp\/v2\/users\/3"}],"replies":[{"embeddable":true,"href":"https:\/\/facetproject.eu\/ro\/wp-json\/wp\/v2\/comments?post=779"}],"version-history":[{"count":10,"href":"https:\/\/facetproject.eu\/ro\/wp-json\/wp\/v2\/pages\/779\/revisions"}],"predecessor-version":[{"id":1147,"href":"https:\/\/facetproject.eu\/ro\/wp-json\/wp\/v2\/pages\/779\/revisions\/1147"}],"wp:attachment":[{"href":"https:\/\/facetproject.eu\/ro\/wp-json\/wp\/v2\/media?parent=779"}],"curies":[{"name":"wp","href":"https:\/\/api.w.org\/{rel}","templated":true}]}}