{"id":51,"date":"2019-04-16T11:26:29","date_gmt":"2019-04-16T11:26:29","guid":{"rendered":"https:\/\/facetproject.eu\/?page_id=51"},"modified":"2019-12-03T09:57:30","modified_gmt":"2019-12-03T09:57:30","slug":"mesmerize","status":"publish","type":"page","link":"https:\/\/facetproject.eu\/ro\/","title":{"rendered":"Furniture sector Avant-garde Creativity<br\/> and Entrepreneurship Training"},"content":{"rendered":"<hr class=\"wp-block-separator\"\/>\n\n\n\n<div class=\"is-layout-flex wp-container-3 wp-block-columns has-2-columns\">\n<div class=\"is-layout-flow wp-block-column\">\n<div class=\"wp-block-image\"><figure class=\"aligncenter\"><img decoding=\"async\" loading=\"lazy\" width=\"1024\" height=\"661\" src=\"https:\/\/facetproject.eu\/wp-content\/uploads\/2019\/12\/facet-home-1024x661.jpg\" alt=\"\" class=\"wp-image-1236\" srcset=\"https:\/\/facetproject.eu\/wp-content\/uploads\/2019\/12\/facet-home-1024x661.jpg 1024w, https:\/\/facetproject.eu\/wp-content\/uploads\/2019\/12\/facet-home-300x194.jpg 300w, https:\/\/facetproject.eu\/wp-content\/uploads\/2019\/12\/facet-home-768x496.jpg 768w, https:\/\/facetproject.eu\/wp-content\/uploads\/2019\/12\/facet-home-465x300.jpg 465w, https:\/\/facetproject.eu\/wp-content\/uploads\/2019\/12\/facet-home-1140x736.jpg 1140w\" sizes=\"(max-width: 1024px) 100vw, 1024px\" \/><\/figure><\/div>\n<\/div>\n\n\n\n<div class=\"is-layout-flow wp-block-column\">\n<p class=\" translation-block\"><p><strong>FACET<\/strong> \u00ee\u0219i propune s\u0103 dezvolte <strong>instrumente inovative de formare \u00een creativitate \u0219i antreprenoriat<\/strong> pentru sectorul de mobilier \u0219i amenaj\u0103ri interioare, care s\u0103 fie utilizate pentru educarea \u0219i formarea profesional\u0103 ini\u021bial\u0103 (VET), precum \u0219i pentru formarea profesional\u0103 continu\u0103 pentru lucr\u0103tori.<\/p><\/p>\n\n\n\n<p class=\" translation-block\"><p><strong>Competen\u021bele profesionale, cuno\u0219tin\u021bele \u0219i nevoile de competen\u021be<\/strong> legate de <strong>creativitate<\/strong> \u0219i <strong>antreprenoriat<\/strong> vor fi analizate \u00een cadrul sectorului. Pe baza acestora, se va dezvolta o direc\u021bie de instruire \u0219i un <strong>curs online<\/strong>. Instrumentele de \u00eenv\u0103\u021bare a cursurilor vor include \u00eenv\u0103\u021barea bazat\u0103 pe munc\u0103.<\/p><\/p>\n\n\n\n<p>Perioada de implementare: 01\/11\/2018 - 30\/04\/2021<\/p>\n\n\n\n<h4>Rezultate aplicabile pentru companii<\/h4>\n\n\n\n<ul><li>Analiza situa\u021biei actuale \u0219i a nevoilor companiilor \/ profesioni\u0219tilor \u00een leg\u0103tur\u0103 cu creativitatea \u0219i antreprenoriatul \u00een sectorul de mobilier \u0219i amenaj\u0103ri interioare.<\/li><li>Materiale de instruire \u0219i instrument de \u00eenv\u0103\u021bare bazat pe munc\u0103 \u00een 7 limbi.<\/li><li>Posibilitatea de a participa la cursul pilot \u00een timpul implement\u0103rii proiectului.<\/li><\/ul>\n<\/div>\n<\/div>","protected":false},"excerpt":{"rendered":"<p>FACET aims to develop innovative tools for training in creativity and entrepreneurship for the furniture and home interior sectors to be used for initial vocational education and training (VET), as well as for the continuous VET for workers. Professional skills, knowledge and competencies needs related to creativity and entrepreneurship will be analysed within the sector. [&hellip;]<\/p>","protected":false},"author":1,"featured_media":0,"parent":0,"menu_order":0,"comment_status":"closed","ping_status":"closed","template":"page-full-width.php","meta":[],"_links":{"self":[{"href":"https:\/\/facetproject.eu\/ro\/wp-json\/wp\/v2\/pages\/51"}],"collection":[{"href":"https:\/\/facetproject.eu\/ro\/wp-json\/wp\/v2\/pages"}],"about":[{"href":"https:\/\/facetproject.eu\/ro\/wp-json\/wp\/v2\/types\/page"}],"author":[{"embeddable":true,"href":"https:\/\/facetproject.eu\/ro\/wp-json\/wp\/v2\/users\/1"}],"replies":[{"embeddable":true,"href":"https:\/\/facetproject.eu\/ro\/wp-json\/wp\/v2\/comments?post=51"}],"version-history":[{"count":115,"href":"https:\/\/facetproject.eu\/ro\/wp-json\/wp\/v2\/pages\/51\/revisions"}],"predecessor-version":[{"id":1237,"href":"https:\/\/facetproject.eu\/ro\/wp-json\/wp\/v2\/pages\/51\/revisions\/1237"}],"wp:attachment":[{"href":"https:\/\/facetproject.eu\/ro\/wp-json\/wp\/v2\/media?parent=51"}],"curies":[{"name":"wp","href":"https:\/\/api.w.org\/{rel}","templated":true}]}}