{"id":29,"date":"2019-04-16T11:17:43","date_gmt":"2019-04-16T11:17:43","guid":{"rendered":"https:\/\/facetproject.eu\/?page_id=29"},"modified":"2021-04-29T14:54:27","modified_gmt":"2021-04-29T14:54:27","slug":"downloads","status":"publish","type":"page","link":"https:\/\/facetproject.eu\/ro\/downloads\/","title":{"rendered":"Desc\u0103rc\u0103ri"},"content":{"rendered":"<p class=\" translation-block\">Rezultatele disponibile publicului proiectului <b>FACET<\/b> sunt enumerate mai jos:<\/p>\n\n\n\n<h4><strong>Documente tehnice<\/strong><\/h4>\n\n\n\n<hr class=\"wp-block-separator\"\/>\n\n\n\n<div class=\"is-layout-flex wp-container-3 wp-block-columns has-2-columns\">\n<div class=\"is-layout-flow wp-block-column\">\n<div class=\"wp-block-media-text alignwide\"><figure class=\"wp-block-media-text__media\"><img decoding=\"async\" loading=\"lazy\" width=\"742\" height=\"906\" src=\"https:\/\/facetproject.eu\/wp-content\/uploads\/2021\/04\/Image-VET.png\" alt=\"\" class=\"wp-image-1416\" srcset=\"https:\/\/facetproject.eu\/wp-content\/uploads\/2021\/04\/Image-VET.png 742w, https:\/\/facetproject.eu\/wp-content\/uploads\/2021\/04\/Image-VET-246x300.png 246w\" sizes=\"(max-width: 742px) 100vw, 742px\" \/><\/figure><div class=\"wp-block-media-text__content\">\n<p><strong>Ghid pentru formatori \u2013 Formatori VET<\/strong> <\/p>\n\n\n\n<p class=\" translation-block\">Ghidul pentru instructorii de formare profesional\u0103 \u0219i educa\u021bional\u0103 (VET) explic\u0103 modul de utilizare \u0219i aplicare a resurselor dezvoltate \u00een proiectul FACET: i) curriculum, ii) materialul de instruire al cursului (MOOC) \u0219i iii) instrumentul de \u00eenv\u0103\u021bare bazat pe munc\u0103 (WBLT).\n\nGuide \u2013 VET providers (Romanian version)<\/p>\n<\/div><\/div>\n\n\n\n<p><\/p>\n<\/div>\n\n\n\n<div class=\"is-layout-flow wp-block-column\">\n<div class=\"wp-block-media-text alignwide\"><figure class=\"wp-block-media-text__media\"><img decoding=\"async\" loading=\"lazy\" width=\"742\" height=\"905\" src=\"https:\/\/facetproject.eu\/wp-content\/uploads\/2021\/04\/Image-Companies.png\" alt=\"\" class=\"wp-image-1417\" srcset=\"https:\/\/facetproject.eu\/wp-content\/uploads\/2021\/04\/Image-Companies.png 742w, https:\/\/facetproject.eu\/wp-content\/uploads\/2021\/04\/Image-Companies-246x300.png 246w\" sizes=\"(max-width: 742px) 100vw, 742px\" \/><\/figure><div class=\"wp-block-media-text__content\">\n<p><strong> Ghid pentru formatori \u2013 Companii de mobil\u0103 <\/strong><\/p>\n\n\n\n<p> Acest ghid este similar cu cel precedent, dar, \u00een acest caz, se adreseaz\u0103 companiilor de mobil\u0103 \u0219i, mai precis, managerilor de resurse umane. Ghidul va permite profesioni\u0219tilor creativi ai companiilor s\u0103 \u00eenve\u021be cum s\u0103 utilizeze resursele dezvoltate \u00een proiectul FACET: i) curriculum, ii) materialul de instruire al cursului (MOOC) \u0219i iii) instrumentul de \u00eenv\u0103\u021bare bazat pe munc\u0103 (WBLT).<br> <br><a href=\"https:\/\/facetproject.eu\/wp-content\/uploads\/2021\/04\/Guide_Trainers-Companies-FINAL-RO.pdf\" target=\"_blank\" rel=\"noreferrer noopener\" aria-label=\" (opens in a new tab)\">Guide - Furniture companies (Romanian version)<\/a><\/p>\n<\/div><\/div>\n<\/div>\n<\/div>\n\n\n\n<div class=\"is-layout-flex wp-container-6 wp-block-columns has-2-columns\">\n<div class=\"is-layout-flow wp-block-column\">\n<div class=\"wp-block-media-text alignwide\"><figure class=\"wp-block-media-text__media\"><img decoding=\"async\" loading=\"lazy\" width=\"724\" height=\"1024\" src=\"https:\/\/facetproject.eu\/wp-content\/uploads\/2019\/12\/FACET\u2013Curriculum\u2013EN-1-724x1024.jpg\" alt=\"\" class=\"wp-image-1230\" srcset=\"https:\/\/facetproject.eu\/wp-content\/uploads\/2019\/12\/FACET\u2013Curriculum\u2013EN-1-724x1024.jpg 724w, https:\/\/facetproject.eu\/wp-content\/uploads\/2019\/12\/FACET\u2013Curriculum\u2013EN-1-212x300.jpg 212w, https:\/\/facetproject.eu\/wp-content\/uploads\/2019\/12\/FACET\u2013Curriculum\u2013EN-1-768x1086.jpg 768w, https:\/\/facetproject.eu\/wp-content\/uploads\/2019\/12\/FACET\u2013Curriculum\u2013EN-1-1140x1612.jpg 1140w\" sizes=\"(max-width: 724px) 100vw, 724px\" \/><\/figure><div class=\"wp-block-media-text__content\">\n<p><strong>Curriculum<\/strong><\/p>\n\n\n\n<p>Curriculum-ul con\u021bine o trecere \u00een revist\u0103 a celor cinci module de instruire cu obiectivele lor, planul de \u00eenv\u0103\u021bare, procedurile \u0219i criteriile de evaluare a rezultatelor \u00eenv\u0103\u021b\u0103rii care trebuie ob\u021binute \u00een fiecare modul, precum \u0219i lista ocupa\u021biilor \/ calific\u0103rilor \u00een care ar putea fi integrat fiecare modul.<br><\/p>\n\n\n\n<p><a href=\"https:\/\/facetproject.eu\/wp-content\/uploads\/2019\/12\/FACET%E2%80%93Curriculum%E2%80%93EN.pdf\"><a href=\"https:\/\/facetproject.eu\/wp-content\/uploads\/2021\/04\/FACET_Curriculum_RO.pdf\">Curriculum (Romanian version)<\/a><\/a><\/p>\n<\/div><\/div>\n<\/div>\n\n\n\n<div class=\"is-layout-flow wp-block-column\">\n<div class=\"wp-block-media-text alignwide\"><figure class=\"wp-block-media-text__media\"><img decoding=\"async\" loading=\"lazy\" width=\"1024\" height=\"768\" src=\"https:\/\/facetproject.eu\/wp-content\/uploads\/2019\/11\/FACET-DIDDIDA-SURVRESULTS_VETPROGRAMS-1024x768.jpg\" alt=\"\" class=\"wp-image-1210\" srcset=\"https:\/\/facetproject.eu\/wp-content\/uploads\/2019\/11\/FACET-DIDDIDA-SURVRESULTS_VETPROGRAMS-1024x768.jpg 1024w, https:\/\/facetproject.eu\/wp-content\/uploads\/2019\/11\/FACET-DIDDIDA-SURVRESULTS_VETPROGRAMS-300x225.jpg 300w, https:\/\/facetproject.eu\/wp-content\/uploads\/2019\/11\/FACET-DIDDIDA-SURVRESULTS_VETPROGRAMS-768x576.jpg 768w, https:\/\/facetproject.eu\/wp-content\/uploads\/2019\/11\/FACET-DIDDIDA-SURVRESULTS_VETPROGRAMS-400x300.jpg 400w, https:\/\/facetproject.eu\/wp-content\/uploads\/2019\/11\/FACET-DIDDIDA-SURVRESULTS_VETPROGRAMS-1140x855.jpg 1140w, https:\/\/facetproject.eu\/wp-content\/uploads\/2019\/11\/FACET-DIDDIDA-SURVRESULTS_VETPROGRAMS.jpg 2000w\" sizes=\"(max-width: 1024px) 100vw, 1024px\" \/><\/figure><div class=\"wp-block-media-text__content\">\n<p><strong>Sondaj privind nevoia de competen\u021be<\/strong> <\/p>\n\n\n\n<p class=\" translation-block\">Un chestionar a fost trimis \u00een fiecare \u021bar\u0103 partener\u0103 a proiectului (60 creativi, 77 antreprenori, 36 formatori \/ profesori) pentru a intra \u00een contact direct cu grupurile \u021bint\u0103 \u0219i cu p\u0103r\u021bile interesate \u0219i pentru a \u00een\u021belege nevoile \u00een ceea ce prive\u0219te cuno\u0219tin\u021bele \u0219i abilit\u0103\u021bile legate de creativitate \u0219i antreprenoriat \u00een sectorul mobilierului. <br><br><a rel=\"noreferrer noopener\" href=\"https:\/\/facetproject.eu\/wp-content\/uploads\/2019\/11\/FACET-DIDDIDA-SURVRESULTS_VETPROGRAMS.pdf\" target=\"_self\">Sondaj (versiunea \u00een limba englez\u0103)<\/a><\/p>\n<\/div><\/div>\n<\/div>\n<\/div>\n\n\n\n<hr class=\"wp-block-separator is-style-dots\"\/>\n\n\n\n<h4><strong>Materiale de diseminare<\/strong><\/h4>\n\n\n\n<hr class=\"wp-block-separator\"\/>\n\n\n\n<div class=\"is-layout-flex wp-container-9 wp-block-columns has-2-columns\">\n<div class=\"is-layout-flow wp-block-column\">\n<div class=\"wp-block-media-text alignwide\"><figure class=\"wp-block-media-text__media\"><img decoding=\"async\" loading=\"lazy\" width=\"722\" height=\"1024\" src=\"https:\/\/facetproject.eu\/wp-content\/uploads\/2019\/11\/FACET\u2013Brochure\u2013EN-722x1024.jpg\" alt=\"\" class=\"wp-image-1223\" srcset=\"https:\/\/facetproject.eu\/wp-content\/uploads\/2019\/11\/FACET\u2013Brochure\u2013EN-722x1024.jpg 722w, https:\/\/facetproject.eu\/wp-content\/uploads\/2019\/11\/FACET\u2013Brochure\u2013EN-211x300.jpg 211w, https:\/\/facetproject.eu\/wp-content\/uploads\/2019\/11\/FACET\u2013Brochure\u2013EN-768x1089.jpg 768w, https:\/\/facetproject.eu\/wp-content\/uploads\/2019\/11\/FACET\u2013Brochure\u2013EN-1140x1617.jpg 1140w, https:\/\/facetproject.eu\/wp-content\/uploads\/2019\/11\/FACET\u2013Brochure\u2013EN.jpg 1166w\" sizes=\"(max-width: 722px) 100vw, 722px\" \/><\/figure><div class=\"wp-block-media-text__content\">\n<p><strong>Bro\u015fur\u0103<\/strong><\/p>\n\n\n\n<p class=\" translation-block\">Bro\u0219ura con\u021bine o scurt\u0103 prezentare a obiectivelor, a datei de implementare \u0219i a rezultatelor proiectului FACET. <br><br><a rel=\"noreferrer noopener\" href=\"https:\/\/facetproject.eu\/wp-content\/uploads\/2019\/11\/FACET\u2013Brochure\u2013RO.pdf\" target=\"_self\">Bro\u015fur\u0103 (versiunea in limba romana)<\/a><\/p>\n<\/div><\/div>\n<\/div>\n\n\n\n<div class=\"is-layout-flow wp-block-column\">\n<div class=\"wp-block-media-text alignwide\"><figure class=\"wp-block-media-text__media\"><img decoding=\"async\" loading=\"lazy\" width=\"516\" height=\"654\" src=\"https:\/\/facetproject.eu\/wp-content\/uploads\/2020\/01\/facet_newsletter-01.png\" alt=\"\" class=\"wp-image-1281\" srcset=\"https:\/\/facetproject.eu\/wp-content\/uploads\/2020\/01\/facet_newsletter-01.png 516w, https:\/\/facetproject.eu\/wp-content\/uploads\/2020\/01\/facet_newsletter-01-237x300.png 237w\" sizes=\"(max-width: 516px) 100vw, 516px\" \/><\/figure><div class=\"wp-block-media-text__content\">\n<p><strong>Buletinul informativ<\/strong><\/p>\n\n\n\n<p>Buletinul informativ con\u021bine cele mai noi \u0219tiri legate de proiect, cum ar fi lansarea paginii web, raportul rezultatelor sondajului de opinie \u0219i publicarea curriculumului, precum \u0219i alte nout\u0103\u021bi ale sectorului.<br><br><a rel=\"noreferrer noopener\" href=\"https:\/\/facetproject.eu\/wp-content\/uploads\/2020\/01\/20200122_facet_nl01.html\" target=\"_blank\">Buletinul informativ #1 (versiunea \u00een limba englez\u0103)<\/a> <br><a href=\"https:\/\/facetproject.eu\/wp-content\/uploads\/2020\/10\/FACET-NL02.html\" target=\"_blank\" rel=\"noreferrer noopener\" aria-label=\" (opens in a new tab)\">Buletinul informativ #2 (versiunea \u00een limba englez\u0103)<\/a> <br><a rel=\"noreferrer noopener\" aria-label=\" (opens in a new tab)\" href=\"https:\/\/facetproject.eu\/wp-content\/uploads\/2020\/12\/FACET-NL03.html\" target=\"_blank\">Buletinul informativ #3 (versiunea \u00een limba englez\u0103)<\/a> <br><a rel=\"noreferrer noopener\" aria-label=\" (opens in a new tab)\" href=\"https:\/\/facetproject.eu\/wp-content\/uploads\/2021\/02\/FACET-NL04.html\" target=\"_blank\">Buletinul informativ #4 (versiunea \u00een limba englez\u0103)<\/a> <\/p>\n<\/div><\/div>\n<\/div>\n<\/div>","protected":false},"excerpt":{"rendered":"<p>The publicly available outcomes of the FACET project are listed below. Technical documents Guide for trainers &#8211; VET providers The guide for Vocational and Educational Training (VET) trainers explains how to use and apply the resources developed in the FACET project: i) the curriculum, ii) the training material of the course (MOOC) and iii) the [&hellip;]<\/p>","protected":false},"author":1,"featured_media":0,"parent":0,"menu_order":0,"comment_status":"closed","ping_status":"closed","template":"page-full-width.php","meta":[],"_links":{"self":[{"href":"https:\/\/facetproject.eu\/ro\/wp-json\/wp\/v2\/pages\/29"}],"collection":[{"href":"https:\/\/facetproject.eu\/ro\/wp-json\/wp\/v2\/pages"}],"about":[{"href":"https:\/\/facetproject.eu\/ro\/wp-json\/wp\/v2\/types\/page"}],"author":[{"embeddable":true,"href":"https:\/\/facetproject.eu\/ro\/wp-json\/wp\/v2\/users\/1"}],"replies":[{"embeddable":true,"href":"https:\/\/facetproject.eu\/ro\/wp-json\/wp\/v2\/comments?post=29"}],"version-history":[{"count":130,"href":"https:\/\/facetproject.eu\/ro\/wp-json\/wp\/v2\/pages\/29\/revisions"}],"predecessor-version":[{"id":1454,"href":"https:\/\/facetproject.eu\/ro\/wp-json\/wp\/v2\/pages\/29\/revisions\/1454"}],"wp:attachment":[{"href":"https:\/\/facetproject.eu\/ro\/wp-json\/wp\/v2\/media?parent=29"}],"curies":[{"name":"wp","href":"https:\/\/api.w.org\/{rel}","templated":true}]}}