{"id":23,"date":"2019-04-16T11:16:42","date_gmt":"2019-04-16T11:16:42","guid":{"rendered":"https:\/\/facetproject.eu\/?page_id=23"},"modified":"2019-12-03T09:59:46","modified_gmt":"2019-12-03T09:59:46","slug":"project","status":"publish","type":"page","link":"https:\/\/facetproject.eu\/ro\/project\/","title":{"rendered":"Proiect"},"content":{"rendered":"<div class=\"is-layout-flex wp-container-3 wp-block-columns has-2-columns\">\n<div class=\"is-layout-flow wp-block-column\">\n<h3><strong>Contextul<\/strong><\/h3>\n\n\n\n<p class=\" translation-block\"><p>De\u0219i <strong>produc\u0103torii de mobilier din UE<\/strong> au o bun\u0103 reputa\u021bie la nivel mondial \u00een ceea ce prive\u0219te <strong>proiectarea<\/strong>, doar c\u00e2teva companii sunt <strong>formatoare de opinie<\/strong>, \u00een timp ce majoritatea companiilor, \u00een special IMM-urile, <strong>sunt adepte<\/strong>. \u00cen contextul, extrem de competitiv, cu care se confrunt\u0103 companiile de mobilier, <strong>acestea trebuie s\u0103 fie mai creative \u0219i mai \u00eenreprinz\u0103toare, ceea ce \u00eenseamn\u0103 nu numai s\u0103 \u00eenceap\u0103 noi afaceri, ci \u0219i s\u0103 poat\u0103 comercializa noi \u0219i valoroase produse \u0219i servicii<\/strong>.<\/p><\/p>\n<\/div>\n\n\n\n<div class=\"is-layout-flow wp-block-column\">\n<h3><strong>Obiectivul principal<\/strong><\/h3>\n\n\n\n<p class=\" translation-block\"><p>Obiectivul principal al proiectului FACET este dezvoltarea de <strong>metode noi \u0219i inovative pentru consolidarea \u00een continuare a creativit\u0103\u021bii \u0219i antreprenoriatului \u00een programele VET din sectorul mobilierului<\/strong>, at\u00e2t pentru formarea profesional\u0103 ini\u021bial\u0103, c\u00e2t \u0219i pentru formarea profesional\u0103 continu\u0103, av\u00e2nd \u00een vedere \u00eenv\u0103\u021barea bazat\u0103 pe munc\u0103.<\/p><\/p>\n\n\n\n<p class=\" translation-block\"><p>Cursul de formare FACET va promova creativitatea \u0219i abilit\u0103\u021bile antreprenoriale <strong>ale profesioni\u0219tilor companiilor de mobilier<\/strong>, gener\u00e2nd produse noi care sunt \u00een concordan\u021b\u0103 cu schimbarea structurii popula\u021biei, a stilului de via\u021b\u0103 \u0219i a tendin\u021belor, precum \u0219i cu noi modele de afaceri \u0219i rela\u021bii furnizor-consumator.<\/p><\/p>\n<\/div>\n<\/div>\n\n\n\n<div class=\"is-layout-flex wp-container-6 wp-block-columns has-2-columns\">\n<div class=\"is-layout-flow wp-block-column\">\n<div class=\"wp-block-image\"><figure class=\"aligncenter\"><img decoding=\"async\" loading=\"lazy\" width=\"481\" height=\"480\" src=\"https:\/\/facetproject.eu\/wp-content\/uploads\/2019\/09\/image1_project.png\" alt=\"\" class=\"wp-image-1156\" srcset=\"https:\/\/facetproject.eu\/wp-content\/uploads\/2019\/09\/image1_project.png 481w, https:\/\/facetproject.eu\/wp-content\/uploads\/2019\/09\/image1_project-150x150.png 150w, https:\/\/facetproject.eu\/wp-content\/uploads\/2019\/09\/image1_project-300x300.png 300w, https:\/\/facetproject.eu\/wp-content\/uploads\/2019\/09\/image1_project-301x300.png 301w\" sizes=\"(max-width: 481px) 100vw, 481px\" \/><\/figure><\/div>\n\n\n\n<p><\/p>\n<\/div>\n\n\n\n<div class=\"is-layout-flow wp-block-column\">\n<h3><strong>Metodologie<\/strong><\/h3>\n\n\n\n<p class=\" translation-block\"><p> Proiectul FACET porne\u0219te de la <strong>studiul calific\u0103rilor \u0219i ocupa\u021biilor sectorului mobilierului <\/strong>pentru a defini <strong>rezultatele \u00eenv\u0103\u021b\u0103rii<\/strong> care trebuie acoperite de <strong>programele de creativitate \u0219i antreprenoriat din sectorul mobilei<\/strong>, cu feedback-ul angaja\u021bilor din industria mobilei.<\/p><\/p>\n\n\n\n<p class=\" translation-block\"><p> Apoi, <strong>curricula<\/strong> va fi creat\u0103 definind <strong>unit\u0103\u021bile de \u00eenv\u0103\u021bare<\/strong> \u00een detaliu: titlu generic, profiluri \/ calific\u0103ri ESCO, nivel EQF, rezultate ale \u00eenv\u0103\u021b\u0103rii, proceduri \u0219i criterii de evaluare \u0219i puncte ECVET.<\/p><\/p>\n\n\n\n<p class=\" translation-block\"><p> Odat\u0103 ce curricula va fi gata, <strong>cursul online FACET<\/strong> va fi dezvoltat cre\u00e2nd <strong>con\u021binuturile<\/strong>, transform\u00e2ndu-le \u00een <strong>obiecte \u0219i jocuri interactive de \u00eenv\u0103\u021bare<\/strong>, integr\u00e2ndu-le \u00eentr-o <strong>platform\u0103 de \u00eenv\u0103\u021bare electronic\u0103 e-learning<\/strong>, implement\u00e2nd un <strong>sistem de insigne<\/strong>. Un test final va fi rulat cu utilizatorii \u021bint\u0103, colect\u00e2nd feedback-ul lor \u0219i \u00eembun\u0103t\u0103\u021bind,\u00een consecin\u021b\u0103, rezultatele.<\/p><\/p>\n\n\n\n<p class=\" translation-block\"><p> De asemenea, va fi creat <strong>un instrument de \u00eenv\u0103\u021bare bazat pe munc\u0103 <\/strong>\u0219i va fi implementat un <strong>sistem de insigne<\/strong> pentru <strong>recunoa\u0219terea abilit\u0103\u021bilor<\/strong> pe m\u0103sur\u0103 ce instrumentul este utilizat. Un <strong>test final<\/strong> va fi rulat cu utilizatorii \u021bint\u0103, colect\u00e2nd feedback-ul lor \u0219i \u00eembun\u0103t\u0103\u021bind instrumentul \u00een func\u021bie de rezultatele testului.<\/p><\/p>\n\n\n\n<p class=\" translation-block\"><p> Va fi elaborat un <strong>ghid pentru<\/strong> <strong>formatori <\/strong>care s\u0103 explice cum se folosesc at\u00e2t <strong>cursul online<\/strong>, c\u00e2t \u0219i <strong>instrumentul pentru formare <\/strong>\u0219i cum se evalueaz\u0103 rezultatele corespunz\u0103toare ale \u00eenv\u0103\u021b\u0103rii, inclusiv cele mai bune practici colectate din rezultatele testelor.<\/p><\/p>\n\n\n\n<p class=\" translation-block\"><p> Dup\u0103 crearea tuturor rezultatelor proiectului, partenerii vor organiza <strong>ateliere de diseminare<\/strong> \u00een <strong>\u021b\u0103rile<\/strong> lor pentru a disemina rezultatele proiectului \u0219i pentru a primi feedback de la p\u0103r\u021bile interesate.<\/p><\/p>\n<\/div>\n<\/div>\n\n\n\n<div class=\"is-layout-flex wp-container-9 wp-block-columns has-2-columns\">\n<div class=\"is-layout-flow wp-block-column\">\n<h3><strong>Rezultate<\/strong><\/h3>\n\n\n\n<p><p> Noul curs de formare profesional\u0103 va \u00eembun\u0103t\u0103\u021bi capacitatea de a genera idei, de a ajunge la idei mai bune \u0219i de a transforma ideile \u00een ac\u021biune pentru a realiza produse \/ servicii \/ modele de afaceri reale \u0219i valoroase.<\/p><\/p>\n\n\n\n<p class=\" translation-block\"><p> Proiectul va dezvolta <strong>rezultate intelectuale privind creativitatea, antreprenoriatul \u0219i aplicarea acestora \u00een sectorul mobilierului<\/strong>, ce vor fi accesibile gratuit pe pagina de web a proiectului:<\/p><\/p>\n\n\n\n<ul><li>Curricula;<\/li><li>Curs online;<\/li><li>Instrument de \u00eenv\u0103\u021bare bazat pe munc\u0103; \u0219i<\/li><li> Ghid pentru formatori. <\/li><\/ul>\n<\/div>\n\n\n\n<div class=\"is-layout-flow wp-block-column\">\n<h3><strong>Grupuri \u021bint\u0103<\/strong><\/h3>\n\n\n\n<p class=\" translation-block\"><p> Principalele <strong>grupuri \u021bint\u0103<\/strong> ale proiectului FACET sunt urm\u0103toarele:<\/p><\/p>\n\n\n\n<ul><li>Profesioni\u0219ti din industria mobilei, care se ocup\u0103 de inova\u021bie (proiectan\u021bi, CEO, directori de marketing).<\/li><li>Studenti designeri,de ingineria lemnului \u015fi din domeniul afacerilor.<\/li><li>Profesori \u00een programe VET legate de design, afaceri \u0219i mobilier.<\/li><\/ul>\n<\/div>\n<\/div>\n\n\n\n<div class=\"is-layout-flex wp-container-12 wp-block-columns has-2-columns\">\n<div class=\"is-layout-flow wp-block-column\">\n<div class=\"wp-block-image is-resized\"><figure class=\"aligncenter is-resized\"><figure><img decoding=\"async\" src=\"https:\/\/facetproject.eu\/wp-content\/uploads\/2019\/12\/bright-bulb-close-up-conceptual-269318.jpg\" alt=\"\" class=\"wp-image-1072\"><\/figure><\/figure><\/div>\n<\/div>\n\n\n\n<div class=\"is-layout-flow wp-block-column\">\n<h3><strong>Rezultate intelectuale<\/strong><\/h3>\n\n\n\n<p><strong>O1-Curriculum FACET<\/strong><\/p>\n\n\n\n<p>Data \u00eenceperii: 01\/11\/2018 - Data finaliz\u0103rii: 31\/03\/2019 (5 luni)<\/p>\n\n\n\n<p><strong>O2-Curs FACET on-line<\/strong><\/p>\n\n\n\n<p>Data \u00eenceperii: 14\/01\/2019 - Data finaliz\u0103rii: 30\/06\/2020 (15 luni)<\/p>\n\n\n\n<p><strong>O3- Instrument FACET de \u00eenv\u0103\u021bare bazat pe lucru<\/strong><\/p>\n\n\n\n<p>Data \u00eenceperii: 01\/09\/2019 - Data finaliz\u0103rii: 30\/11\/2020 (15 luni)<\/p>\n\n\n\n<p><strong>O4- Ghid FACET pentru formatori<\/strong><\/p>\n\n\n\n<p>Data \u00eenceperii: 01\/07\/2020 - Data finaliz\u0103rii: 30\/11\/2020 (17 luni)<\/p>\n<\/div>\n<\/div>","protected":false},"excerpt":{"rendered":"<p>The context Although EU furniture manufacturers have good reputation worldwide regarding design, only a few companies are trendsetters while most of companies, especially SMEs, are followers. In the highly- competitive context that furniture companies are facing, they need to be more creative and entrepreneur, meaning not only starting new businesses but being able to commercialize [&hellip;]<\/p>","protected":false},"author":1,"featured_media":0,"parent":0,"menu_order":0,"comment_status":"closed","ping_status":"closed","template":"page-full-width.php","meta":[],"_links":{"self":[{"href":"https:\/\/facetproject.eu\/ro\/wp-json\/wp\/v2\/pages\/23"}],"collection":[{"href":"https:\/\/facetproject.eu\/ro\/wp-json\/wp\/v2\/pages"}],"about":[{"href":"https:\/\/facetproject.eu\/ro\/wp-json\/wp\/v2\/types\/page"}],"author":[{"embeddable":true,"href":"https:\/\/facetproject.eu\/ro\/wp-json\/wp\/v2\/users\/1"}],"replies":[{"embeddable":true,"href":"https:\/\/facetproject.eu\/ro\/wp-json\/wp\/v2\/comments?post=23"}],"version-history":[{"count":97,"href":"https:\/\/facetproject.eu\/ro\/wp-json\/wp\/v2\/pages\/23\/revisions"}],"predecessor-version":[{"id":1239,"href":"https:\/\/facetproject.eu\/ro\/wp-json\/wp\/v2\/pages\/23\/revisions\/1239"}],"wp:attachment":[{"href":"https:\/\/facetproject.eu\/ro\/wp-json\/wp\/v2\/media?parent=23"}],"curies":[{"name":"wp","href":"https:\/\/api.w.org\/{rel}","templated":true}]}}