{"id":182,"date":"2019-06-12T19:01:50","date_gmt":"2019-06-12T19:01:50","guid":{"rendered":"https:\/\/facetproject.eu\/?page_id=182"},"modified":"2019-09-18T10:20:56","modified_gmt":"2019-09-18T10:20:56","slug":"creativity-and-entrepreneurship","status":"publish","type":"page","link":"https:\/\/facetproject.eu\/ro\/creativity-and-entrepreneurship\/","title":{"rendered":"Creativitate \u015fi antreprenoriat"},"content":{"rendered":"<div class=\"is-layout-flex wp-container-3 wp-block-columns has-2-columns\">\n<div class=\"is-layout-flow wp-block-column\">\n<p>Industria produc\u021biei de mobil\u0103 din UE a fost grav afectat\u0103 de criza recent\u0103 \u0219i a suferit modific\u0103ri semnificative pentru a deveni mai orientat\u0103 c\u0103tre export \u0219i pentru a se concentra pe modernizarea calit\u0103\u021bii, designului \u0219i inov\u0103rii. Aceste schimb\u0103ri includ restructurarea, progresele tehnologice \u0219i inova\u021biile modelului de afaceri, dar necesit\u0103  \u015fi investi\u021bii continue \u00een competen\u021be, design, creativitate, cercetare, inova\u021bie \u0219i noi tehnologii.<\/p>\n\n\n\n<p>De\u0219i produc\u0103torii de mobilier din UE au o bun\u0103 reputa\u021bie la nivel mondial \u00een ceea ce prive\u0219te designul \u0219i creativitatea, doar pu\u021bine companii sunt formatoare de opinie, \u00een timp ce majoritatea companiilor sunt adepte, \u00een special IMM-urile.<\/p>\n\n\n\n<p>Inovarea a devenit un instrument foarte important pentru competitivitatea firmelor, iar succesul pe termen lung al firmelor va depinde de abilit\u0103\u021bile lor de a fi inovatoare (Leavengood, 2009). \u00cen plus, pe pie\u021bele competitive, adaptarea schimb\u0103rilor prin inova\u021bie este necesar\u0103 pentru ca \u00eentreprinderile s\u0103 supravie\u021buiasc\u0103 (Bullard \u0219i West, 2002).<\/p>\n\n\n\n<p>Inova\u021bia necesit\u0103 competen\u021be de ini\u021biativ\u0103 \u0219i antreprenoriat, care se refer\u0103 la capacitatea de a transforma ideile \u00een ac\u021biune. Aceasta implic\u0103 creativitate, inova\u021bie \u0219i asumarea riscurilor, precum \u0219i capacitatea de a planifica \u0219i gestiona proiecte pentru atingerea obiectivelor. \u00cen aceast\u0103 perspectiv\u0103, Forumul Economic Mondial a ar\u0103tat c\u0103 primele 3 abilit\u0103\u021bi care au devenit indispensabile \u00een UE 2020 sunt: rezolvarea complex\u0103 a problemelor, g\u00e2ndirea critic\u0103 \u0219i creativitatea. \u00cen contextul extrem de competitiv, companiile de mobilier trebuie s\u0103 fie mai creative \u0219i mai \u00eentreprinz\u0103toare, nu numai s\u0103 \u00eenceap\u0103 noi afaceri, ci \u0219i s\u0103 poat\u0103 comercializa produse \u0219i servicii noi \u015fi valoroase.<\/p>\n<\/div>\n\n\n\n<div class=\"is-layout-flow wp-block-column\">\n<figure class=\"wp-block-image\"><img decoding=\"async\" loading=\"lazy\" width=\"715\" height=\"480\" src=\"https:\/\/facetproject.eu\/wp-content\/uploads\/2019\/09\/image2_creativityentrepreneurship-01.png\" alt=\"\" class=\"wp-image-1154\" srcset=\"https:\/\/facetproject.eu\/wp-content\/uploads\/2019\/09\/image2_creativityentrepreneurship-01.png 715w, https:\/\/facetproject.eu\/wp-content\/uploads\/2019\/09\/image2_creativityentrepreneurship-01-300x201.png 300w, https:\/\/facetproject.eu\/wp-content\/uploads\/2019\/09\/image2_creativityentrepreneurship-01-447x300.png 447w\" sizes=\"(max-width: 715px) 100vw, 715px\" \/><\/figure>\n\n\n\n<p><\/p>\n<\/div>\n<\/div>","protected":false},"excerpt":{"rendered":"<p>The EU furniture manufacturing industry has been severely hit by recent crisis and underwent significant changes to become more export-oriented and to focus on upgrading quality, design, and innovation. These changes include restructuring, technological advances, and business model innovations, but it needs continuing investment in skills, design, creativity, research, innovation, and new technologies. Although EU [&hellip;]<\/p>","protected":false},"author":3,"featured_media":0,"parent":0,"menu_order":0,"comment_status":"closed","ping_status":"closed","template":"page-full-width.php","meta":[],"_links":{"self":[{"href":"https:\/\/facetproject.eu\/ro\/wp-json\/wp\/v2\/pages\/182"}],"collection":[{"href":"https:\/\/facetproject.eu\/ro\/wp-json\/wp\/v2\/pages"}],"about":[{"href":"https:\/\/facetproject.eu\/ro\/wp-json\/wp\/v2\/types\/page"}],"author":[{"embeddable":true,"href":"https:\/\/facetproject.eu\/ro\/wp-json\/wp\/v2\/users\/3"}],"replies":[{"embeddable":true,"href":"https:\/\/facetproject.eu\/ro\/wp-json\/wp\/v2\/comments?post=182"}],"version-history":[{"count":29,"href":"https:\/\/facetproject.eu\/ro\/wp-json\/wp\/v2\/pages\/182\/revisions"}],"predecessor-version":[{"id":1155,"href":"https:\/\/facetproject.eu\/ro\/wp-json\/wp\/v2\/pages\/182\/revisions\/1155"}],"wp:attachment":[{"href":"https:\/\/facetproject.eu\/ro\/wp-json\/wp\/v2\/media?parent=182"}],"curies":[{"name":"wp","href":"https:\/\/api.w.org\/{rel}","templated":true}]}}