{"id":1290,"date":"2020-10-08T10:45:26","date_gmt":"2020-10-08T10:45:26","guid":{"rendered":"https:\/\/facetproject.eu\/?page_id=1290"},"modified":"2020-12-09T15:39:59","modified_gmt":"2020-12-09T15:39:59","slug":"pilot-course","status":"publish","type":"page","link":"https:\/\/facetproject.eu\/ro\/pilot-course\/","title":{"rendered":"Cursul online \u201eCreativitate \u0219i antreprenoriat \u00een sectorul mobilierului\u201d"},"content":{"rendered":"<div class=\"is-layout-flex wp-container-3 wp-block-columns has-2-columns\">\n<div class=\"is-layout-flow wp-block-column\">\n<figure class=\"wp-block-embed-youtube aligncenter wp-block-embed is-type-video is-provider-youtube wp-embed-aspect-16-9 wp-has-aspect-ratio\"><div class=\"wp-block-embed__wrapper\">\n<iframe loading=\"lazy\" title=\"FACET \u2014 Pilot course HD\" width=\"750\" height=\"422\" src=\"https:\/\/www.youtube.com\/embed\/q5dQbcj3MAM?feature=oembed\" frameborder=\"0\" allow=\"accelerometer; autoplay; clipboard-write; encrypted-media; gyroscope; picture-in-picture\" allowfullscreen><\/iframe>\n<\/div><figcaption>Subtitr\u0103rile video sunt disponibile \u00een 6 limbi<\/figcaption><\/figure>\n<\/div>\n\n\n\n<div class=\"is-layout-flow wp-block-column\">\n<div style=\"height:60px\" aria-hidden=\"true\" class=\"wp-block-spacer\"><\/div>\n\n\n\n<p style=\"text-align:center\"><em><strong>Dori\u021bi s\u0103 \u00eencepe\u021bi un proiect inovator sau creativ<\/strong><\/em><br><em><strong>\u00een industria mobilei? <\/strong><\/em><\/p>\n\n\n\n<hr class=\"wp-block-separator\"\/>\n\n\n\n<p style=\"text-align:center\"><em><strong>Cunoa\u0219te\u021bi tehnicile \u0219i instrumentele pentru a v\u0103 spori <\/strong><\/em><br><em><strong>creativitatea \u0219i inova\u021bia? <\/strong><\/em><\/p>\n\n\n\n<hr class=\"wp-block-separator\"\/>\n\n\n\n<p style=\"text-align:center\"><em><strong>Dori\u021bi s\u0103 dezvolta\u021bi o g\u00e2ndire mai durabil\u0103 \u0219i mai creativ\u0103 <\/strong><\/em><br><em><strong>\u0219i s\u0103 o aplica\u021bi proiectelor dvs.?<\/strong><\/em><\/p>\n\n\n\n<div style=\"height:60px\" aria-hidden=\"true\" class=\"wp-block-spacer\"><\/div>\n\n\n\n<div class=\"wp-block-button aligncenter\"><a class=\"wp-block-button__link has-background\" href=\"https:\/\/facet.erasmusplus.website\/\" style=\"background-color:#aa0352\">Acceseaza cursul<\/a><\/div>\n<\/div>\n<\/div>\n\n\n\n<div style=\"height:40px\" aria-hidden=\"true\" class=\"wp-block-spacer\"><\/div>\n\n\n\n<div style=\"height:40px\" aria-hidden=\"true\" class=\"wp-block-spacer\"><\/div>\n\n\n\n<hr class=\"wp-block-separator\"\/>\n\n\n\n<p>Inovarea necesit\u0103 ini\u021biativ\u0103 \u0219i competen\u021be de antreprenoriat, care se refer\u0103 la capacitatea de&nbsp;<strong>a transforma ideile \u00een ac\u021biuni<\/strong>. Este nevoie de creativitate \u0219i capacitate de&nbsp;<strong>a planifica \u0219i gestiona proiecte pentru a atinge obiective.<\/strong>&nbsp;Companiile de mobilier au nevoie de profesioni\u0219ti mai creativi \u0219i mai antreprenoriali, nu numai pentru a \u00eenfiin\u021ba afaceri noi, ci \u0219i pentru&nbsp;<strong>a comercializa produse noi \u0219i servicii valoroase<\/strong>.<\/p>\n\n\n\n<p>Pentru a dob\u00e2ndi abilit\u0103\u021bile \u0219i competen\u021bele necesare dezvolt\u0103rii creativit\u0103\u021bii \u0219i inov\u0103rii \u00een compania dvs., v\u0103 pute\u021bi \u00eenscrie la&nbsp;<strong>curs de pregatire \u201eCreativitate \u0219i antreprenoriat \u00een sectorul mobilierului\u201d<\/strong>, care este gratuit \u0219i deschis oricui este interesat.<\/p>\n\n\n\n<p>Cursul const\u0103 \u00een&nbsp;<strong>materiale interactive de \u00eenv\u0103\u021bare<\/strong>&nbsp;\u2013 videos, infographics, presentations and quizzes \u2013 and a set of&nbsp;<strong>manuale&nbsp;<\/strong>cu toate informa\u021biile necesare \u0219i lecturi suplimentare pentru a intra \u00een profunzime \u00een mai multe subiecte de interes. Cursul const\u0103 \u00een aproximativ 30 de ore de instruire, \u00eemp\u0103r\u021bite \u00een&nbsp;<strong>6 module diferite<\/strong>:<\/p>\n\n\n\n<ol><li><strong>Creativitate \u0219i g\u00e2ndire creativ\u0103<\/strong>: o privire de ansamblu asupra multiplelor valen\u021be \u0219i straturi de creativitate care permit \u00eembun\u0103t\u0103\u021birea \u0219i dezvoltarea g\u00e2ndirii creative.<\/li><li><strong>Creativitate \u0219i inova\u021bie<\/strong>: axat pe dezvoltarea metodelor pentru a fi creativi \u0219i inovatori \u00een acela\u0219i timp.<\/li><li><strong>Creativitate motiva\u021bional\u0103<\/strong>: o prezentare general\u0103 a motiva\u021biei, a nivelurilor individuale de motiva\u021bie \u0219i a leg\u0103turii lor cu \u00eencrederea, productivitatea \u0219i stabilirea obiectivelor pozitive prin explorarea diferitelor teorii motiva\u021bionale.<\/li><li><strong>Creativitate sustenabil\u0103<\/strong>: prezentarea cuno\u0219tin\u021belor de baz\u0103 despre proiectele sustenabile care utilizeaz\u0103 o g\u00e2ndire creativ\u0103 critic\u0103 \u0219i durabil\u0103: eficien\u021b\u0103 ERM (energie, de\u0219euri, materiale), design ecologic \u0219i economie circular\u0103.<\/li><li><strong>Creativitate \u0219i antreprenoriat<\/strong>: o introducere \u00een no\u021biunile de baz\u0103 ale managementului strategic, subliniind principalele caracteristici personale, care pot fi utile \u00eentr-o pozi\u021bie de conducere.<\/li><li><strong>Instrument bazat pe munc\u0103<\/strong>: un ghid pentru procesele de creare \u0219i implementare a ideilor aplicate proiectelor reale.<\/li><\/ol>","protected":false},"excerpt":{"rendered":"<p>Do you want to start an innovative or creative projectwithin the furniture industry? Are you familiar with techniques and tools to enhance your creativity and innovation? Would you like to develop a more sustainable and creative thinking and apply it to your projects? Innovation requires initiative and entrepreneurship competences, which refers to the ability to&nbsp;turn [&hellip;]<\/p>","protected":false},"author":4,"featured_media":0,"parent":0,"menu_order":0,"comment_status":"closed","ping_status":"closed","template":"page-full-width.php","meta":[],"_links":{"self":[{"href":"https:\/\/facetproject.eu\/ro\/wp-json\/wp\/v2\/pages\/1290"}],"collection":[{"href":"https:\/\/facetproject.eu\/ro\/wp-json\/wp\/v2\/pages"}],"about":[{"href":"https:\/\/facetproject.eu\/ro\/wp-json\/wp\/v2\/types\/page"}],"author":[{"embeddable":true,"href":"https:\/\/facetproject.eu\/ro\/wp-json\/wp\/v2\/users\/4"}],"replies":[{"embeddable":true,"href":"https:\/\/facetproject.eu\/ro\/wp-json\/wp\/v2\/comments?post=1290"}],"version-history":[{"count":21,"href":"https:\/\/facetproject.eu\/ro\/wp-json\/wp\/v2\/pages\/1290\/revisions"}],"predecessor-version":[{"id":1361,"href":"https:\/\/facetproject.eu\/ro\/wp-json\/wp\/v2\/pages\/1290\/revisions\/1361"}],"wp:attachment":[{"href":"https:\/\/facetproject.eu\/ro\/wp-json\/wp\/v2\/media?parent=1290"}],"curies":[{"name":"wp","href":"https:\/\/api.w.org\/{rel}","templated":true}]}}