{"id":1052,"date":"2019-09-17T16:50:51","date_gmt":"2019-09-17T16:50:51","guid":{"rendered":"https:\/\/facetproject.eu\/?page_id=1052"},"modified":"2019-09-18T07:32:05","modified_gmt":"2019-09-18T07:32:05","slug":"ccs","status":"publish","type":"page","link":"https:\/\/facetproject.eu\/ro\/ccs\/","title":{"rendered":""},"content":{"rendered":"<div class=\"is-layout-flex wp-container-3 wp-block-columns has-2-columns\">\n<div class=\"is-layout-flow wp-block-column\">\n<div class=\"wp-block-image\"><figure class=\"aligncenter\"><a href=\"http:\/\/www.ccseducation.com\" target=\"_blank\" rel=\"noopener noreferrer\"><img decoding=\"async\" loading=\"lazy\" width=\"321\" height=\"132\" src=\"https:\/\/facetproject.eu\/wp-content\/uploads\/2019\/09\/css-01.png\" alt=\"\" class=\"wp-image-1111\" srcset=\"https:\/\/facetproject.eu\/wp-content\/uploads\/2019\/09\/css-01.png 321w, https:\/\/facetproject.eu\/wp-content\/uploads\/2019\/09\/css-01-300x123.png 300w\" sizes=\"(max-width: 321px) 100vw, 321px\" \/><\/a><\/figure><\/div>\n<\/div>\n\n\n\n<div class=\"is-layout-flow wp-block-column\">\n<p class=\" translation-block\"><a href=\"http:\/\/www.ccseducation.com\" target=\"_self\"><strong>Crystal Clear Soft (CCS)<\/strong><\/a> este o companie dezvoltatoare de software, care cerceteaz\u0103 \u00een mod activ utiliz\u0103ri inovative ale tehnologiei de ultim\u0103 genera\u021bie \u00een editarea digital\u0103, educa\u021bie, formare \u0219i diseminarea cuno\u0219tin\u021belor. Oferind o solu\u021bie la cheie, de la conceptualizare \u0219i proiectare instructiv\u0103 p\u00e2n\u0103 la testare \u0219i implementare, <strong>CCS<\/strong> a dezvoltat aplica\u021bii utilizate \u00een mii de s\u0103li de clas\u0103 din \u00eentreaga lume! <strong>CCS <\/strong>este, \u00een principal, o companie comercial\u0103, cu prezen\u021b\u0103 interna\u021bional\u0103 \u0219i o list\u0103 impresionant\u0103 de clien\u021bi, \u00een special \u00een sectoarele de editare \u0219i formare corporativ\u0103.<\/p>\n<\/div>\n<\/div>","protected":false},"excerpt":{"rendered":"<p>Crystal Clear Soft (CCS) is a software development company actively researching on innovative uses of state of play technology in digital publishing, education, training and knowledge dissemination. Offering a turn-key solution, from conceptualization and instructional design to testing and deployment, CCS has developed applications used in thousands of classrooms all over the world! CCS is [&hellip;]<\/p>","protected":false},"author":3,"featured_media":0,"parent":0,"menu_order":0,"comment_status":"closed","ping_status":"closed","template":"page-full-width.php","meta":[],"_links":{"self":[{"href":"https:\/\/facetproject.eu\/ro\/wp-json\/wp\/v2\/pages\/1052"}],"collection":[{"href":"https:\/\/facetproject.eu\/ro\/wp-json\/wp\/v2\/pages"}],"about":[{"href":"https:\/\/facetproject.eu\/ro\/wp-json\/wp\/v2\/types\/page"}],"author":[{"embeddable":true,"href":"https:\/\/facetproject.eu\/ro\/wp-json\/wp\/v2\/users\/3"}],"replies":[{"embeddable":true,"href":"https:\/\/facetproject.eu\/ro\/wp-json\/wp\/v2\/comments?post=1052"}],"version-history":[{"count":5,"href":"https:\/\/facetproject.eu\/ro\/wp-json\/wp\/v2\/pages\/1052\/revisions"}],"predecessor-version":[{"id":1119,"href":"https:\/\/facetproject.eu\/ro\/wp-json\/wp\/v2\/pages\/1052\/revisions\/1119"}],"wp:attachment":[{"href":"https:\/\/facetproject.eu\/ro\/wp-json\/wp\/v2\/media?parent=1052"}],"curies":[{"name":"wp","href":"https:\/\/api.w.org\/{rel}","templated":true}]}}