{"id":1048,"date":"2019-09-17T16:49:09","date_gmt":"2019-09-17T16:49:09","guid":{"rendered":"https:\/\/facetproject.eu\/?page_id=1048"},"modified":"2019-09-18T07:33:42","modified_gmt":"2019-09-18T07:33:42","slug":"em","status":"publish","type":"page","link":"https:\/\/facetproject.eu\/ro\/em\/","title":{"rendered":""},"content":{"rendered":"<div class=\"is-layout-flex wp-container-3 wp-block-columns has-2-columns\">\n<div class=\"is-layout-flow wp-block-column\">\n<div class=\"wp-block-image\"><figure class=\"aligncenter\"><figure><a href=\"http:\/\/www.eurocreamerchant.it\/\" target=\"_blank\" rel=\"noopener noreferrer\"><img decoding=\"async\" loading=\"lazy\" width=\"321\" height=\"132\" src=\"https:\/\/facetproject.eu\/wp-content\/uploads\/2019\/09\/eurocreamerchant-01.png\" alt=\"\" class=\"wp-image-1114\" srcset=\"https:\/\/facetproject.eu\/wp-content\/uploads\/2019\/09\/eurocreamerchant-01.png 321w, https:\/\/facetproject.eu\/wp-content\/uploads\/2019\/09\/eurocreamerchant-01-300x123.png 300w\" sizes=\"(max-width: 321px) 100vw, 321px\" \/><\/a><\/figure><\/figure><\/div>\n<\/div>\n\n\n\n<div class=\"is-layout-flow wp-block-column\">\n<p class=\" translation-block\"><a href=\"http:\/\/www.eurocreamerchant.it\/\"><strong>Eurocrea Merchant (EM)<\/strong><\/a> este o companie de consultan\u021b\u0103 \u0219i formare, cu sediul \u00een Italia, cu dou\u0103 birouri situate \u00een Milano \u0219i Napoli. Misiunea noastr\u0103 este de a \u00eembun\u0103t\u0103\u021bi competitivitatea societ\u0103\u021bii europene prin dezvoltarea afacerilor, formarea \u0219i crearea de parteneriate transna\u021bionale. Finan\u021bat\u0103 \u00een urm\u0103 cu mai bine de 20 de ani, de un grup de contabili autoriza\u021bi, <strong>EM <\/strong>este specializat\u0103 \u00een trei domenii principale: a) consiliere \u0219i consultan\u021b\u0103; b) educa\u021bie \u0219i formare; c) proiecte europene.<\/p>\n<\/div>\n<\/div>","protected":false},"excerpt":{"rendered":"<p>Eurocrea Merchant (EM) is a consulting and training company based in Italy, with two offices located in Milan and Naples. Our mission is to improve the competitiveness of the European society through business development, training and creation of transnational partnerships. Funded more than 20 years ago by a group of chartered accountant, EM is specialised [&hellip;]<\/p>","protected":false},"author":3,"featured_media":0,"parent":0,"menu_order":0,"comment_status":"closed","ping_status":"closed","template":"page-full-width.php","meta":[],"_links":{"self":[{"href":"https:\/\/facetproject.eu\/ro\/wp-json\/wp\/v2\/pages\/1048"}],"collection":[{"href":"https:\/\/facetproject.eu\/ro\/wp-json\/wp\/v2\/pages"}],"about":[{"href":"https:\/\/facetproject.eu\/ro\/wp-json\/wp\/v2\/types\/page"}],"author":[{"embeddable":true,"href":"https:\/\/facetproject.eu\/ro\/wp-json\/wp\/v2\/users\/3"}],"replies":[{"embeddable":true,"href":"https:\/\/facetproject.eu\/ro\/wp-json\/wp\/v2\/comments?post=1048"}],"version-history":[{"count":5,"href":"https:\/\/facetproject.eu\/ro\/wp-json\/wp\/v2\/pages\/1048\/revisions"}],"predecessor-version":[{"id":1121,"href":"https:\/\/facetproject.eu\/ro\/wp-json\/wp\/v2\/pages\/1048\/revisions\/1121"}],"wp:attachment":[{"href":"https:\/\/facetproject.eu\/ro\/wp-json\/wp\/v2\/media?parent=1048"}],"curies":[{"name":"wp","href":"https:\/\/api.w.org\/{rel}","templated":true}]}}