{"id":1040,"date":"2019-09-17T16:44:19","date_gmt":"2019-09-17T16:44:19","guid":{"rendered":"https:\/\/facetproject.eu\/?page_id=1040"},"modified":"2019-09-18T07:39:10","modified_gmt":"2019-09-18T07:39:10","slug":"dida","status":"publish","type":"page","link":"https:\/\/facetproject.eu\/ro\/dida\/","title":{"rendered":""},"content":{"rendered":"<div class=\"is-layout-flex wp-container-3 wp-block-columns has-2-columns\">\n<div class=\"is-layout-flow wp-block-column\">\n<div class=\"wp-block-image\"><figure class=\"aligncenter\"><a href=\"https:\/\/www.unifi.it\/\" target=\"_blank\" rel=\"noopener noreferrer\"><img decoding=\"async\" loading=\"lazy\" width=\"320\" height=\"175\" src=\"https:\/\/facetproject.eu\/wp-content\/uploads\/2019\/09\/dida-01.png\" alt=\"\" class=\"wp-image-1122\" srcset=\"https:\/\/facetproject.eu\/wp-content\/uploads\/2019\/09\/dida-01.png 320w, https:\/\/facetproject.eu\/wp-content\/uploads\/2019\/09\/dida-01-300x164.png 300w\" sizes=\"(max-width: 320px) 100vw, 320px\" \/><\/a><\/figure><\/div>\n<\/div>\n\n\n\n<div class=\"is-layout-flow wp-block-column\">\n<p class=\" translation-block\"><strong>Departamentul de Arhitectur\u0103 DIDA (<a href=\"https:\/\/www.unifi.it\/\" target=\"_self\">Universitatea din Floren\u021ba<\/a>)<\/strong>, prin capacitatea sa de a coordona \u0219i integra multiplele dimensiuni ale culturii \u0219tiin\u021bifice \u0219i opera\u021bionale de proiect, joac\u0103 rolul principalului organism de cercetare public\u0103 \u00een domeniul proiectului arhitectural, designului, planificare \u0219i peisaj. Este capabil s\u0103 satisfac\u0103 nevoile de cercetare provenite de la institu\u021bii \u0219i companii care opereaz\u0103 \u00een regiune \u0219i \u00een alte p\u0103r\u021bi \u0219i s\u0103 promoveze \u0219i s\u0103 dezvolte proiecte de cercetare la nivel na\u021bional \u0219i interna\u021bional. Este angajat \u00een transferul inov\u0103rii pentru a sprijini progresul tehnic \u0219i \u0219tiin\u021bific, cultural, social \u0219i productiv al \u00eentregii societ\u0103\u021bi \u0219i, \u00een acela\u0219i timp, p\u0103str\u00e2nd \u0219i dezvolt\u00e2nd abilit\u0103\u021bile de cercetare \u0219i de formare ale <strong>Departamentului de Arhitectur\u0103<\/strong>.<\/p>\n<\/div>\n<\/div>\n\n\n\n<p><\/p>","protected":false},"excerpt":{"rendered":"<p>The Department of Architecture DIDA (University of Florence), through its ability to coordinate and integrate the multiple dimensions of scientific and operational culture of the project, plays the role of main public research organization in the area of architectural project, design, planning and landscape. It is capable of satisfying research needs coming from institutions and [&hellip;]<\/p>","protected":false},"author":3,"featured_media":0,"parent":0,"menu_order":0,"comment_status":"closed","ping_status":"closed","template":"page-full-width.php","meta":[],"_links":{"self":[{"href":"https:\/\/facetproject.eu\/ro\/wp-json\/wp\/v2\/pages\/1040"}],"collection":[{"href":"https:\/\/facetproject.eu\/ro\/wp-json\/wp\/v2\/pages"}],"about":[{"href":"https:\/\/facetproject.eu\/ro\/wp-json\/wp\/v2\/types\/page"}],"author":[{"embeddable":true,"href":"https:\/\/facetproject.eu\/ro\/wp-json\/wp\/v2\/users\/3"}],"replies":[{"embeddable":true,"href":"https:\/\/facetproject.eu\/ro\/wp-json\/wp\/v2\/comments?post=1040"}],"version-history":[{"count":3,"href":"https:\/\/facetproject.eu\/ro\/wp-json\/wp\/v2\/pages\/1040\/revisions"}],"predecessor-version":[{"id":1123,"href":"https:\/\/facetproject.eu\/ro\/wp-json\/wp\/v2\/pages\/1040\/revisions\/1123"}],"wp:attachment":[{"href":"https:\/\/facetproject.eu\/ro\/wp-json\/wp\/v2\/media?parent=1040"}],"curies":[{"name":"wp","href":"https:\/\/api.w.org\/{rel}","templated":true}]}}