{"id":790,"date":"2019-09-11T15:02:19","date_gmt":"2019-09-11T15:02:19","guid":{"rendered":"https:\/\/facetproject.eu\/?page_id=790"},"modified":"2021-03-07T18:39:54","modified_gmt":"2021-03-07T18:39:54","slug":"acn","status":"publish","type":"page","link":"https:\/\/facetproject.eu\/pt\/acn\/","title":{"rendered":""},"content":{"rendered":"<div class=\"is-layout-flex wp-container-3 wp-block-columns has-2-columns\">\n<div class=\"is-layout-flow wp-block-column\">\n<div class=\"wp-block-image\"><a href=\"https:\/\/www.czechfurniture.com\/\" target=\"_blank\" rel=\"noopener noreferrer\"><\/a><figure class=\"aligncenter\"><figure><a href=\"https:\/\/www.czechfurniture.com\/\" target=\"_blank\" rel=\"noopener noreferrer\"><img decoding=\"async\" loading=\"lazy\" width=\"321\" height=\"132\" src=\"https:\/\/facetproject.eu\/wp-content\/uploads\/2019\/09\/acn-01.png\" alt=\"\" class=\"wp-image-1133\" srcset=\"https:\/\/facetproject.eu\/wp-content\/uploads\/2019\/09\/acn-01.png 321w, https:\/\/facetproject.eu\/wp-content\/uploads\/2019\/09\/acn-01-300x123.png 300w\" sizes=\"(max-width: 321px) 100vw, 321px\" \/><\/a><\/figure><\/figure><\/div>\n<\/div>\n\n\n\n<div class=\"is-layout-flow wp-block-column\">\n<p class=\" translation-block\">The goal of the <a href=\"https:\/\/www.czechfurniture.com\/\" target=\"_self\" rel=\"noreferrer noopener\" aria-label=\"Association of Czech Furniture&nbsp;Makers (opens in a new tab)\">Association of Czech Furniture&nbsp;Makers<\/a>&nbsp;is the&nbsp;maximum customer satisfaction with the furniture and the services provided.<\/p>\n\n\n\n<p>A Associa\u00e7\u00e3o dos Fabricantes de Mobili\u00e1rio Checos foi criada em 1997 com base nas ideias de v\u00e1rios empres\u00e1rios envolvidos na produ\u00e7\u00e3o de mobili\u00e1rio. A inten\u00e7\u00e3o de um trabalho honesto e de servi\u00e7os funcionais come\u00e7ou a atrair outros empres\u00e1rios, que levam a s\u00e9rio os seus neg\u00f3cios na \u00e1rea de produ\u00e7\u00e3o de mobili\u00e1rio. A maior associa\u00e7\u00e3o profissional de fabricantes de mobili\u00e1rio da Rep\u00fablica Checa come\u00e7ou a formar-se. A atual Associa\u00e7\u00e3o de Fabricantes de Mobili\u00e1rio Checos re\u00fane empres\u00e1rios que produzem v\u00e1rios tipos de mobili\u00e1rio e utilizam diversos materiais.&nbsp;<\/p>\n\n\n\n<p>A Associa\u00e7\u00e3o dos Fabricantes de Mobili\u00e1rio Checos sempre cuidou com  seriedade os seus membros. A reputa\u00e7\u00e3o e o profissionalismo das empresas associadas s\u00e3o a nossa prioridade n\u00famero um. A Associa\u00e7\u00e3o est\u00e1 aberta apenas a empresas que respeitem os princ\u00edpios morais e legais. A ades\u00e3o a uma associa\u00e7\u00e3o t\u00e3o prestigiada \u00e9 uma garantia de integridade e solidez das empresas associadas. Para o cliente, \u00e9 um sinal claro da seguran\u00e7a e seguran\u00e7a dos m\u00f3veis adquiridos.<\/p>\n\n\n\n<p>As empresas associadas \u00e0 Associa\u00e7\u00e3o dos Fabricantes de Mobili\u00e1rio Checos expressam o seu interesse em prol de um maior desenvolvimento do setor na Rep\u00fablica Checa.<br><\/p>\n<\/div>\n<\/div>","protected":false},"excerpt":{"rendered":"<p>The goal of the Association of Czech Furniture\u00a0Makers\u00a0is the\u00a0maximum customer satisfaction with the furniture and the services provided. The&nbsp;Association of Czech&nbsp;Furniture Makers&nbsp;was established in&nbsp;1997 based on the thoughts of several entrepreneurs&nbsp;engaged in the production of furniture. The intention of honest work and functioning services soon began to attract other entrepreneurs, who are serious about their [&hellip;]<\/p>","protected":false},"author":3,"featured_media":0,"parent":0,"menu_order":0,"comment_status":"closed","ping_status":"closed","template":"page-full-width.php","meta":[],"_links":{"self":[{"href":"https:\/\/facetproject.eu\/pt\/wp-json\/wp\/v2\/pages\/790"}],"collection":[{"href":"https:\/\/facetproject.eu\/pt\/wp-json\/wp\/v2\/pages"}],"about":[{"href":"https:\/\/facetproject.eu\/pt\/wp-json\/wp\/v2\/types\/page"}],"author":[{"embeddable":true,"href":"https:\/\/facetproject.eu\/pt\/wp-json\/wp\/v2\/users\/3"}],"replies":[{"embeddable":true,"href":"https:\/\/facetproject.eu\/pt\/wp-json\/wp\/v2\/comments?post=790"}],"version-history":[{"count":9,"href":"https:\/\/facetproject.eu\/pt\/wp-json\/wp\/v2\/pages\/790\/revisions"}],"predecessor-version":[{"id":1407,"href":"https:\/\/facetproject.eu\/pt\/wp-json\/wp\/v2\/pages\/790\/revisions\/1407"}],"wp:attachment":[{"href":"https:\/\/facetproject.eu\/pt\/wp-json\/wp\/v2\/media?parent=790"}],"curies":[{"name":"wp","href":"https:\/\/api.w.org\/{rel}","templated":true}]}}