{"id":785,"date":"2019-09-11T14:57:28","date_gmt":"2019-09-11T14:57:28","guid":{"rendered":"https:\/\/facetproject.eu\/?page_id=785"},"modified":"2019-09-18T07:53:48","modified_gmt":"2019-09-18T07:53:48","slug":"cfpimm","status":"publish","type":"page","link":"https:\/\/facetproject.eu\/pt\/cfpimm\/","title":{"rendered":""},"content":{"rendered":"<div class=\"is-layout-flex wp-container-3 wp-block-columns has-2-columns\">\n<div class=\"is-layout-flow wp-block-column\">\n<div class=\"wp-block-image\"><a href=\"http:\/\/cfpimm.pt\/\" target=\"_blank\" rel=\"noopener noreferrer\"><figure class=\"aligncenter\"><img decoding=\"async\" loading=\"lazy\" width=\"320\" height=\"198\" src=\"https:\/\/facetproject.eu\/wp-content\/uploads\/2019\/08\/CFPIMM.png\" alt=\"\" class=\"wp-image-635\" srcset=\"https:\/\/facetproject.eu\/wp-content\/uploads\/2019\/08\/CFPIMM.png 320w, https:\/\/facetproject.eu\/wp-content\/uploads\/2019\/08\/CFPIMM-300x186.png 300w\" sizes=\"(max-width: 320px) 100vw, 320px\" \/><\/a><\/figure><\/div>\n<\/div>\n\n\n\n<div class=\"is-layout-flow wp-block-column\">\n<p class=\" translation-block\">O <a href=\"http:\/\/cfpimm.pt\/\" target=\"_self\"><strong>Centro de Forma\u00e7\u00e3o Profissional das Ind\u00fastrias da Madeira e Mobili\u00e1rio (CFPIMM)<\/strong><\/a> \u00e9 uma organiza\u00e7\u00e3o p\u00fablica sem fins lucrativos, criada por protocolo celebrado entre o Instituto de Emprego e Forma\u00e7\u00e3o Profissional - IEFP e a Associa\u00e7\u00e3o das Ind\u00fastrias da Madeira e Mobili\u00e1rio Portugal - AIMMP, cujo objetivo \u00e9 agregar valor aos Recursos Humanos das Ind\u00fastrias de Madeira e Mobili\u00e1rio.<\/p>\n\n\n\n<p class=\" translation-block\">Dotado de t\u00e9cnicos com uma ampla experi\u00eancia em forma\u00e7\u00e3o e com a colabora\u00e7\u00e3o de formadores com forma\u00e7\u00e3o pedag\u00f3gica e verdadeiro conhecimento da ind\u00fastria, o <b>CFPIMM<\/b> disp\u00f5e de instala\u00e7\u00f5es de alta qualidade com os mais recentes meios pedag\u00f3gicos e equipamentos oficinais.<\/p>\n\n\n\n<p class=\" translation-block\">A atividade do <b>CFPIMM<\/b> \u00e9 direcionada para v\u00e1rios p\u00fablicos com necessidades diferenciadas (jovens, trabalhadores, desempregados e empresas) e oferece diversas \u00e1reas de forma\u00e7\u00e3o, como Desenho Assistido por Computador, Tecnologia CNC, Gest\u00e3o da Produ\u00e7\u00e3o, Estofos, Acabamento e Manuten\u00e7\u00e3o Industrial.<\/p>\n<\/div>\n<\/div>","protected":false},"excerpt":{"rendered":"<p>The Vocational Training Centre of Wood and Furniture Industries (CFPIMM) is a public and non-profit organisation, created by protocol celebrated between the Institute of Employment and Vocational Training \u2013 IEFP, and the Association of Industries of Wood and Furniture Portugal \u2013 AIMMP, whose objective is to give added value to the Human Resources of the [&hellip;]<\/p>","protected":false},"author":3,"featured_media":0,"parent":0,"menu_order":0,"comment_status":"closed","ping_status":"closed","template":"page-full-width.php","meta":[],"_links":{"self":[{"href":"https:\/\/facetproject.eu\/pt\/wp-json\/wp\/v2\/pages\/785"}],"collection":[{"href":"https:\/\/facetproject.eu\/pt\/wp-json\/wp\/v2\/pages"}],"about":[{"href":"https:\/\/facetproject.eu\/pt\/wp-json\/wp\/v2\/types\/page"}],"author":[{"embeddable":true,"href":"https:\/\/facetproject.eu\/pt\/wp-json\/wp\/v2\/users\/3"}],"replies":[{"embeddable":true,"href":"https:\/\/facetproject.eu\/pt\/wp-json\/wp\/v2\/comments?post=785"}],"version-history":[{"count":9,"href":"https:\/\/facetproject.eu\/pt\/wp-json\/wp\/v2\/pages\/785\/revisions"}],"predecessor-version":[{"id":1143,"href":"https:\/\/facetproject.eu\/pt\/wp-json\/wp\/v2\/pages\/785\/revisions\/1143"}],"wp:attachment":[{"href":"https:\/\/facetproject.eu\/pt\/wp-json\/wp\/v2\/media?parent=785"}],"curies":[{"name":"wp","href":"https:\/\/api.w.org\/{rel}","templated":true}]}}