{"id":779,"date":"2019-09-11T14:42:25","date_gmt":"2019-09-11T14:42:25","guid":{"rendered":"https:\/\/facetproject.eu\/?page_id=779"},"modified":"2019-09-18T07:58:01","modified_gmt":"2019-09-18T07:58:01","slug":"did","status":"publish","type":"page","link":"https:\/\/facetproject.eu\/pt\/did\/","title":{"rendered":""},"content":{"rendered":"<div class=\"is-layout-flex wp-container-3 wp-block-columns has-2-columns\">\n<div class=\"is-layout-flow wp-block-column\">\n<div class=\"wp-block-image\"><figure class=\"aligncenter\"><a href=\"http:\/\/www.distrettointerniedesign.it\" target=\"_blank\" rel=\"noopener noreferrer\"><img decoding=\"async\" loading=\"lazy\" width=\"321\" height=\"254\" src=\"https:\/\/facetproject.eu\/wp-content\/uploads\/2019\/09\/did-01.png\" alt=\"\" class=\"wp-image-1144\" srcset=\"https:\/\/facetproject.eu\/wp-content\/uploads\/2019\/09\/did-01.png 321w, https:\/\/facetproject.eu\/wp-content\/uploads\/2019\/09\/did-01-300x237.png 300w\" sizes=\"(max-width: 321px) 100vw, 321px\" \/><\/a><\/figure><\/div>\n\n\n\n<p><\/p>\n<\/div>\n\n\n\n<div class=\"is-layout-flow wp-block-column\">\n<p class=\" translation-block\">O <strong><a href=\"http:\/\/www.distrettointerniedesign.it\" target=\"_self\">Cluster Tecnol\u00f3gico da Toscana para Interiores e Design DID<\/a><\/strong> est\u00e1 focado na inova\u00e7\u00e3o e na transfer\u00eancia tecnol\u00f3gica relacionada com os interiores das casas, ve\u00edculos de recreio n\u00e1utico e inova\u00e7\u00e3o em design, em geral.<\/p>\n\n\n\n<p class=\" translation-block\">\u00c9 formado por 5 centros de promo\u00e7\u00e3o e inclui associa\u00e7\u00f5es empresariais. A participa\u00e7\u00e3o das organiza\u00e7\u00f5es de investiga\u00e7\u00e3o \u00e9 estrat\u00e9gica, pois o foco do DID \u00e9 trazer compet\u00eancias para as empresas, principalmente para as PME, a fim de desenvolver processos de Investiga\u00e7\u00e3o &amp; Desenvolvimento.<\/p>\n\n\n\n<p class=\" translation-block\">O cluster tecnol\u00f3gico do DID concentra-se em v\u00e1rios setores industriais, possui uma vis\u00e3o multidisciplinar e nasce naturalmente para o desenvolvimento de atividades relacionadas a Investiga\u00e7\u00e3o &amp; Desenvolvimento, forma\u00e7\u00e3o e internacionaliza\u00e7\u00e3o para todos os seus membros. As redes de organiza\u00e7\u00f5es de investiga\u00e7\u00e3o e atores internacionais que o DID coloca em coopera\u00e7\u00e3o com empresas membros s\u00e3o relacionamentos consistentes, com vis\u00f5es muito concretas.<\/p>\n\n\n\n<p>Servi\u00e7os de suporte prestados: <\/p>\n\n\n\n<ul><li>Servi\u00e7o de apoio ao p\u00fablico (programas regionais \/ nacionais, cupons de inova\u00e7\u00e3o, etc.)<\/li><li>Facilitar a colabora\u00e7\u00e3o entre membros<\/li><li>Apoiar a transfer\u00eancia de conhecimento<\/li><li>Gest\u00e3o da inova\u00e7\u00e3o \/ Apoio a processos de inova\u00e7\u00e3o (internos, externos)<\/li><\/ul>\n\n\n\n<p><\/p>\n<\/div>\n<\/div>\n\n\n\n<p><\/p>","protected":false},"excerpt":{"rendered":"<p>The Tuscan Technological Cluster for Interiors and Design DID is focused on innovation and technological transfer related to interiors in the home \/ recreational vehicles \/ nautical sectors and design innovation in general. It is formed by 5 promotion centers and includes business associations. The participation of research organizations is strategic as the focus of [&hellip;]<\/p>","protected":false},"author":3,"featured_media":0,"parent":0,"menu_order":0,"comment_status":"closed","ping_status":"closed","template":"page-full-width.php","meta":[],"_links":{"self":[{"href":"https:\/\/facetproject.eu\/pt\/wp-json\/wp\/v2\/pages\/779"}],"collection":[{"href":"https:\/\/facetproject.eu\/pt\/wp-json\/wp\/v2\/pages"}],"about":[{"href":"https:\/\/facetproject.eu\/pt\/wp-json\/wp\/v2\/types\/page"}],"author":[{"embeddable":true,"href":"https:\/\/facetproject.eu\/pt\/wp-json\/wp\/v2\/users\/3"}],"replies":[{"embeddable":true,"href":"https:\/\/facetproject.eu\/pt\/wp-json\/wp\/v2\/comments?post=779"}],"version-history":[{"count":10,"href":"https:\/\/facetproject.eu\/pt\/wp-json\/wp\/v2\/pages\/779\/revisions"}],"predecessor-version":[{"id":1147,"href":"https:\/\/facetproject.eu\/pt\/wp-json\/wp\/v2\/pages\/779\/revisions\/1147"}],"wp:attachment":[{"href":"https:\/\/facetproject.eu\/pt\/wp-json\/wp\/v2\/media?parent=779"}],"curies":[{"name":"wp","href":"https:\/\/api.w.org\/{rel}","templated":true}]}}