{"id":51,"date":"2019-04-16T11:26:29","date_gmt":"2019-04-16T11:26:29","guid":{"rendered":"https:\/\/facetproject.eu\/?page_id=51"},"modified":"2019-12-03T09:57:30","modified_gmt":"2019-12-03T09:57:30","slug":"mesmerize","status":"publish","type":"page","link":"https:\/\/facetproject.eu\/pt\/","title":{"rendered":"Furniture sector Avant-garde Creativity<br\/> and Entrepreneurship Training"},"content":{"rendered":"<hr class=\"wp-block-separator\"\/>\n\n\n\n<div class=\"is-layout-flex wp-container-3 wp-block-columns has-2-columns\">\n<div class=\"is-layout-flow wp-block-column\">\n<div class=\"wp-block-image\"><figure class=\"aligncenter\"><img decoding=\"async\" loading=\"lazy\" width=\"1024\" height=\"661\" src=\"https:\/\/facetproject.eu\/wp-content\/uploads\/2019\/12\/facet-home-1024x661.jpg\" alt=\"\" class=\"wp-image-1236\" srcset=\"https:\/\/facetproject.eu\/wp-content\/uploads\/2019\/12\/facet-home-1024x661.jpg 1024w, https:\/\/facetproject.eu\/wp-content\/uploads\/2019\/12\/facet-home-300x194.jpg 300w, https:\/\/facetproject.eu\/wp-content\/uploads\/2019\/12\/facet-home-768x496.jpg 768w, https:\/\/facetproject.eu\/wp-content\/uploads\/2019\/12\/facet-home-465x300.jpg 465w, https:\/\/facetproject.eu\/wp-content\/uploads\/2019\/12\/facet-home-1140x736.jpg 1140w\" sizes=\"(max-width: 1024px) 100vw, 1024px\" \/><\/figure><\/div>\n<\/div>\n\n\n\n<div class=\"is-layout-flow wp-block-column\">\n<p class=\" translation-block\">O <strong>FACET<\/strong> tem como objetivo desenvolver <strong>ferramentas inovadoras para a forma\u00e7\u00e3o em criatividade e empreendedorismo<\/strong> para o <strong>setor do mobili\u00e1rio e decora\u00e7\u00e3o de interiores<\/strong> para serem usadas no ensino e na forma\u00e7\u00e3o profissional (EFP) inicial e na EFP cont\u00ednua para os trabalhadores.<\/p>\n\n\n\n<p class=\" translation-block\"><strong>As necessidades de conhecimentos e compet\u00eancias profissionais<\/strong> relacionadas com a <strong>criatividade<\/strong> e com o <strong>empreendedorismo<\/strong> ser\u00e3o analisadas considerando o setor. Com base nesta informa\u00e7\u00e3o e an\u00e1lise, ser\u00e3o desenvolvidos um percurso de forma\u00e7\u00e3o e um <strong>curso online<\/strong>. As ferramentas de aprendizagem do curso incluir\u00e3o a aprendizagem no trabalho.<\/p>\n\n\n\n<p>Per\u00edodo de implementa\u00e7\u00e3o: 11\/11\/2018 - 30\/04\/2021<\/p>\n\n\n\n<h4>Resultados aplic\u00e1veis nas empresas<\/h4>\n\n\n\n<ul><li>An\u00e1lise da situa\u00e7\u00e3o atual e das necessidades das empresas \/ profissionais em rela\u00e7\u00e3o \u00e0 criatividade e ao empreendedorismo na ind\u00fastria de mobili\u00e1rio e decora\u00e7\u00e3o de interiores.<\/li><li>Materiais de forma\u00e7\u00e3o e ferramentas de aprendizagem no trabalho em 7 idiomas.<\/li><li>Possibilidade de participar do curso piloto durante a implementa\u00e7\u00e3o do projeto.<\/li><\/ul>\n<\/div>\n<\/div>","protected":false},"excerpt":{"rendered":"<p>FACET aims to develop innovative tools for training in creativity and entrepreneurship for the furniture and home interior sectors to be used for initial vocational education and training (VET), as well as for the continuous VET for workers. Professional skills, knowledge and competencies needs related to creativity and entrepreneurship will be analysed within the sector. [&hellip;]<\/p>","protected":false},"author":1,"featured_media":0,"parent":0,"menu_order":0,"comment_status":"closed","ping_status":"closed","template":"page-full-width.php","meta":[],"_links":{"self":[{"href":"https:\/\/facetproject.eu\/pt\/wp-json\/wp\/v2\/pages\/51"}],"collection":[{"href":"https:\/\/facetproject.eu\/pt\/wp-json\/wp\/v2\/pages"}],"about":[{"href":"https:\/\/facetproject.eu\/pt\/wp-json\/wp\/v2\/types\/page"}],"author":[{"embeddable":true,"href":"https:\/\/facetproject.eu\/pt\/wp-json\/wp\/v2\/users\/1"}],"replies":[{"embeddable":true,"href":"https:\/\/facetproject.eu\/pt\/wp-json\/wp\/v2\/comments?post=51"}],"version-history":[{"count":115,"href":"https:\/\/facetproject.eu\/pt\/wp-json\/wp\/v2\/pages\/51\/revisions"}],"predecessor-version":[{"id":1237,"href":"https:\/\/facetproject.eu\/pt\/wp-json\/wp\/v2\/pages\/51\/revisions\/1237"}],"wp:attachment":[{"href":"https:\/\/facetproject.eu\/pt\/wp-json\/wp\/v2\/media?parent=51"}],"curies":[{"name":"wp","href":"https:\/\/api.w.org\/{rel}","templated":true}]}}