{"id":29,"date":"2019-04-16T11:17:43","date_gmt":"2019-04-16T11:17:43","guid":{"rendered":"https:\/\/facetproject.eu\/?page_id=29"},"modified":"2021-04-29T14:54:27","modified_gmt":"2021-04-29T14:54:27","slug":"downloads","status":"publish","type":"page","link":"https:\/\/facetproject.eu\/pt\/downloads\/","title":{"rendered":"Downloads"},"content":{"rendered":"<p class=\" translation-block\">The publicly available outcomes of the <strong>FACET<\/strong> project are listed below.<\/p>\n\n\n\n<h4><strong>Technical documents<\/strong><\/h4>\n\n\n\n<hr class=\"wp-block-separator\"\/>\n\n\n\n<div class=\"is-layout-flex wp-container-3 wp-block-columns has-2-columns\">\n<div class=\"is-layout-flow wp-block-column\">\n<div class=\"wp-block-media-text alignwide\"><figure class=\"wp-block-media-text__media\"><img decoding=\"async\" loading=\"lazy\" width=\"742\" height=\"906\" src=\"https:\/\/facetproject.eu\/wp-content\/uploads\/2021\/04\/Image-VET.png\" alt=\"\" class=\"wp-image-1416\" srcset=\"https:\/\/facetproject.eu\/wp-content\/uploads\/2021\/04\/Image-VET.png 742w, https:\/\/facetproject.eu\/wp-content\/uploads\/2021\/04\/Image-VET-246x300.png 246w\" sizes=\"(max-width: 742px) 100vw, 742px\" \/><\/figure><div class=\"wp-block-media-text__content\">\n<p><strong>Guia para Formadores \u2013 Educa\u00e7\u00e3o e Forma\u00e7\u00e3o Profissional<\/strong> <\/p>\n\n\n\n<p class=\" translation-block\">O Guia para Formadores da Educa\u00e7\u00e3o e Forma\u00e7\u00e3o Profissional (EFP) explica como usar e aplicar os recursos desenvolvidos no projeto FACET i) o curr\u00edculo, ii) o material de forma\u00e7\u00e3o do curso (MOOC) e iii) a ferramenta de aprendizagem baseada no trabalho (FABT).\n\nGuide \u2013 VET providers (Portuguese version)<\/p>\n<\/div><\/div>\n\n\n\n<p><\/p>\n<\/div>\n\n\n\n<div class=\"is-layout-flow wp-block-column\">\n<div class=\"wp-block-media-text alignwide\"><figure class=\"wp-block-media-text__media\"><img decoding=\"async\" loading=\"lazy\" width=\"742\" height=\"905\" src=\"https:\/\/facetproject.eu\/wp-content\/uploads\/2021\/04\/Image-Companies.png\" alt=\"\" class=\"wp-image-1417\" srcset=\"https:\/\/facetproject.eu\/wp-content\/uploads\/2021\/04\/Image-Companies.png 742w, https:\/\/facetproject.eu\/wp-content\/uploads\/2021\/04\/Image-Companies-246x300.png 246w\" sizes=\"(max-width: 742px) 100vw, 742px\" \/><\/figure><div class=\"wp-block-media-text__content\">\n<p><strong> Guia para Formadores \u2013 Ind\u00fastrias de Mobili\u00e1rio <\/strong><\/p>\n\n\n\n<p> Este Guia \u00e9 semelhante ao anterior, mas neste caso, \u00e9 direcionado para as empresas e mais especificamente, para os seus gestores de recursos humanos. O Guia ajudar\u00e1 os profissionais criativos das empresas a usar os recursos desenvolvidos no projeto FACET i) o curr\u00edculo, ii) o material de forma\u00e7\u00e3o do curso (MOOC) e iii) a ferramenta de aprendizagem baseada no trabalho (FABT).<br> <br><a href=\"https:\/\/facetproject.eu\/wp-content\/uploads\/2021\/04\/Guide_Trainers-Companies-FINAL-PT.pdf\" target=\"_blank\" rel=\"noreferrer noopener\" aria-label=\" (opens in a new tab)\">Guide - Furniture companies (Portuguese version)<\/a><\/p>\n<\/div><\/div>\n<\/div>\n<\/div>\n\n\n\n<div class=\"is-layout-flex wp-container-6 wp-block-columns has-2-columns\">\n<div class=\"is-layout-flow wp-block-column\">\n<div class=\"wp-block-media-text alignwide\"><figure class=\"wp-block-media-text__media\"><img decoding=\"async\" loading=\"lazy\" width=\"724\" height=\"1024\" src=\"https:\/\/facetproject.eu\/wp-content\/uploads\/2019\/12\/FACET\u2013Curriculum\u2013EN-1-724x1024.jpg\" alt=\"\" class=\"wp-image-1230\" srcset=\"https:\/\/facetproject.eu\/wp-content\/uploads\/2019\/12\/FACET\u2013Curriculum\u2013EN-1-724x1024.jpg 724w, https:\/\/facetproject.eu\/wp-content\/uploads\/2019\/12\/FACET\u2013Curriculum\u2013EN-1-212x300.jpg 212w, https:\/\/facetproject.eu\/wp-content\/uploads\/2019\/12\/FACET\u2013Curriculum\u2013EN-1-768x1086.jpg 768w, https:\/\/facetproject.eu\/wp-content\/uploads\/2019\/12\/FACET\u2013Curriculum\u2013EN-1-1140x1612.jpg 1140w\" sizes=\"(max-width: 724px) 100vw, 724px\" \/><\/figure><div class=\"wp-block-media-text__content\">\n<p><strong>Curriculum<\/strong><\/p>\n\n\n\n<p>O curriculum cont\u00e9m uma vis\u00e3o geral dos cinco m\u00f3dulos de forma\u00e7\u00e3o, com os respetivos objetivos, programa, procedimentos e crit\u00e9rios de avalia\u00e7\u00e3o dos resultados de aprendizagem a serem alcan\u00e7ados em cada m\u00f3dulo, bem como a lista de ocupa\u00e7\u00f5es \/ qualifica\u00e7\u00f5es nas quais cada m\u00f3dulo pode ser integrado.<br><\/p>\n\n\n\n<p><a href=\"https:\/\/facetproject.eu\/wp-content\/uploads\/2019\/12\/FACET%E2%80%93Curriculum%E2%80%93EN.pdf\"><a href=\"https:\/\/facetproject.eu\/wp-content\/uploads\/2019\/11\/FACET-Curriculum-PT.pdf\">Curriculum (Portuguese version)<\/a><\/a><\/p>\n<\/div><\/div>\n<\/div>\n\n\n\n<div class=\"is-layout-flow wp-block-column\">\n<div class=\"wp-block-media-text alignwide\"><figure class=\"wp-block-media-text__media\"><img decoding=\"async\" loading=\"lazy\" width=\"1024\" height=\"768\" src=\"https:\/\/facetproject.eu\/wp-content\/uploads\/2019\/11\/FACET-DIDDIDA-SURVRESULTS_VETPROGRAMS-1024x768.jpg\" alt=\"\" class=\"wp-image-1210\" srcset=\"https:\/\/facetproject.eu\/wp-content\/uploads\/2019\/11\/FACET-DIDDIDA-SURVRESULTS_VETPROGRAMS-1024x768.jpg 1024w, https:\/\/facetproject.eu\/wp-content\/uploads\/2019\/11\/FACET-DIDDIDA-SURVRESULTS_VETPROGRAMS-300x225.jpg 300w, https:\/\/facetproject.eu\/wp-content\/uploads\/2019\/11\/FACET-DIDDIDA-SURVRESULTS_VETPROGRAMS-768x576.jpg 768w, https:\/\/facetproject.eu\/wp-content\/uploads\/2019\/11\/FACET-DIDDIDA-SURVRESULTS_VETPROGRAMS-400x300.jpg 400w, https:\/\/facetproject.eu\/wp-content\/uploads\/2019\/11\/FACET-DIDDIDA-SURVRESULTS_VETPROGRAMS-1140x855.jpg 1140w, https:\/\/facetproject.eu\/wp-content\/uploads\/2019\/11\/FACET-DIDDIDA-SURVRESULTS_VETPROGRAMS.jpg 2000w\" sizes=\"(max-width: 1024px) 100vw, 1024px\" \/><\/figure><div class=\"wp-block-media-text__content\">\n<p><strong>Levantamento de necessidades de forma\u00e7\u00e3o<\/strong> <\/p>\n\n\n\n<p class=\" translation-block\">Um question\u00e1rio foi enviado em cada pa\u00eds parceiro do projeto (60 criativos, 77 empreendedores, 36 formadores \/ professores) para entrar em contacto direto com os grupos-alvo e partes interessadas e, ainda, entender as necessidades em termos de conhecimento e compet\u00eancias relacionadas com a  criatividade e o empreendedorismo no setor do mobili\u00e1rio. <br><br><a rel=\"noreferrer noopener\" href=\"https:\/\/facetproject.eu\/wp-content\/uploads\/2019\/11\/FACET-DIDDIDA-SURVRESULTS_VETPROGRAMS.pdf\" target=\"_self\">Levantamento (vers\u00e3o em Ingl\u00eas)<\/a><\/p>\n<\/div><\/div>\n<\/div>\n<\/div>\n\n\n\n<hr class=\"wp-block-separator is-style-dots\"\/>\n\n\n\n<h4><strong>Dissemination materials<\/strong><\/h4>\n\n\n\n<hr class=\"wp-block-separator\"\/>\n\n\n\n<div class=\"is-layout-flex wp-container-9 wp-block-columns has-2-columns\">\n<div class=\"is-layout-flow wp-block-column\">\n<div class=\"wp-block-media-text alignwide\"><figure class=\"wp-block-media-text__media\"><img decoding=\"async\" loading=\"lazy\" width=\"722\" height=\"1024\" src=\"https:\/\/facetproject.eu\/wp-content\/uploads\/2019\/11\/FACET\u2013Brochure\u2013EN-722x1024.jpg\" alt=\"\" class=\"wp-image-1223\" srcset=\"https:\/\/facetproject.eu\/wp-content\/uploads\/2019\/11\/FACET\u2013Brochure\u2013EN-722x1024.jpg 722w, https:\/\/facetproject.eu\/wp-content\/uploads\/2019\/11\/FACET\u2013Brochure\u2013EN-211x300.jpg 211w, https:\/\/facetproject.eu\/wp-content\/uploads\/2019\/11\/FACET\u2013Brochure\u2013EN-768x1089.jpg 768w, https:\/\/facetproject.eu\/wp-content\/uploads\/2019\/11\/FACET\u2013Brochure\u2013EN-1140x1617.jpg 1140w, https:\/\/facetproject.eu\/wp-content\/uploads\/2019\/11\/FACET\u2013Brochure\u2013EN.jpg 1166w\" sizes=\"(max-width: 722px) 100vw, 722px\" \/><\/figure><div class=\"wp-block-media-text__content\">\n<p><strong>Brochura<\/strong><\/p>\n\n\n\n<p class=\" translation-block\">A brochura cont\u00e9m uma breve apresenta\u00e7\u00e3o dos objetivos, a data de implementa\u00e7\u00e3o e os resultados do projeto FACET. <br><br><a rel=\"noreferrer noopener\" href=\"https:\/\/facetproject.eu\/wp-content\/uploads\/2019\/11\/FACET\u2013Brochure\u2013PT.pdf\" target=\"_self\">Brochura (vers\u00e3o em portugu\u00eas)<\/a><\/p>\n<\/div><\/div>\n<\/div>\n\n\n\n<div class=\"is-layout-flow wp-block-column\">\n<div class=\"wp-block-media-text alignwide\"><figure class=\"wp-block-media-text__media\"><img decoding=\"async\" loading=\"lazy\" width=\"516\" height=\"654\" src=\"https:\/\/facetproject.eu\/wp-content\/uploads\/2020\/01\/facet_newsletter-01.png\" alt=\"\" class=\"wp-image-1281\" srcset=\"https:\/\/facetproject.eu\/wp-content\/uploads\/2020\/01\/facet_newsletter-01.png 516w, https:\/\/facetproject.eu\/wp-content\/uploads\/2020\/01\/facet_newsletter-01-237x300.png 237w\" sizes=\"(max-width: 516px) 100vw, 516px\" \/><\/figure><div class=\"wp-block-media-text__content\">\n<p><strong>Newsletter<\/strong><\/p>\n\n\n\n<p>A newsletter cont\u00e9m as \u00faltimas not\u00edcias relacionadas com o projeto, como o lan\u00e7amento da web, o relat\u00f3rio dos resultados do levantamento das necessidadesde forma\u00e7\u00e3o e a publica\u00e7\u00e3o do curriculum, para al\u00e9m de outras not\u00edcias do setor.<br><br><a rel=\"noreferrer noopener\" href=\"https:\/\/facetproject.eu\/wp-content\/uploads\/2020\/01\/20200122_facet_nl01.html\" target=\"_blank\">Newsletter #1 (vers\u00e3o em Ingl\u00eas)<\/a> <br><a href=\"https:\/\/facetproject.eu\/wp-content\/uploads\/2020\/10\/FACET-NL02.html\" target=\"_blank\" rel=\"noreferrer noopener\" aria-label=\" (opens in a new tab)\">Newsletter #2 (vers\u00e3o em Ingl\u00eas)<\/a> <br><a rel=\"noreferrer noopener\" aria-label=\" (opens in a new tab)\" href=\"https:\/\/facetproject.eu\/wp-content\/uploads\/2020\/12\/FACET-NL03.html\" target=\"_blank\">Newsletter #3 (vers\u00e3o em Ingl\u00eas)<\/a> <br><a rel=\"noreferrer noopener\" aria-label=\" (opens in a new tab)\" href=\"https:\/\/facetproject.eu\/wp-content\/uploads\/2021\/02\/FACET-NL04.html\" target=\"_blank\">Newsletter #4 (vers\u00e3o em Ingl\u00eas)<\/a> <\/p>\n<\/div><\/div>\n<\/div>\n<\/div>","protected":false},"excerpt":{"rendered":"<p>The publicly available outcomes of the FACET project are listed below. Technical documents Guide for trainers &#8211; VET providers The guide for Vocational and Educational Training (VET) trainers explains how to use and apply the resources developed in the FACET project: i) the curriculum, ii) the training material of the course (MOOC) and iii) the [&hellip;]<\/p>","protected":false},"author":1,"featured_media":0,"parent":0,"menu_order":0,"comment_status":"closed","ping_status":"closed","template":"page-full-width.php","meta":[],"_links":{"self":[{"href":"https:\/\/facetproject.eu\/pt\/wp-json\/wp\/v2\/pages\/29"}],"collection":[{"href":"https:\/\/facetproject.eu\/pt\/wp-json\/wp\/v2\/pages"}],"about":[{"href":"https:\/\/facetproject.eu\/pt\/wp-json\/wp\/v2\/types\/page"}],"author":[{"embeddable":true,"href":"https:\/\/facetproject.eu\/pt\/wp-json\/wp\/v2\/users\/1"}],"replies":[{"embeddable":true,"href":"https:\/\/facetproject.eu\/pt\/wp-json\/wp\/v2\/comments?post=29"}],"version-history":[{"count":130,"href":"https:\/\/facetproject.eu\/pt\/wp-json\/wp\/v2\/pages\/29\/revisions"}],"predecessor-version":[{"id":1454,"href":"https:\/\/facetproject.eu\/pt\/wp-json\/wp\/v2\/pages\/29\/revisions\/1454"}],"wp:attachment":[{"href":"https:\/\/facetproject.eu\/pt\/wp-json\/wp\/v2\/media?parent=29"}],"curies":[{"name":"wp","href":"https:\/\/api.w.org\/{rel}","templated":true}]}}