{"id":23,"date":"2019-04-16T11:16:42","date_gmt":"2019-04-16T11:16:42","guid":{"rendered":"https:\/\/facetproject.eu\/?page_id=23"},"modified":"2019-12-03T09:59:46","modified_gmt":"2019-12-03T09:59:46","slug":"project","status":"publish","type":"page","link":"https:\/\/facetproject.eu\/pt\/project\/","title":{"rendered":"Projeto"},"content":{"rendered":"<div class=\"is-layout-flex wp-container-3 wp-block-columns has-2-columns\">\n<div class=\"is-layout-flow wp-block-column\">\n<h3><strong>Contexto<\/strong><\/h3>\n\n\n\n<p class=\" translation-block\">Embora os <b>fabricantes de mobili\u00e1rio da UE<\/b> tenham uma boa reputa\u00e7\u00e3o em todo o mundo em rela\u00e7\u00e3o ao <b>design<\/b>, apenas algumas empresas s\u00e3o pioneiras, a maioria delas, especialmente as PME, s\u00e3o <b>seguidoras<\/b>. Face ao contexto altamente competitivo em que as empresas de mobili\u00e1rio se encontram, <b>elas precisam de ser mais criativas e empreendedoras, o que significa n\u00e3o apenas iniciar novos neg\u00f3cios, mas tamb\u00e9m poder comercializar novos produtos e servi\u00e7os de maior valor acrescentado<\/b>.<\/p>\n<\/div>\n\n\n\n<div class=\"is-layout-flow wp-block-column\">\n<h3><strong>Objetivo principal<\/strong><\/h3>\n\n\n\n<p class=\" translation-block\">O principal objetivo do projeto FACET \u00e9 o desenvolvimento de <b>m\u00e9todos novos e inovadores para fortalecer ainda mais a criatividade e o empreendedorismo nos programas de EFP para a ind\u00fastria de mobili\u00e1rio<\/b>, tanto para a EFP inicial como para a EFP cont\u00ednua, tendo em considera\u00e7\u00e3o a aprendizagem no trabalho.<\/p>\n\n\n\n<p class=\" translation-block\">A forma\u00e7\u00e3o do FACET promover\u00e1 as compet\u00eancias de criatividade e de empreendedorismo dos <b>profissionais da ind\u00fastria de mobili\u00e1rio<\/b>, o que resultar\u00e1 em novos produtos alinhados com as mudan\u00e7as na estrutura populacional, nos estilos de vida e nas tend\u00eancias, bem como em novos modelos de gest\u00e3o e rela\u00e7\u00f5es fornecedor-consumidor.<\/p>\n<\/div>\n<\/div>\n\n\n\n<div class=\"is-layout-flex wp-container-6 wp-block-columns has-2-columns\">\n<div class=\"is-layout-flow wp-block-column\">\n<div class=\"wp-block-image\"><figure class=\"aligncenter\"><img decoding=\"async\" loading=\"lazy\" width=\"481\" height=\"480\" src=\"https:\/\/facetproject.eu\/wp-content\/uploads\/2019\/09\/image1_project.png\" alt=\"\" class=\"wp-image-1156\" srcset=\"https:\/\/facetproject.eu\/wp-content\/uploads\/2019\/09\/image1_project.png 481w, https:\/\/facetproject.eu\/wp-content\/uploads\/2019\/09\/image1_project-150x150.png 150w, https:\/\/facetproject.eu\/wp-content\/uploads\/2019\/09\/image1_project-300x300.png 300w, https:\/\/facetproject.eu\/wp-content\/uploads\/2019\/09\/image1_project-301x300.png 301w\" sizes=\"(max-width: 481px) 100vw, 481px\" \/><\/figure><\/div>\n\n\n\n<p><\/p>\n<\/div>\n\n\n\n<div class=\"is-layout-flow wp-block-column\">\n<h3><strong>Metodologia<\/strong><\/h3>\n\n\n\n<p class=\" translation-block\"><p>  O projeto FACET tem como ponto de partida o <strong>estudo das qualifica\u00e7\u00f5es e ocupa\u00e7\u00f5es da ind\u00fastria do mobili\u00e1rio<\/strong>, a fim de definir os <strong>resultados de aprendizagem<\/strong> a serem inclu\u00eddos no <strong>curr\u00edculo da criatividade e do empreendedorismo para a ind\u00fastria do mobili\u00e1rio<\/strong>, com o feedback dos respetivos trabalhadores.<\/p><\/p>\n\n\n\n<p class=\" translation-block\"><p>  De seguida, o <strong>curr\u00edculo<\/strong> ser\u00e1 criado, definindo as <strong>unidades<\/strong> de forma detalhada: t\u00edtulo gen\u00e9rico, perfis \/ qualifica\u00e7\u00f5es da ESCO, n\u00edvel do QEQ, resultados de aprendizagem, procedimentos e crit\u00e9rios para avalia\u00e7\u00e3o e pontos ECVET.<\/p><\/p>\n\n\n\n<p class=\" translation-block\"><p>  Quando o curr\u00edculoestiver pronto, o <strong>Curso Online FACET<\/strong> ser\u00e1 desenvolvido criando os <strong>conte\u00fados<\/strong>, transformando-os em <strong>objetos e jogos interativos de aprendizagem<\/strong>, integrando-os numa <strong>plataforma de e-learning<\/strong> e implementando um sistema de <strong>crach\u00e1s digitais<\/strong>. Um teste final ser\u00e1 realizado com os p\u00fablicos-alvo, recolhendo os seus coment\u00e1rios e implementado as respetivas melhorias.<\/p><\/p>\n\n\n\n<p class=\" translation-block\"><p><strong>Uma ferramenta de aprendizagem no trabalho<\/strong> ser\u00e1 tamb\u00e9m criada com a\u00a0 implementa\u00e7\u00e3o de um sistema de <strong>crach\u00e1s digitais<\/strong> para permitir o <strong>reconhecimento de compet\u00eancias<\/strong>. Um <strong>teste final<\/strong> ser\u00e1 realizado com os p\u00fablicos-alvo, recolhendo os seus coment\u00e1rios e melhorando a ferramenta de acordo com os resultados do teste. <\/p><\/p>\n\n\n\n<p class=\" translation-block\"><p>  Um <strong>guia para os formadores<\/strong> ser\u00e1 desenvolvido onde se explicar\u00e1 como usar o <strong>curso online<\/strong> e a <strong>ferramenta para a forma\u00e7\u00e3o<\/strong> e como avaliar os resultados de aprendizagem correspondentes, incluindo as melhores pr\u00e1ticas recolhidas dos resultados do teste. <\/p><\/p>\n\n\n\n<p class=\" translation-block\"><p>  Uma vez criados todos os produtos do projeto, os parceiros realizar\u00e3o <strong><em>workshops<\/em><\/strong><strong> de dissemina\u00e7\u00e3o<\/strong> nos seus pa\u00edses, a fim de divulgar os resultados do projeto e obter o feedback das partes interessadas. <\/p><\/p>\n<\/div>\n<\/div>\n\n\n\n<div class=\"is-layout-flex wp-container-9 wp-block-columns has-2-columns\">\n<div class=\"is-layout-flow wp-block-column\">\n<h3><strong>Resultados<\/strong><\/h3>\n\n\n\n<p>A nova forma\u00e7\u00e3o melhorar\u00e1 a capacidade de gerar ideias, obter melhores ideias e transform\u00e1-las em a\u00e7\u00e3o, a fim de alcan\u00e7ar produtos \/ servi\u00e7os \/ modelos de gest\u00e3o de maior valor acrescentado para as empresas.<\/p>\n\n\n\n<p class=\" translation-block\"><p>O projeto desenvolver\u00e1 <strong>produtos (resultados intelectuais) sobre criatividade, empreendedorismo e a sua aplica\u00e7\u00e3o na ind\u00fastria do mobili\u00e1rio<\/strong>. Estes ser\u00e3o abertos e acess\u00edveis gratuitamente no site do projeto: <\/p><\/p>\n\n\n\n<ul><li>Curr\u00edculo;<\/li><li>Curso online;<\/li><li>Ferramenta de aprendizagem no trabalho; e<\/li><li> Guia para formadores. <\/li><\/ul>\n<\/div>\n\n\n\n<div class=\"is-layout-flow wp-block-column\">\n<h3><strong>Grupos-alvo<\/strong><\/h3>\n\n\n\n<p class=\" translation-block\">Os principais <b>grupos-alvo<\/b> do projeto FACET s\u00e3o os seguintes:<\/p>\n\n\n\n<ul><li>Profissionais da ind\u00fastria do mobili\u00e1rio que lidam com inova\u00e7\u00e3o (Designers, Diretores Executivos, Gestores de Marketing).<\/li><li>Estudantes de design, de engenharia de madeira e de gest\u00e3o.<\/li><li>Professores de EFP das \u00e1reas do design, da gest\u00e3o e do mobili\u00e1rio.<\/li><\/ul>\n<\/div>\n<\/div>\n\n\n\n<div class=\"is-layout-flex wp-container-12 wp-block-columns has-2-columns\">\n<div class=\"is-layout-flow wp-block-column\">\n<div class=\"wp-block-image is-resized\"><figure class=\"aligncenter is-resized\"><figure><img decoding=\"async\" src=\"https:\/\/facetproject.eu\/wp-content\/uploads\/2019\/12\/bright-bulb-close-up-conceptual-269318.jpg\" alt=\"\" class=\"wp-image-1072\"><\/figure><\/figure><\/div>\n<\/div>\n\n\n\n<div class=\"is-layout-flow wp-block-column\">\n<h3><strong>Produtos intelectuais<\/strong><\/h3>\n\n\n\n<p><strong>O1- Curr\u00edculo FACET<\/strong><\/p>\n\n\n\n<p>Data de in\u00edcio: 11\/01\/2018 - Data de t\u00e9rmino: 31\/03\/2019 (5 meses)<\/p>\n\n\n\n<p><strong>O2- Curso Online FACET<\/strong><\/p>\n\n\n\n<p>Data de in\u00edcio: 14\/01\/2019 - Data de t\u00e9rmino: 30\/06\/2020 (15 meses)<\/p>\n\n\n\n<p><strong>O3- Ferramenta de aprendizagem no trabalho FACET<\/strong><\/p>\n\n\n\n<p>Data de in\u00edcio: 09\/09\/2019 - Data de t\u00e9rmino: 30\/11\/2020 (15 meses)<\/p>\n\n\n\n<p><strong>O4- Guia para Formadores FACET<\/strong><\/p>\n\n\n\n<p>Data de in\u00edcio: 01\/07\/2020 - Data de t\u00e9rmino: 30\/11\/2020 (17 meses)<\/p>\n<\/div>\n<\/div>","protected":false},"excerpt":{"rendered":"<p>The context Although EU furniture manufacturers have good reputation worldwide regarding design, only a few companies are trendsetters while most of companies, especially SMEs, are followers. In the highly- competitive context that furniture companies are facing, they need to be more creative and entrepreneur, meaning not only starting new businesses but being able to commercialize [&hellip;]<\/p>","protected":false},"author":1,"featured_media":0,"parent":0,"menu_order":0,"comment_status":"closed","ping_status":"closed","template":"page-full-width.php","meta":[],"_links":{"self":[{"href":"https:\/\/facetproject.eu\/pt\/wp-json\/wp\/v2\/pages\/23"}],"collection":[{"href":"https:\/\/facetproject.eu\/pt\/wp-json\/wp\/v2\/pages"}],"about":[{"href":"https:\/\/facetproject.eu\/pt\/wp-json\/wp\/v2\/types\/page"}],"author":[{"embeddable":true,"href":"https:\/\/facetproject.eu\/pt\/wp-json\/wp\/v2\/users\/1"}],"replies":[{"embeddable":true,"href":"https:\/\/facetproject.eu\/pt\/wp-json\/wp\/v2\/comments?post=23"}],"version-history":[{"count":97,"href":"https:\/\/facetproject.eu\/pt\/wp-json\/wp\/v2\/pages\/23\/revisions"}],"predecessor-version":[{"id":1239,"href":"https:\/\/facetproject.eu\/pt\/wp-json\/wp\/v2\/pages\/23\/revisions\/1239"}],"wp:attachment":[{"href":"https:\/\/facetproject.eu\/pt\/wp-json\/wp\/v2\/media?parent=23"}],"curies":[{"name":"wp","href":"https:\/\/api.w.org\/{rel}","templated":true}]}}