{"id":182,"date":"2019-06-12T19:01:50","date_gmt":"2019-06-12T19:01:50","guid":{"rendered":"https:\/\/facetproject.eu\/?page_id=182"},"modified":"2019-09-18T10:20:56","modified_gmt":"2019-09-18T10:20:56","slug":"creativity-and-entrepreneurship","status":"publish","type":"page","link":"https:\/\/facetproject.eu\/pt\/creativity-and-entrepreneurship\/","title":{"rendered":"Criatividade e empreendedorismo"},"content":{"rendered":"<div class=\"is-layout-flex wp-container-3 wp-block-columns has-2-columns\">\n<div class=\"is-layout-flow wp-block-column\">\n<p>A ind\u00fastria de mobili\u00e1rio da UE foi severamente atingida por uma crise recente e sofreu mudan\u00e7as significativas para se tornar mais orientada para a exporta\u00e7\u00e3o e se concentrar na melhoria da qualidade, do design e da inova\u00e7\u00e3o. Essas mudan\u00e7as incluem reestrutura\u00e7\u00f5es, avan\u00e7os tecnol\u00f3gicos e inova\u00e7\u00f5es no modelo de gest\u00e3o, mas precisam de investimentos cont\u00ednuos em compet\u00eancias, design, criatividade, pesquisa, inova\u00e7\u00e3o e novas tecnologias.<\/p>\n\n\n\n<p>Embora a ind\u00fastria de mobili\u00e1rio da UE tenha uma boa reputa\u00e7\u00e3o em todo o mundo em design e criatividade, apenas poucas empresas s\u00e3o pioneiras, a maioria delas s\u00e3o seguidoras, especialmente as PME.<\/p>\n\n\n\n<p>A inova\u00e7\u00e3o tornou-se uma ferramenta muito importante para a competitividade das empresas e o sucesso a longo prazo das mesmas depender\u00e1 da sua capacidade para serem inovadoras (Leavengood, 2009). Al\u00e9m disso, em mercados competitivos, \u00e9 necess\u00e1rio adaptar as mudan\u00e7as atrav\u00e9s da inova\u00e7\u00e3o para que as empresas sobrevivam (Bullard e West, 2002).<\/p>\n\n\n\n<p>A inova\u00e7\u00e3o requer compet\u00eancias de iniciativa e empreendedorismo, que se referem \u00e0 capacidade de transformar ideias em a\u00e7\u00e3o. Envolve criatividade, inova\u00e7\u00e3o e tomada de riscos, bem como a capacidade de planear e desenvolver projetos para alcan\u00e7ar objetivos. Nesta perspetiva, o F\u00f3rum Econ\u00f3mico Mundial mostrou que as tr\u00eas primeiras compet\u00eancias que se tornaram indispens\u00e1veis na UE 2020 s\u00e3o: resolu\u00e7\u00e3o de problemas complexos, pensamento cr\u00edtico e criatividade. Num contexto altamente competitivo, as empresas de mobili\u00e1rio precisam de ser mais criativas e empreendedoras, n\u00e3o iniciando apenas novos neg\u00f3cios, mas tamb\u00e9m comercializando novos produtos e servi\u00e7os de maior valor acrescentado.<\/p>\n<\/div>\n\n\n\n<div class=\"is-layout-flow wp-block-column\">\n<figure class=\"wp-block-image\"><img decoding=\"async\" loading=\"lazy\" width=\"715\" height=\"480\" src=\"https:\/\/facetproject.eu\/wp-content\/uploads\/2019\/09\/image2_creativityentrepreneurship-01.png\" alt=\"\" class=\"wp-image-1154\" srcset=\"https:\/\/facetproject.eu\/wp-content\/uploads\/2019\/09\/image2_creativityentrepreneurship-01.png 715w, https:\/\/facetproject.eu\/wp-content\/uploads\/2019\/09\/image2_creativityentrepreneurship-01-300x201.png 300w, https:\/\/facetproject.eu\/wp-content\/uploads\/2019\/09\/image2_creativityentrepreneurship-01-447x300.png 447w\" sizes=\"(max-width: 715px) 100vw, 715px\" \/><\/figure>\n\n\n\n<p><\/p>\n<\/div>\n<\/div>","protected":false},"excerpt":{"rendered":"<p>The EU furniture manufacturing industry has been severely hit by recent crisis and underwent significant changes to become more export-oriented and to focus on upgrading quality, design, and innovation. These changes include restructuring, technological advances, and business model innovations, but it needs continuing investment in skills, design, creativity, research, innovation, and new technologies. Although EU [&hellip;]<\/p>","protected":false},"author":3,"featured_media":0,"parent":0,"menu_order":0,"comment_status":"closed","ping_status":"closed","template":"page-full-width.php","meta":[],"_links":{"self":[{"href":"https:\/\/facetproject.eu\/pt\/wp-json\/wp\/v2\/pages\/182"}],"collection":[{"href":"https:\/\/facetproject.eu\/pt\/wp-json\/wp\/v2\/pages"}],"about":[{"href":"https:\/\/facetproject.eu\/pt\/wp-json\/wp\/v2\/types\/page"}],"author":[{"embeddable":true,"href":"https:\/\/facetproject.eu\/pt\/wp-json\/wp\/v2\/users\/3"}],"replies":[{"embeddable":true,"href":"https:\/\/facetproject.eu\/pt\/wp-json\/wp\/v2\/comments?post=182"}],"version-history":[{"count":29,"href":"https:\/\/facetproject.eu\/pt\/wp-json\/wp\/v2\/pages\/182\/revisions"}],"predecessor-version":[{"id":1155,"href":"https:\/\/facetproject.eu\/pt\/wp-json\/wp\/v2\/pages\/182\/revisions\/1155"}],"wp:attachment":[{"href":"https:\/\/facetproject.eu\/pt\/wp-json\/wp\/v2\/media?parent=182"}],"curies":[{"name":"wp","href":"https:\/\/api.w.org\/{rel}","templated":true}]}}