{"id":1290,"date":"2020-10-08T10:45:26","date_gmt":"2020-10-08T10:45:26","guid":{"rendered":"https:\/\/facetproject.eu\/?page_id=1290"},"modified":"2020-12-09T15:39:59","modified_gmt":"2020-12-09T15:39:59","slug":"pilot-course","status":"publish","type":"page","link":"https:\/\/facetproject.eu\/pt\/pilot-course\/","title":{"rendered":"Curso online \u201cCriatividade e Empreendedorismo no Setor do Mobili\u00e1rio\u201d"},"content":{"rendered":"<div class=\"is-layout-flex wp-container-3 wp-block-columns has-2-columns\">\n<div class=\"is-layout-flow wp-block-column\">\n<figure class=\"wp-block-embed-youtube aligncenter wp-block-embed is-type-video is-provider-youtube wp-embed-aspect-16-9 wp-has-aspect-ratio\"><div class=\"wp-block-embed__wrapper\">\n<iframe loading=\"lazy\" title=\"FACET \u2014 Pilot course HD\" width=\"750\" height=\"422\" src=\"https:\/\/www.youtube.com\/embed\/q5dQbcj3MAM?feature=oembed\" frameborder=\"0\" allow=\"accelerometer; autoplay; clipboard-write; encrypted-media; gyroscope; picture-in-picture\" allowfullscreen><\/iframe>\n<\/div><figcaption>As legendas do v\u00eddeo est\u00e3o dispon\u00edveis em 6 idiomas<\/figcaption><\/figure>\n<\/div>\n\n\n\n<div class=\"is-layout-flow wp-block-column\">\n<div style=\"height:60px\" aria-hidden=\"true\" class=\"wp-block-spacer\"><\/div>\n\n\n\n<p style=\"text-align:center\"><em><strong>Quer iniciar um projeto inovador ou criativo<\/strong><\/em><br><em><strong>dentro da ind\u00fastria do mobili\u00e1rio? <\/strong><\/em><\/p>\n\n\n\n<hr class=\"wp-block-separator\"\/>\n\n\n\n<p style=\"text-align:center\"><em><strong>Est\u00e1 familiarizado com t\u00e9cnicas e ferramentas para aperfei\u00e7oar <\/strong><\/em><br><em><strong>a sua criatividade e inova\u00e7\u00e3o? <\/strong><\/em><\/p>\n\n\n\n<hr class=\"wp-block-separator\"\/>\n\n\n\n<p style=\"text-align:center\"><em><strong>Gostaria de desenvolver um pensamento mais sustent\u00e1vel e criativo <\/strong><\/em><br><em><strong>e aplic\u00e1-lo aos seus projetos?<\/strong><\/em><\/p>\n\n\n\n<div style=\"height:60px\" aria-hidden=\"true\" class=\"wp-block-spacer\"><\/div>\n\n\n\n<div class=\"wp-block-button aligncenter\"><a class=\"wp-block-button__link has-background\" href=\"https:\/\/facet.erasmusplus.website\/\" style=\"background-color:#aa0352\">Aceder ao curso<\/a><\/div>\n<\/div>\n<\/div>\n\n\n\n<div style=\"height:40px\" aria-hidden=\"true\" class=\"wp-block-spacer\"><\/div>\n\n\n\n<div style=\"height:40px\" aria-hidden=\"true\" class=\"wp-block-spacer\"><\/div>\n\n\n\n<hr class=\"wp-block-separator\"\/>\n\n\n\n<p>A inova\u00e7\u00e3o requer iniciativa e compet\u00eancias empreendedoras, que se referem \u00e0 capacidade de&nbsp;<strong>transformar ideias em a\u00e7\u00f5es<\/strong>. Requer criatividade e capacidade de&nbsp;<strong>planear e gerir projetos para atingir objetivos.<\/strong>&nbsp;Empresas de mobili\u00e1rio precisam de profissionais mais criativas e empreendedores, n\u00e3o s\u00f3 para desenvolver novos neg\u00f3cios, mas tamb\u00e9m para&nbsp;<strong>comercializar novos produtos e servi\u00e7os de valor acrescentado<\/strong>.<\/p>\n\n\n\n<p>Para adquirir as aptid\u00f5es e compet\u00eancias necess\u00e1rias ao desenvolvimento da criatividade e inova\u00e7\u00e3o na sua empresa, pode inscrever-se no&nbsp;<strong>curso de treinamento \u201cCriatividade e Empreendedorismo no Setor do Mobili\u00e1rio\u201d<\/strong>, que \u00e9 gratuito e aberto a todos os interessados.<\/p>\n\n\n\n<p>O curso consiste em&nbsp;<strong>materiais de aprendizagem interativos<\/strong>&nbsp;\u2013 videos, infographics, presentations and quizzes \u2013 and a set of&nbsp;<strong>manuais&nbsp;<\/strong>com todas as informa\u00e7\u00f5es necess\u00e1rias e leituras adicionais para aprofundar os diversos temas de interesse. O curso consiste num conjunto de 30 horas de forma\u00e7\u00e3o dividido em&nbsp;<strong>6 m\u00f3dulos diferentes<\/strong>:<\/p>\n\n\n\n<ol><li><strong>Criatividade e pensamento criativo<\/strong>: uma vis\u00e3o geral sobre as m\u00faltiplas val\u00eancias e camadas de criatividade que permitem aumentar e desenvolver o pensamento criativo.<\/li><li><strong>Criatividade e inova\u00e7\u00e3o<\/strong>: focada no desenvolvimento de m\u00e9todos para ser simultaneamente criativo e inovador.<\/li><li><strong>Criatividade Motivacional<\/strong>: uma vis\u00e3o geral sobre a motiva\u00e7\u00e3o, os n\u00edveis de motiva\u00e7\u00e3o individual e a sua liga\u00e7\u00e3o com a confian\u00e7a, produtividade e defini\u00e7\u00e3o de metas positivas, atrav\u00e9s da an\u00e1lise de diferentes teorias motivacionais.<\/li><li><strong>Criatividade sustent\u00e1vel<\/strong>: apresenta\u00e7\u00e3o de conhecimentos b\u00e1sicos de projetos sustent\u00e1veis \u200b\u200bque empregam o pensamento criativo cr\u00edtico e sustent\u00e1vel: EWM (Energia, Res\u00edduos, Materiais ) efici\u00eancia, eco-design e economia circular.<\/li><li><strong>Criatividade e empreendedorismo<\/strong>: introdu\u00e7\u00e3o \u00e0s no\u00e7\u00f5es b\u00e1sicas de gest\u00e3o estrat\u00e9gica, enfatizando as principais caracter\u00edsticas pessoais, que podem ser \u00fateis numa posi\u00e7\u00e3o de lideran\u00e7a.<\/li><li><strong>Ferramenta baseada no trabalho<\/strong>: um guia para os processos de cria\u00e7\u00e3o e implementa\u00e7\u00e3o de ideias aplicadas a projetos reais.<\/li><\/ol>","protected":false},"excerpt":{"rendered":"<p>Do you want to start an innovative or creative projectwithin the furniture industry? Are you familiar with techniques and tools to enhance your creativity and innovation? Would you like to develop a more sustainable and creative thinking and apply it to your projects? Innovation requires initiative and entrepreneurship competences, which refers to the ability to&nbsp;turn [&hellip;]<\/p>","protected":false},"author":4,"featured_media":0,"parent":0,"menu_order":0,"comment_status":"closed","ping_status":"closed","template":"page-full-width.php","meta":[],"_links":{"self":[{"href":"https:\/\/facetproject.eu\/pt\/wp-json\/wp\/v2\/pages\/1290"}],"collection":[{"href":"https:\/\/facetproject.eu\/pt\/wp-json\/wp\/v2\/pages"}],"about":[{"href":"https:\/\/facetproject.eu\/pt\/wp-json\/wp\/v2\/types\/page"}],"author":[{"embeddable":true,"href":"https:\/\/facetproject.eu\/pt\/wp-json\/wp\/v2\/users\/4"}],"replies":[{"embeddable":true,"href":"https:\/\/facetproject.eu\/pt\/wp-json\/wp\/v2\/comments?post=1290"}],"version-history":[{"count":21,"href":"https:\/\/facetproject.eu\/pt\/wp-json\/wp\/v2\/pages\/1290\/revisions"}],"predecessor-version":[{"id":1361,"href":"https:\/\/facetproject.eu\/pt\/wp-json\/wp\/v2\/pages\/1290\/revisions\/1361"}],"wp:attachment":[{"href":"https:\/\/facetproject.eu\/pt\/wp-json\/wp\/v2\/media?parent=1290"}],"curies":[{"name":"wp","href":"https:\/\/api.w.org\/{rel}","templated":true}]}}