{"id":1044,"date":"2019-09-17T16:47:06","date_gmt":"2019-09-17T16:47:06","guid":{"rendered":"https:\/\/facetproject.eu\/?page_id=1044"},"modified":"2019-09-30T13:48:04","modified_gmt":"2019-09-30T13:48:04","slug":"ubrasov","status":"publish","type":"page","link":"https:\/\/facetproject.eu\/pt\/ubrasov\/","title":{"rendered":""},"content":{"rendered":"<div class=\"is-layout-flex wp-container-3 wp-block-columns has-2-columns\">\n<div class=\"is-layout-flow wp-block-column\">\n<div class=\"wp-block-image\"><figure class=\"aligncenter\"><a href=\"https:\/\/www.unitbv.ro\/en\/\" target=\"_blank\" rel=\"noopener noreferrer\"><img decoding=\"async\" loading=\"lazy\" width=\"310\" height=\"131\" src=\"https:\/\/facetproject.eu\/wp-content\/uploads\/2019\/09\/TUB.png\" alt=\"\" class=\"wp-image-1116\" srcset=\"https:\/\/facetproject.eu\/wp-content\/uploads\/2019\/09\/TUB.png 310w, https:\/\/facetproject.eu\/wp-content\/uploads\/2019\/09\/TUB-300x127.png 300w\" sizes=\"(max-width: 310px) 100vw, 310px\" \/><\/a><\/figure><\/div>\n\n\n\n<p><\/p>\n<\/div>\n\n\n\n<div class=\"is-layout-flow wp-block-column\">\n<p class=\" translation-block\"><p>Durante os seus 70 anos de exist\u00eancia, a <strong><a href=\"https:\/\/www.unitbv.ro\/en\/\" target=\"_self\">Universidade Transilv\u00e2nia de Brasov<\/a><\/strong> tornou-se uma institui\u00e7\u00e3o verdadeiramente prestigiada, tanto a n\u00edvel nacional como internacional. \u00c9 uma institui\u00e7\u00e3o de ensino superior p\u00fablica credenciada premiada com o \u00abHigh Degree of Confidence\u00bb pela Ag\u00eancia Romena de Garantia de Qualidade no Ensino Superior e \u00e9 avaliada internacionalmente pela Associa\u00e7\u00e3o Europeia das Universidades (EUA-IEP). A <strong>Universidade Transilv\u00e2nia de Brasov <\/strong>tem agora 18 faculdades, oferecendo bacharelato (para mais de 100 programas), mestrado (mais de 60 programas) e doutoramento (18 dom\u00ednios) e aproximadamente 20000 estudantes. Cumpre os requisitos do Espa\u00e7o Europeu para o Ensino Superior e Investiga\u00e7\u00e3o, conforme definido pelas Declara\u00e7\u00f5es de Bolonha, Copenhaga e Lisboa e promovido pela Estrat\u00e9gia Nacional de Ensino Superior na Rom\u00e9nia.<\/p><\/p>\n\n\n\n<p class=\" translation-block\"><p>Dentro da Universidade, s\u00e3o implementados projetos de investiga\u00e7\u00e3o e educa\u00e7\u00e3o cient\u00edfica, doa\u00e7\u00f5es e contratos, financiados por fontes nacionais ou internacionais, p\u00fablicas ou privadas. O financiamento de projetos e doa\u00e7\u00f5es \u00e9 obtido tanto pela participa\u00e7\u00e3o em concursos nacionais (realizados principalmente no \u00e2mbito do Plano Nacional de Investiga\u00e7\u00e3o, Desenvolvimento e Inova\u00e7\u00e3o PNCDI), como pela participa\u00e7\u00e3o em concursos internacionais (principalmente no \u00e2mbito dos programas Horizonte 2020 e Erasmus Plus). Investiga\u00e7\u00f5es avan\u00e7adas focadas nos principais t\u00f3picos do desenvolvimento sustent\u00e1vel s\u00e3o realizadas na <strong>Universidade<\/strong> <strong>Transilv\u00e2nia<\/strong>, no seu Instituto de P&amp;D para produtos de alta tecnologia e para o desenvolvimento sustent\u00e1vel, que oferece infraestrutura de alto desempenho em 12 laborat\u00f3rios especializados, dispon\u00edveis para os 28 departamentos de investiga\u00e7\u00e3o da universidade e para cooperar com instala\u00e7\u00f5es de investiga\u00e7\u00e3o nacionais, europeias e divis\u00f5es de investiga\u00e7\u00e3o de v\u00e1rias empresas.<\/p><\/p>\n<\/div>\n<\/div>","protected":false},"excerpt":{"rendered":"<p>During its 70 years of existence, Transilvania University of Bra\u0219ov has developed into a truly prestigious institution both at a national and international level. It is an accredited state higher-education institution awarded with \u00abHigh Degree of Confidence\u00bb by the Romanian Agency for Quality Assurance in Higher Education and is internationally evaluated by the European University [&hellip;]<\/p>","protected":false},"author":3,"featured_media":0,"parent":0,"menu_order":0,"comment_status":"closed","ping_status":"closed","template":"page-full-width.php","meta":[],"_links":{"self":[{"href":"https:\/\/facetproject.eu\/pt\/wp-json\/wp\/v2\/pages\/1044"}],"collection":[{"href":"https:\/\/facetproject.eu\/pt\/wp-json\/wp\/v2\/pages"}],"about":[{"href":"https:\/\/facetproject.eu\/pt\/wp-json\/wp\/v2\/types\/page"}],"author":[{"embeddable":true,"href":"https:\/\/facetproject.eu\/pt\/wp-json\/wp\/v2\/users\/3"}],"replies":[{"embeddable":true,"href":"https:\/\/facetproject.eu\/pt\/wp-json\/wp\/v2\/comments?post=1044"}],"version-history":[{"count":6,"href":"https:\/\/facetproject.eu\/pt\/wp-json\/wp\/v2\/pages\/1044\/revisions"}],"predecessor-version":[{"id":1173,"href":"https:\/\/facetproject.eu\/pt\/wp-json\/wp\/v2\/pages\/1044\/revisions\/1173"}],"wp:attachment":[{"href":"https:\/\/facetproject.eu\/pt\/wp-json\/wp\/v2\/media?parent=1044"}],"curies":[{"name":"wp","href":"https:\/\/api.w.org\/{rel}","templated":true}]}}