{"id":1040,"date":"2019-09-17T16:44:19","date_gmt":"2019-09-17T16:44:19","guid":{"rendered":"https:\/\/facetproject.eu\/?page_id=1040"},"modified":"2019-09-18T07:39:10","modified_gmt":"2019-09-18T07:39:10","slug":"dida","status":"publish","type":"page","link":"https:\/\/facetproject.eu\/pt\/dida\/","title":{"rendered":""},"content":{"rendered":"<div class=\"is-layout-flex wp-container-3 wp-block-columns has-2-columns\">\n<div class=\"is-layout-flow wp-block-column\">\n<div class=\"wp-block-image\"><figure class=\"aligncenter\"><a href=\"https:\/\/www.unifi.it\/\" target=\"_blank\" rel=\"noopener noreferrer\"><img decoding=\"async\" loading=\"lazy\" width=\"320\" height=\"175\" src=\"https:\/\/facetproject.eu\/wp-content\/uploads\/2019\/09\/dida-01.png\" alt=\"\" class=\"wp-image-1122\" srcset=\"https:\/\/facetproject.eu\/wp-content\/uploads\/2019\/09\/dida-01.png 320w, https:\/\/facetproject.eu\/wp-content\/uploads\/2019\/09\/dida-01-300x164.png 300w\" sizes=\"(max-width: 320px) 100vw, 320px\" \/><\/a><\/figure><\/div>\n<\/div>\n\n\n\n<div class=\"is-layout-flow wp-block-column\">\n<p class=\" translation-block\">O  <strong>Departamento de Arquitetura DIDA (<a href=\"https:\/\/www.unifi.it\/\" target=\"_self\">Universidade de Floren\u00e7a<\/a>)<\/strong>, atrav\u00e9s da sua capacidade de coordenar e de integrar as m\u00faltiplas dimens\u00f5es da cultura cient\u00edfica e operacional de projeto, desempenha um papel fundamental como organiza\u00e7\u00e3o de investiga\u00e7\u00e3o p\u00fablica na \u00e1rea de projeto de arquitetura, design e enquadramento paisag\u00edstico. \u00c9 capaz de satisfazer as necessidades de investiga\u00e7\u00e3o provenientes de institui\u00e7\u00f5es e empresas que operam na regi\u00e3o e noutros locais, e de promover e desenvolver projetos de investiga\u00e7\u00e3o a n\u00edvel nacional e internacional. Dedica-se \u00e0 transfer\u00eancia de inova\u00e7\u00e3o para apoiar o progresso t\u00e9cnico e cient\u00edfico, cultural, social e produtivo da sociedade e, ao mesmo tempo, preservar e desenvolver as compet\u00eancias de investiga\u00e7\u00e3o e forma\u00e7\u00e3o do <strong>Departamento de Arquitetura<\/strong>.<\/p>\n<\/div>\n<\/div>\n\n\n\n<p><\/p>","protected":false},"excerpt":{"rendered":"<p>The Department of Architecture DIDA (University of Florence), through its ability to coordinate and integrate the multiple dimensions of scientific and operational culture of the project, plays the role of main public research organization in the area of architectural project, design, planning and landscape. It is capable of satisfying research needs coming from institutions and [&hellip;]<\/p>","protected":false},"author":3,"featured_media":0,"parent":0,"menu_order":0,"comment_status":"closed","ping_status":"closed","template":"page-full-width.php","meta":[],"_links":{"self":[{"href":"https:\/\/facetproject.eu\/pt\/wp-json\/wp\/v2\/pages\/1040"}],"collection":[{"href":"https:\/\/facetproject.eu\/pt\/wp-json\/wp\/v2\/pages"}],"about":[{"href":"https:\/\/facetproject.eu\/pt\/wp-json\/wp\/v2\/types\/page"}],"author":[{"embeddable":true,"href":"https:\/\/facetproject.eu\/pt\/wp-json\/wp\/v2\/users\/3"}],"replies":[{"embeddable":true,"href":"https:\/\/facetproject.eu\/pt\/wp-json\/wp\/v2\/comments?post=1040"}],"version-history":[{"count":3,"href":"https:\/\/facetproject.eu\/pt\/wp-json\/wp\/v2\/pages\/1040\/revisions"}],"predecessor-version":[{"id":1123,"href":"https:\/\/facetproject.eu\/pt\/wp-json\/wp\/v2\/pages\/1040\/revisions\/1123"}],"wp:attachment":[{"href":"https:\/\/facetproject.eu\/pt\/wp-json\/wp\/v2\/media?parent=1040"}],"curies":[{"name":"wp","href":"https:\/\/api.w.org\/{rel}","templated":true}]}}