{"id":790,"date":"2019-09-11T15:02:19","date_gmt":"2019-09-11T15:02:19","guid":{"rendered":"https:\/\/facetproject.eu\/?page_id=790"},"modified":"2021-03-07T18:39:54","modified_gmt":"2021-03-07T18:39:54","slug":"acn","status":"publish","type":"page","link":"https:\/\/facetproject.eu\/it\/acn\/","title":{"rendered":""},"content":{"rendered":"<div class=\"is-layout-flex wp-container-3 wp-block-columns has-2-columns\">\n<div class=\"is-layout-flow wp-block-column\">\n<div class=\"wp-block-image\"><a href=\"https:\/\/www.czechfurniture.com\/\" target=\"_blank\" rel=\"noopener noreferrer\"><\/a><figure class=\"aligncenter\"><figure><a href=\"https:\/\/www.czechfurniture.com\/\" target=\"_blank\" rel=\"noopener noreferrer\"><img decoding=\"async\" loading=\"lazy\" width=\"321\" height=\"132\" src=\"https:\/\/facetproject.eu\/wp-content\/uploads\/2019\/09\/acn-01.png\" alt=\"\" class=\"wp-image-1133\" srcset=\"https:\/\/facetproject.eu\/wp-content\/uploads\/2019\/09\/acn-01.png 321w, https:\/\/facetproject.eu\/wp-content\/uploads\/2019\/09\/acn-01-300x123.png 300w\" sizes=\"(max-width: 321px) 100vw, 321px\" \/><\/a><\/figure><\/figure><\/div>\n<\/div>\n\n\n\n<div class=\"is-layout-flow wp-block-column\">\n<p class=\" translation-block\">The goal of the <a href=\"https:\/\/www.czechfurniture.com\/\" target=\"_self\" rel=\"noreferrer noopener\" aria-label=\"Association of Czech Furniture&nbsp;Makers (opens in a new tab)\">Association of Czech Furniture&nbsp;Makers<\/a>&nbsp;is the&nbsp;maximum customer satisfaction with the furniture and the services provided.<\/p>\n\n\n\n<p>L\u2019 Association of Czech Furniture Makers  \u00e8 stata fondata nel 1997 sulla base dell\u2019idea di diversi imprenditori impegnati nella produzione di mobile d\u2019arredo. L\u2019obiettivo di un lavoro onesto e servizi funzionanti conseguenti ha presto iniziato ad attrarre altri imprenditori, che hanno preso in seria considerazione tale attivit\u00e0 nell\u2019ambito del loro settore di riferimento. Inizi\u00f2 a formarsi cos\u00ec la pi\u00f9 grande associazione professionale di produttori di mobili di arredo nella Repubblica Ceca. L\u2019attuale Associazione riunisce imprenditori che producono vari tipologie di mobili e utilizzano al contempo vari materiali.&nbsp;<\/p>\n\n\n\n<p>L\u2019Association of Czech Furniture Makers si ha sempre curato la seriet\u00e0 dei suoi membri. La reputazione e la professionalit\u00e0 delle aziende associate \u00e8 la nostra priorit\u00e0 principale. L\u2019associazione \u00e8 aperta solo alle aziende, che ne rispettano i principi morali e legali. L\u2019appartenenza ad un\u2019associazione di questo tipo \u00e8 garanzia di integrit\u00e0 e solidit\u00e0 per le aziende associate. Per il cliente \u00e8 un chiaro segnale circa la sicurezza dei mobili acquistati.<\/p>\n\n\n\n<p>Le aziende associate all\u2019Association of Czech Furniture makers esprimono la loro adesione nell\u2019interesse del futuro sviluppo del settore in Repubblica Ceca.<br><\/p>\n<\/div>\n<\/div>","protected":false},"excerpt":{"rendered":"<p>The goal of the Association of Czech Furniture\u00a0Makers\u00a0is the\u00a0maximum customer satisfaction with the furniture and the services provided. The&nbsp;Association of Czech&nbsp;Furniture Makers&nbsp;was established in&nbsp;1997 based on the thoughts of several entrepreneurs&nbsp;engaged in the production of furniture. The intention of honest work and functioning services soon began to attract other entrepreneurs, who are serious about their [&hellip;]<\/p>","protected":false},"author":3,"featured_media":0,"parent":0,"menu_order":0,"comment_status":"closed","ping_status":"closed","template":"page-full-width.php","meta":[],"_links":{"self":[{"href":"https:\/\/facetproject.eu\/it\/wp-json\/wp\/v2\/pages\/790"}],"collection":[{"href":"https:\/\/facetproject.eu\/it\/wp-json\/wp\/v2\/pages"}],"about":[{"href":"https:\/\/facetproject.eu\/it\/wp-json\/wp\/v2\/types\/page"}],"author":[{"embeddable":true,"href":"https:\/\/facetproject.eu\/it\/wp-json\/wp\/v2\/users\/3"}],"replies":[{"embeddable":true,"href":"https:\/\/facetproject.eu\/it\/wp-json\/wp\/v2\/comments?post=790"}],"version-history":[{"count":9,"href":"https:\/\/facetproject.eu\/it\/wp-json\/wp\/v2\/pages\/790\/revisions"}],"predecessor-version":[{"id":1407,"href":"https:\/\/facetproject.eu\/it\/wp-json\/wp\/v2\/pages\/790\/revisions\/1407"}],"wp:attachment":[{"href":"https:\/\/facetproject.eu\/it\/wp-json\/wp\/v2\/media?parent=790"}],"curies":[{"name":"wp","href":"https:\/\/api.w.org\/{rel}","templated":true}]}}