{"id":29,"date":"2019-04-16T11:17:43","date_gmt":"2019-04-16T11:17:43","guid":{"rendered":"https:\/\/facetproject.eu\/?page_id=29"},"modified":"2021-04-29T14:54:27","modified_gmt":"2021-04-29T14:54:27","slug":"downloads","status":"publish","type":"page","link":"https:\/\/facetproject.eu\/it\/downloads\/","title":{"rendered":"Downloads"},"content":{"rendered":"<p class=\" translation-block\">I risultati del progetto <b>FACET<\/b> sono pubblici e disponibili sotto.<\/p>\n\n\n\n<h4><strong>Documenti tecnici<\/strong><\/h4>\n\n\n\n<hr class=\"wp-block-separator\"\/>\n\n\n\n<div class=\"is-layout-flex wp-container-3 wp-block-columns has-2-columns\">\n<div class=\"is-layout-flow wp-block-column\">\n<div class=\"wp-block-media-text alignwide\"><figure class=\"wp-block-media-text__media\"><img decoding=\"async\" loading=\"lazy\" width=\"742\" height=\"906\" src=\"https:\/\/facetproject.eu\/wp-content\/uploads\/2021\/04\/Image-VET.png\" alt=\"\" class=\"wp-image-1416\" srcset=\"https:\/\/facetproject.eu\/wp-content\/uploads\/2021\/04\/Image-VET.png 742w, https:\/\/facetproject.eu\/wp-content\/uploads\/2021\/04\/Image-VET-246x300.png 246w\" sizes=\"(max-width: 742px) 100vw, 742px\" \/><\/figure><div class=\"wp-block-media-text__content\">\n<p><strong>Guida per formatori \u2013 VET provider<\/strong> <\/p>\n\n\n\n<p class=\" translation-block\">La guida per i formatori della formazione professionale ed educativa (VET) spiega come utilizzare e applicare le risorse sviluppate nel progetto FACET: i) il curriculum, ii) il materiale formativo del corso (MOOC) e iii) lo strumento di apprendimento Web based learning Tool (WBLT).\n\nGuide \u2013 VET providers (Italian version)<\/p>\n<\/div><\/div>\n\n\n\n<p><\/p>\n<\/div>\n\n\n\n<div class=\"is-layout-flow wp-block-column\">\n<div class=\"wp-block-media-text alignwide\"><figure class=\"wp-block-media-text__media\"><img decoding=\"async\" loading=\"lazy\" width=\"742\" height=\"905\" src=\"https:\/\/facetproject.eu\/wp-content\/uploads\/2021\/04\/Image-Companies.png\" alt=\"\" class=\"wp-image-1417\" srcset=\"https:\/\/facetproject.eu\/wp-content\/uploads\/2021\/04\/Image-Companies.png 742w, https:\/\/facetproject.eu\/wp-content\/uploads\/2021\/04\/Image-Companies-246x300.png 246w\" sizes=\"(max-width: 742px) 100vw, 742px\" \/><\/figure><div class=\"wp-block-media-text__content\">\n<p><strong> Guida per formatori - Aziende arredo <\/strong><\/p>\n\n\n\n<p> Questa guida \u00e8 simile alla precedente, ma in questo caso si rivolge alle aziende di arredamento e pi\u00f9 precisamente ai loro responsabili delle risorse umane. La guida aiuter\u00e0 i creativi delle aziende ad apprendere come utilizzare le risorse sviluppate nel progetto FACET: i) il curriculum, ii) il materiale formativo del corso (MOOC) e iii) lo strumento di apprendimento Web based learning Tool (WBLT).<br> <br><a href=\"https:\/\/facetproject.eu\/wp-content\/uploads\/2021\/04\/Guide_Trainers-Companies-FINAL-IT.pdf\" target=\"_blank\" rel=\"noreferrer noopener\" aria-label=\" (opens in a new tab)\">Guide - Furniture companies (Italian version)<\/a><\/p>\n<\/div><\/div>\n<\/div>\n<\/div>\n\n\n\n<div class=\"is-layout-flex wp-container-6 wp-block-columns has-2-columns\">\n<div class=\"is-layout-flow wp-block-column\">\n<div class=\"wp-block-media-text alignwide\"><figure class=\"wp-block-media-text__media\"><img decoding=\"async\" loading=\"lazy\" width=\"724\" height=\"1024\" src=\"https:\/\/facetproject.eu\/wp-content\/uploads\/2019\/12\/FACET\u2013Curriculum\u2013EN-1-724x1024.jpg\" alt=\"\" class=\"wp-image-1230\" srcset=\"https:\/\/facetproject.eu\/wp-content\/uploads\/2019\/12\/FACET\u2013Curriculum\u2013EN-1-724x1024.jpg 724w, https:\/\/facetproject.eu\/wp-content\/uploads\/2019\/12\/FACET\u2013Curriculum\u2013EN-1-212x300.jpg 212w, https:\/\/facetproject.eu\/wp-content\/uploads\/2019\/12\/FACET\u2013Curriculum\u2013EN-1-768x1086.jpg 768w, https:\/\/facetproject.eu\/wp-content\/uploads\/2019\/12\/FACET\u2013Curriculum\u2013EN-1-1140x1612.jpg 1140w\" sizes=\"(max-width: 724px) 100vw, 724px\" \/><\/figure><div class=\"wp-block-media-text__content\">\n<p><strong>Curriculum<\/strong><\/p>\n\n\n\n<p>Il curriculum contiene sia una panoramica dei cinque moduli di formazione ciascuno con i propri obiettivi, piano didattico, procedure e criteri di valutazione dei risultati di apprendimento raggiunti, sia l'elenco delle professioni \/ qualifiche su cui ciascun modulo potrebbe essere integrato.<br><\/p>\n\n\n\n<p><a href=\"https:\/\/facetproject.eu\/wp-content\/uploads\/2019\/12\/FACET%E2%80%93Curriculum%E2%80%93EN.pdf\"><a href=\"https:\/\/facetproject.eu\/wp-content\/uploads\/2019\/11\/FACET-Curriculum-IT.pdf\">Curriculum (Italian version)<\/a><\/a><\/p>\n<\/div><\/div>\n<\/div>\n\n\n\n<div class=\"is-layout-flow wp-block-column\">\n<div class=\"wp-block-media-text alignwide\"><figure class=\"wp-block-media-text__media\"><img decoding=\"async\" loading=\"lazy\" width=\"1024\" height=\"768\" src=\"https:\/\/facetproject.eu\/wp-content\/uploads\/2019\/11\/FACET-DIDDIDA-SURVRESULTS_VETPROGRAMS-1024x768.jpg\" alt=\"\" class=\"wp-image-1210\" srcset=\"https:\/\/facetproject.eu\/wp-content\/uploads\/2019\/11\/FACET-DIDDIDA-SURVRESULTS_VETPROGRAMS-1024x768.jpg 1024w, https:\/\/facetproject.eu\/wp-content\/uploads\/2019\/11\/FACET-DIDDIDA-SURVRESULTS_VETPROGRAMS-300x225.jpg 300w, https:\/\/facetproject.eu\/wp-content\/uploads\/2019\/11\/FACET-DIDDIDA-SURVRESULTS_VETPROGRAMS-768x576.jpg 768w, https:\/\/facetproject.eu\/wp-content\/uploads\/2019\/11\/FACET-DIDDIDA-SURVRESULTS_VETPROGRAMS-400x300.jpg 400w, https:\/\/facetproject.eu\/wp-content\/uploads\/2019\/11\/FACET-DIDDIDA-SURVRESULTS_VETPROGRAMS-1140x855.jpg 1140w, https:\/\/facetproject.eu\/wp-content\/uploads\/2019\/11\/FACET-DIDDIDA-SURVRESULTS_VETPROGRAMS.jpg 2000w\" sizes=\"(max-width: 1024px) 100vw, 1024px\" \/><\/figure><div class=\"wp-block-media-text__content\">\n<p><strong>Indagine fabbisogni<\/strong> <\/p>\n\n\n\n<p class=\" translation-block\">In ciascuno dei paesi dei partner di progetto \u00e8 stato somministrato un questionario (60 creativi, 77 imprenditori, 36 formatori \/ insegnanti), al fine di entrare in contatto diretto con i gruppi target e le parti interessate e comprendere le loro esigenze in termini di conoscenze e abilit\u00e0 legate alla creativit\u00e0 e all'imprenditorialit\u00e0 nel  settore del mobile. <br><br><a rel=\"noreferrer noopener\" href=\"https:\/\/facetproject.eu\/wp-content\/uploads\/2019\/11\/FACET-DIDDIDA-SURVRESULTS_VETPROGRAMS.pdf\" target=\"_self\">Questionnaire (versione inglese)<\/a><\/p>\n<\/div><\/div>\n<\/div>\n<\/div>\n\n\n\n<hr class=\"wp-block-separator is-style-dots\"\/>\n\n\n\n<h4><strong>Materiali di disseminazione<\/strong><\/h4>\n\n\n\n<hr class=\"wp-block-separator\"\/>\n\n\n\n<div class=\"is-layout-flex wp-container-9 wp-block-columns has-2-columns\">\n<div class=\"is-layout-flow wp-block-column\">\n<div class=\"wp-block-media-text alignwide\"><figure class=\"wp-block-media-text__media\"><img decoding=\"async\" loading=\"lazy\" width=\"722\" height=\"1024\" src=\"https:\/\/facetproject.eu\/wp-content\/uploads\/2019\/11\/FACET\u2013Brochure\u2013EN-722x1024.jpg\" alt=\"\" class=\"wp-image-1223\" srcset=\"https:\/\/facetproject.eu\/wp-content\/uploads\/2019\/11\/FACET\u2013Brochure\u2013EN-722x1024.jpg 722w, https:\/\/facetproject.eu\/wp-content\/uploads\/2019\/11\/FACET\u2013Brochure\u2013EN-211x300.jpg 211w, https:\/\/facetproject.eu\/wp-content\/uploads\/2019\/11\/FACET\u2013Brochure\u2013EN-768x1089.jpg 768w, https:\/\/facetproject.eu\/wp-content\/uploads\/2019\/11\/FACET\u2013Brochure\u2013EN-1140x1617.jpg 1140w, https:\/\/facetproject.eu\/wp-content\/uploads\/2019\/11\/FACET\u2013Brochure\u2013EN.jpg 1166w\" sizes=\"(max-width: 722px) 100vw, 722px\" \/><\/figure><div class=\"wp-block-media-text__content\">\n<p><strong>Brochure<\/strong><\/p>\n\n\n\n<p class=\" translation-block\">La brochure contiene una breve presentazione degli obiettivi di apprendimento, la data e i risultati del progetto FACET. <br><br><a rel=\"noreferrer noopener\" href=\"https:\/\/facetproject.eu\/wp-content\/uploads\/2019\/11\/FACET\u2013Brochure\u2013IT.pdf\" target=\"_self\">Brochure (versione italiana)<\/a><\/p>\n<\/div><\/div>\n<\/div>\n\n\n\n<div class=\"is-layout-flow wp-block-column\">\n<div class=\"wp-block-media-text alignwide\"><figure class=\"wp-block-media-text__media\"><img decoding=\"async\" loading=\"lazy\" width=\"516\" height=\"654\" src=\"https:\/\/facetproject.eu\/wp-content\/uploads\/2020\/01\/facet_newsletter-01.png\" alt=\"\" class=\"wp-image-1281\" srcset=\"https:\/\/facetproject.eu\/wp-content\/uploads\/2020\/01\/facet_newsletter-01.png 516w, https:\/\/facetproject.eu\/wp-content\/uploads\/2020\/01\/facet_newsletter-01-237x300.png 237w\" sizes=\"(max-width: 516px) 100vw, 516px\" \/><\/figure><div class=\"wp-block-media-text__content\">\n<p><strong>Newsletter<\/strong><\/p>\n\n\n\n<p>La newsletter contiene gli aggiornamenti di progetto ed inoltre: la pubblicazione sul web, il report sui risultati dell\u2019indagine e la pubblicazione del curriculum, oltre ad altre notizie relative al settore di riferimento.<br><br><a rel=\"noreferrer noopener\" href=\"https:\/\/facetproject.eu\/wp-content\/uploads\/2020\/01\/20200122_facet_nl01.html\" target=\"_blank\">Newsletter #1 (versione inglese)<\/a> <br><a href=\"https:\/\/facetproject.eu\/wp-content\/uploads\/2020\/10\/FACET-NL02.html\" target=\"_blank\" rel=\"noreferrer noopener\" aria-label=\" (opens in a new tab)\">Newsletter #2 (versione inglese)<\/a> <br><a rel=\"noreferrer noopener\" aria-label=\" (opens in a new tab)\" href=\"https:\/\/facetproject.eu\/wp-content\/uploads\/2020\/12\/FACET-NL03.html\" target=\"_blank\">Newsletter #3 (versione inglese)<\/a> <br><a rel=\"noreferrer noopener\" aria-label=\" (opens in a new tab)\" href=\"https:\/\/facetproject.eu\/wp-content\/uploads\/2021\/02\/FACET-NL04.html\" target=\"_blank\">Newsletter #4 (versione inglese)<\/a> <\/p>\n<\/div><\/div>\n<\/div>\n<\/div>","protected":false},"excerpt":{"rendered":"<p>The publicly available outcomes of the FACET project are listed below. Technical documents Guide for trainers &#8211; VET providers The guide for Vocational and Educational Training (VET) trainers explains how to use and apply the resources developed in the FACET project: i) the curriculum, ii) the training material of the course (MOOC) and iii) the [&hellip;]<\/p>","protected":false},"author":1,"featured_media":0,"parent":0,"menu_order":0,"comment_status":"closed","ping_status":"closed","template":"page-full-width.php","meta":[],"_links":{"self":[{"href":"https:\/\/facetproject.eu\/it\/wp-json\/wp\/v2\/pages\/29"}],"collection":[{"href":"https:\/\/facetproject.eu\/it\/wp-json\/wp\/v2\/pages"}],"about":[{"href":"https:\/\/facetproject.eu\/it\/wp-json\/wp\/v2\/types\/page"}],"author":[{"embeddable":true,"href":"https:\/\/facetproject.eu\/it\/wp-json\/wp\/v2\/users\/1"}],"replies":[{"embeddable":true,"href":"https:\/\/facetproject.eu\/it\/wp-json\/wp\/v2\/comments?post=29"}],"version-history":[{"count":130,"href":"https:\/\/facetproject.eu\/it\/wp-json\/wp\/v2\/pages\/29\/revisions"}],"predecessor-version":[{"id":1454,"href":"https:\/\/facetproject.eu\/it\/wp-json\/wp\/v2\/pages\/29\/revisions\/1454"}],"wp:attachment":[{"href":"https:\/\/facetproject.eu\/it\/wp-json\/wp\/v2\/media?parent=29"}],"curies":[{"name":"wp","href":"https:\/\/api.w.org\/{rel}","templated":true}]}}