{"id":182,"date":"2019-06-12T19:01:50","date_gmt":"2019-06-12T19:01:50","guid":{"rendered":"https:\/\/facetproject.eu\/?page_id=182"},"modified":"2019-09-18T10:20:56","modified_gmt":"2019-09-18T10:20:56","slug":"creativity-and-entrepreneurship","status":"publish","type":"page","link":"https:\/\/facetproject.eu\/it\/creativity-and-entrepreneurship\/","title":{"rendered":"Creativita' ed imprenditorialita'"},"content":{"rendered":"<div class=\"is-layout-flex wp-container-3 wp-block-columns has-2-columns\">\n<div class=\"is-layout-flow wp-block-column\">\n<p>L'industria manifatturiera europea del mobile \u00e8 stata gravemente colpita dalla recente crisi e ha subito importanti cambiamenti che l'hanno orientata all'esportazione e a concentrarsi sul miglioramento della qualit\u00e0, del design e dell'innovazione. Questi cambiamenti includono la ristrutturazione, i progressi tecnologici e le innovazioni dei modelli di business, ma richiedono investimenti continui in competenze, design, creativit\u00e0, ricerca, innovazione e nuove tecnologie.<\/p>\n\n\n\n<p>Sebbene i <b>produttori europei del settore mobile<\/b> abbiano una buona reputazione mondiale in tema di <b>design<\/b>, solo poche imprese possono considerarsi <b>trendsetter<\/b>, mentre la maggior parte delle aziende, soprattutto tra le PMI, <b>seguono le tendenze degli altri<\/b>.<\/p>\n\n\n\n<p>L'innovazione \u00e8 diventata strumento importantissimo per la competitivit\u00e0 aziendale; il successo aziendale sul lungo periodo dipende dalle capacit\u00e0 delle imprese di sapere essere innovative (Leavengood, 2009). Inoltre, nei mercati competitivi per sopravvivere occorre che le imprese adattino i cambiamenti attraverso I processi di innovazione (Bullard and West, 2002).<\/p>\n\n\n\n<p>L'innovazione richiede competenze di iniziativa ed imprenditorialit\u00e0, nel senso di capacit\u00e0 di trasformare le idee in azioni. Implica creativit\u00e0, innovazione e assunzione di rischi, nonch\u00e9 la capacit\u00e0 di pianificare e gestire progetti per raggiungere gli obiettivi. In questa prospettiva, il Forum economico mondiale ha mostrato che le prime 3 skills divenute indispensabili nella strategia di Europa 2020 sono: risoluzione di problemi complessi, pensiero critico e creativit\u00e0. In un contesto altamente competitivo, le aziende del settore arredo devono essere pi\u00f9 creative e con maggiori capacit\u00e0 mprenditoriali, non solo avviando nuove attivit\u00e0, ma anche commercializzando nuovi prodotti e servizi di valore.<\/p>\n<\/div>\n\n\n\n<div class=\"is-layout-flow wp-block-column\">\n<figure class=\"wp-block-image\"><img decoding=\"async\" loading=\"lazy\" width=\"715\" height=\"480\" src=\"https:\/\/facetproject.eu\/wp-content\/uploads\/2019\/09\/image2_creativityentrepreneurship-01.png\" alt=\"\" class=\"wp-image-1154\" srcset=\"https:\/\/facetproject.eu\/wp-content\/uploads\/2019\/09\/image2_creativityentrepreneurship-01.png 715w, https:\/\/facetproject.eu\/wp-content\/uploads\/2019\/09\/image2_creativityentrepreneurship-01-300x201.png 300w, https:\/\/facetproject.eu\/wp-content\/uploads\/2019\/09\/image2_creativityentrepreneurship-01-447x300.png 447w\" sizes=\"(max-width: 715px) 100vw, 715px\" \/><\/figure>\n\n\n\n<p><\/p>\n<\/div>\n<\/div>","protected":false},"excerpt":{"rendered":"<p>The EU furniture manufacturing industry has been severely hit by recent crisis and underwent significant changes to become more export-oriented and to focus on upgrading quality, design, and innovation. These changes include restructuring, technological advances, and business model innovations, but it needs continuing investment in skills, design, creativity, research, innovation, and new technologies. Although EU [&hellip;]<\/p>","protected":false},"author":3,"featured_media":0,"parent":0,"menu_order":0,"comment_status":"closed","ping_status":"closed","template":"page-full-width.php","meta":[],"_links":{"self":[{"href":"https:\/\/facetproject.eu\/it\/wp-json\/wp\/v2\/pages\/182"}],"collection":[{"href":"https:\/\/facetproject.eu\/it\/wp-json\/wp\/v2\/pages"}],"about":[{"href":"https:\/\/facetproject.eu\/it\/wp-json\/wp\/v2\/types\/page"}],"author":[{"embeddable":true,"href":"https:\/\/facetproject.eu\/it\/wp-json\/wp\/v2\/users\/3"}],"replies":[{"embeddable":true,"href":"https:\/\/facetproject.eu\/it\/wp-json\/wp\/v2\/comments?post=182"}],"version-history":[{"count":29,"href":"https:\/\/facetproject.eu\/it\/wp-json\/wp\/v2\/pages\/182\/revisions"}],"predecessor-version":[{"id":1155,"href":"https:\/\/facetproject.eu\/it\/wp-json\/wp\/v2\/pages\/182\/revisions\/1155"}],"wp:attachment":[{"href":"https:\/\/facetproject.eu\/it\/wp-json\/wp\/v2\/media?parent=182"}],"curies":[{"name":"wp","href":"https:\/\/api.w.org\/{rel}","templated":true}]}}