{"id":1290,"date":"2020-10-08T10:45:26","date_gmt":"2020-10-08T10:45:26","guid":{"rendered":"https:\/\/facetproject.eu\/?page_id=1290"},"modified":"2020-12-09T15:39:59","modified_gmt":"2020-12-09T15:39:59","slug":"pilot-course","status":"publish","type":"page","link":"https:\/\/facetproject.eu\/it\/pilot-course\/","title":{"rendered":"Corso online \u201cCreativit\u00e0 ed imprenditorialit\u00e0 nel settore dell\u2019arredo\u201d"},"content":{"rendered":"<div class=\"is-layout-flex wp-container-3 wp-block-columns has-2-columns\">\n<div class=\"is-layout-flow wp-block-column\">\n<figure class=\"wp-block-embed-youtube aligncenter wp-block-embed is-type-video is-provider-youtube wp-embed-aspect-16-9 wp-has-aspect-ratio\"><div class=\"wp-block-embed__wrapper\">\n<iframe loading=\"lazy\" title=\"FACET \u2014 Pilot course HD\" width=\"750\" height=\"422\" src=\"https:\/\/www.youtube.com\/embed\/q5dQbcj3MAM?feature=oembed\" frameborder=\"0\" allow=\"accelerometer; autoplay; clipboard-write; encrypted-media; gyroscope; picture-in-picture\" allowfullscreen><\/iframe>\n<\/div><figcaption>I sottotitoli video sono disponibili in 6 lingue<\/figcaption><\/figure>\n<\/div>\n\n\n\n<div class=\"is-layout-flow wp-block-column\">\n<div style=\"height:60px\" aria-hidden=\"true\" class=\"wp-block-spacer\"><\/div>\n\n\n\n<p style=\"text-align:center\"><em><strong>Vuoi avviare un progetto innovativo o creativo<\/strong><\/em><br><em><strong>nel settore del mobile? <\/strong><\/em><\/p>\n\n\n\n<hr class=\"wp-block-separator\"\/>\n\n\n\n<p style=\"text-align:center\"><em><strong>Conosci le tecniche e gli strumenti per migliorare <\/strong><\/em><br><em><strong>la tua creativit\u00e0 e capacit\u00e0 di innovazione? <\/strong><\/em><\/p>\n\n\n\n<hr class=\"wp-block-separator\"\/>\n\n\n\n<p style=\"text-align:center\"><em><strong>Ti piacerebbe sviluppare un approccio pi\u00f9 sostenibile e creativo <\/strong><\/em><br><em><strong>e applicarlo ai tuoi progetti?<\/strong><\/em><\/p>\n\n\n\n<div style=\"height:60px\" aria-hidden=\"true\" class=\"wp-block-spacer\"><\/div>\n\n\n\n<div class=\"wp-block-button aligncenter\"><a class=\"wp-block-button__link has-background\" href=\"https:\/\/facet.erasmusplus.website\/\" style=\"background-color:#aa0352\">Accedere al corso<\/a><\/div>\n<\/div>\n<\/div>\n\n\n\n<div style=\"height:40px\" aria-hidden=\"true\" class=\"wp-block-spacer\"><\/div>\n\n\n\n<div style=\"height:40px\" aria-hidden=\"true\" class=\"wp-block-spacer\"><\/div>\n\n\n\n<hr class=\"wp-block-separator\"\/>\n\n\n\n<p>L'innovazione richiede capacit\u00e0 di iniziativa e imprenditorialit\u00e0, che si riferiscono alla&nbsp;<strong>capacit\u00e0 di trasformare le idee in azioni<\/strong>. Richiede creativit\u00e0 e capacit\u00e0 di&nbsp;<strong>pianificare e gestire progetti per raggiungere gli obiettivi.<\/strong>&nbsp;Le aziende del settore mobile\/arredo hanno bisogno di professionisti pi\u00f9 creativi e imprenditoriali, non solo per avviare nuove attivit\u00e0, ma anche per&nbsp;<strong>commercializzare nuovi prodotti e servizi ad alto valore aggiunto<\/strong>.<\/p>\n\n\n\n<p>Per acquisire le capacit\u00e0 e le competenze necessarie a sviluppare la creativit\u00e0 e l'innovazione nella tua azienda, puoi iscriverti al&nbsp;<strong>corso di formazione \u201cCreativit\u00e0 ed imprenditorialit\u00e0 nel settore dell\u2019arredo\u201d<\/strong>e aperto a chiunque sia interessato.<\/p>\n\n\n\n<p>Il corso consiste in&nbsp;<strong>materiali didattici interattivi<\/strong>&nbsp;\u2013 videos, infographics, presentations and quizzes \u2013 and a set of&nbsp;<strong>manuali&nbsp;<\/strong>con tutte le informazioni necessarie e letture aggiuntive per approfondire diversi argomenti di interesse. Il corso si compone di circa 30 ore di formazione suddivise in&nbsp;<strong>6 diversi moduli<\/strong>:<\/p>\n\n\n\n<ol><li><strong>Creativit\u00e0 e pensiero creativo<\/strong>: una panoramica sui molteplici valori e livelli di creativit\u00e0 che consentono di migliorare e sviluppare il pensiero creativo.<\/li><li><strong>Creativit\u00e0 e innovazione<\/strong>: focalizzata sullo sviluppo di metodi per essere contemporaneamente creativi e innovativi.<\/li><li><strong>Creativit\u00e0 motivazionale<\/strong>: una panoramica sulla motivazione, i livelli di motivazione individuale e il suo legame con la fiducia, la produttivit\u00e0 e la definizione di obiettivi positivi, attraverso l'analisi di diverse teorie motivazionali.<\/li><li><strong>Creativit\u00e0 sostenibile<\/strong>: presentazione delle conoscenze di base per progetti sostenibili che utilizzano un approccio creativo critico e sostenibile: efficienza EWM (Energy, Waste, Material), eco-design ed economia circolare.<\/li><li><strong>Creativit\u00e0 e imprenditorialit\u00e0<\/strong>: un'introduzione alle nozioni di base della gestione strategica, sottolineando le principali caratteristiche personali, che possono essere utili in una posizione di leadership.<\/li><li><strong>Strumento basato sul lavoro<\/strong>: una guida per i processi di creazione e implementazione di idee applicate a progetti reali.<\/li><\/ol>","protected":false},"excerpt":{"rendered":"<p>Do you want to start an innovative or creative projectwithin the furniture industry? Are you familiar with techniques and tools to enhance your creativity and innovation? Would you like to develop a more sustainable and creative thinking and apply it to your projects? Innovation requires initiative and entrepreneurship competences, which refers to the ability to&nbsp;turn [&hellip;]<\/p>","protected":false},"author":4,"featured_media":0,"parent":0,"menu_order":0,"comment_status":"closed","ping_status":"closed","template":"page-full-width.php","meta":[],"_links":{"self":[{"href":"https:\/\/facetproject.eu\/it\/wp-json\/wp\/v2\/pages\/1290"}],"collection":[{"href":"https:\/\/facetproject.eu\/it\/wp-json\/wp\/v2\/pages"}],"about":[{"href":"https:\/\/facetproject.eu\/it\/wp-json\/wp\/v2\/types\/page"}],"author":[{"embeddable":true,"href":"https:\/\/facetproject.eu\/it\/wp-json\/wp\/v2\/users\/4"}],"replies":[{"embeddable":true,"href":"https:\/\/facetproject.eu\/it\/wp-json\/wp\/v2\/comments?post=1290"}],"version-history":[{"count":21,"href":"https:\/\/facetproject.eu\/it\/wp-json\/wp\/v2\/pages\/1290\/revisions"}],"predecessor-version":[{"id":1361,"href":"https:\/\/facetproject.eu\/it\/wp-json\/wp\/v2\/pages\/1290\/revisions\/1361"}],"wp:attachment":[{"href":"https:\/\/facetproject.eu\/it\/wp-json\/wp\/v2\/media?parent=1290"}],"curies":[{"name":"wp","href":"https:\/\/api.w.org\/{rel}","templated":true}]}}