{"id":1048,"date":"2019-09-17T16:49:09","date_gmt":"2019-09-17T16:49:09","guid":{"rendered":"https:\/\/facetproject.eu\/?page_id=1048"},"modified":"2019-09-18T07:33:42","modified_gmt":"2019-09-18T07:33:42","slug":"em","status":"publish","type":"page","link":"https:\/\/facetproject.eu\/it\/em\/","title":{"rendered":""},"content":{"rendered":"<div class=\"is-layout-flex wp-container-3 wp-block-columns has-2-columns\">\n<div class=\"is-layout-flow wp-block-column\">\n<div class=\"wp-block-image\"><figure class=\"aligncenter\"><figure><a href=\"http:\/\/www.eurocreamerchant.it\/\" target=\"_blank\" rel=\"noopener noreferrer\"><img decoding=\"async\" loading=\"lazy\" width=\"321\" height=\"132\" src=\"https:\/\/facetproject.eu\/wp-content\/uploads\/2019\/09\/eurocreamerchant-01.png\" alt=\"\" class=\"wp-image-1114\" srcset=\"https:\/\/facetproject.eu\/wp-content\/uploads\/2019\/09\/eurocreamerchant-01.png 321w, https:\/\/facetproject.eu\/wp-content\/uploads\/2019\/09\/eurocreamerchant-01-300x123.png 300w\" sizes=\"(max-width: 321px) 100vw, 321px\" \/><\/a><\/figure><\/figure><\/div>\n<\/div>\n\n\n\n<div class=\"is-layout-flow wp-block-column\">\n<p class=\" translation-block\"><a href=\"http:\/\/www.eurocreamerchant.it\/\"><strong>Eurocrea Merchant (EM)<\/strong><\/a>&nbsp;\u00e8 una societ\u00e0 di consulenza e formazione ubicata in Italia, con una sede a Milano e una a Napoli. La mission \u00e8 incrementare la competitivit\u00e0 della societ\u00e0 europea attraverso sviluppo business, formaizone e creazione di partenariati transnazionali. Fondata oltre 20 anni fa da un gruppo di dottori commercialisti,&nbsp;<strong>EM<\/strong>&nbsp;\u00e8 specializzata in 3 aree principali: a) Consulenza; b) Educazione &amp; Formazione; c) Progetti europei.<\/p>\n<\/div>\n<\/div>","protected":false},"excerpt":{"rendered":"<p>Eurocrea Merchant (EM) is a consulting and training company based in Italy, with two offices located in Milan and Naples. Our mission is to improve the competitiveness of the European society through business development, training and creation of transnational partnerships. Funded more than 20 years ago by a group of chartered accountant, EM is specialised [&hellip;]<\/p>","protected":false},"author":3,"featured_media":0,"parent":0,"menu_order":0,"comment_status":"closed","ping_status":"closed","template":"page-full-width.php","meta":[],"_links":{"self":[{"href":"https:\/\/facetproject.eu\/it\/wp-json\/wp\/v2\/pages\/1048"}],"collection":[{"href":"https:\/\/facetproject.eu\/it\/wp-json\/wp\/v2\/pages"}],"about":[{"href":"https:\/\/facetproject.eu\/it\/wp-json\/wp\/v2\/types\/page"}],"author":[{"embeddable":true,"href":"https:\/\/facetproject.eu\/it\/wp-json\/wp\/v2\/users\/3"}],"replies":[{"embeddable":true,"href":"https:\/\/facetproject.eu\/it\/wp-json\/wp\/v2\/comments?post=1048"}],"version-history":[{"count":5,"href":"https:\/\/facetproject.eu\/it\/wp-json\/wp\/v2\/pages\/1048\/revisions"}],"predecessor-version":[{"id":1121,"href":"https:\/\/facetproject.eu\/it\/wp-json\/wp\/v2\/pages\/1048\/revisions\/1121"}],"wp:attachment":[{"href":"https:\/\/facetproject.eu\/it\/wp-json\/wp\/v2\/media?parent=1048"}],"curies":[{"name":"wp","href":"https:\/\/api.w.org\/{rel}","templated":true}]}}