{"id":1044,"date":"2019-09-17T16:47:06","date_gmt":"2019-09-17T16:47:06","guid":{"rendered":"https:\/\/facetproject.eu\/?page_id=1044"},"modified":"2019-09-30T13:48:04","modified_gmt":"2019-09-30T13:48:04","slug":"ubrasov","status":"publish","type":"page","link":"https:\/\/facetproject.eu\/it\/ubrasov\/","title":{"rendered":""},"content":{"rendered":"<div class=\"is-layout-flex wp-container-3 wp-block-columns has-2-columns\">\n<div class=\"is-layout-flow wp-block-column\">\n<div class=\"wp-block-image\"><figure class=\"aligncenter\"><a href=\"https:\/\/www.unitbv.ro\/en\/\" target=\"_blank\" rel=\"noopener noreferrer\"><img decoding=\"async\" loading=\"lazy\" width=\"310\" height=\"131\" src=\"https:\/\/facetproject.eu\/wp-content\/uploads\/2019\/09\/TUB.png\" alt=\"\" class=\"wp-image-1116\" srcset=\"https:\/\/facetproject.eu\/wp-content\/uploads\/2019\/09\/TUB.png 310w, https:\/\/facetproject.eu\/wp-content\/uploads\/2019\/09\/TUB-300x127.png 300w\" sizes=\"(max-width: 310px) 100vw, 310px\" \/><\/a><\/figure><\/div>\n\n\n\n<p><\/p>\n<\/div>\n\n\n\n<div class=\"is-layout-flow wp-block-column\">\n<p class=\" translation-block\"><p>Durante i suoi 70 anni di esistenza, la <strong><a href=\"https:\/\/www.unitbv.ro\/en\/\" target=\"_self\">Transilvania University of Bra\u0219ov<\/a><\/strong> \u00e8 divenuta un'istituzione molto prestigiosa a livello nazionale e internazionale. Si tratta di un istituto di istruzione superiore statale accreditato e premiato con \u00abHigh Degree of Confidence\u00bb dall'Agenzia rumena per la garanzia della qualit\u00e0 nell'istruzione superiore ed \u00e8 valutato a livello internazionale dall'Associazione europea delle Universit\u00e0 (EUA-IEP). La <strong>Transilvania University of Brasov <\/strong>ha ora 18 facolt\u00e0, offrendo lauree triennali (per oltre 100 programmi), master (oltre 60 programmi) e studi di dottorato (18 domini) per circa 20000 studenti. Soddisfa i requisiti dell\u2019European Space for Higher Education and Research definiti dalle dichiarazioni di Bologna, Copenaghen e Lisbona e promosse dalla National Strategy for Higher Education in Romania.<\/p><\/p>\n\n\n\n<p class=\" translation-block\">La <strong>Facolt\u00e0 di ingegneria del legno<\/strong>, membro del progetto <a rel=\"noreferrer noopener\" aria-label=\"DITRAMA  (opens in a new tab)\" href=\"https:\/\/ditrama.eu\/\" target=\"_self\"><b>DITRAMA<\/b><\/a>, appartiene all'Universit\u00e0 della Transilvania ed \u00e8 l'unica facolt\u00e0 di scienza e tecnologia del legno in Romania. Con 60 anni di tradizione, la facolt\u00e0 ha preparato oltre 6500 laureati, offrendo programmi di studio a tutti i livelli di istruzione superiore. L'arredamento \u00e8 un argomento presente in tutti i programmi. Il corso di laurea in \u00a0<strong>Ingegneria e design dei prodotti in legno<\/strong> forma ingegneri di produzione e specialisti per la progettazione tecnica e tecnologica di mobili. Il master in <strong>Ingegneria della lavorazione del legno<\/strong> fornisce le conoscenze necessarie per le attivit\u00e0 nei settori di produzione e progettazione dell'industria della lavorazione del legno. Il Master <strong>in Eco-design e restauro di mobili<\/strong> sta estendendo le conoscenze relative ai mobili alle tendenze pi\u00f9 avanzate di design, materiali e tecnologia. Il Master in <strong>Strutture in legno avanzate e tecnologie innovative<\/strong> offre un'istruzione avanzata nel campo dei nuovi materiali a base di legno, strutture in legno, tecnologie innovative e gestione tecnologica nel settore del legno.<\/p>\n<\/div>\n<\/div>","protected":false},"excerpt":{"rendered":"<p>During its 70 years of existence, Transilvania University of Bra\u0219ov has developed into a truly prestigious institution both at a national and international level. It is an accredited state higher-education institution awarded with \u00abHigh Degree of Confidence\u00bb by the Romanian Agency for Quality Assurance in Higher Education and is internationally evaluated by the European University [&hellip;]<\/p>","protected":false},"author":3,"featured_media":0,"parent":0,"menu_order":0,"comment_status":"closed","ping_status":"closed","template":"page-full-width.php","meta":[],"_links":{"self":[{"href":"https:\/\/facetproject.eu\/it\/wp-json\/wp\/v2\/pages\/1044"}],"collection":[{"href":"https:\/\/facetproject.eu\/it\/wp-json\/wp\/v2\/pages"}],"about":[{"href":"https:\/\/facetproject.eu\/it\/wp-json\/wp\/v2\/types\/page"}],"author":[{"embeddable":true,"href":"https:\/\/facetproject.eu\/it\/wp-json\/wp\/v2\/users\/3"}],"replies":[{"embeddable":true,"href":"https:\/\/facetproject.eu\/it\/wp-json\/wp\/v2\/comments?post=1044"}],"version-history":[{"count":6,"href":"https:\/\/facetproject.eu\/it\/wp-json\/wp\/v2\/pages\/1044\/revisions"}],"predecessor-version":[{"id":1173,"href":"https:\/\/facetproject.eu\/it\/wp-json\/wp\/v2\/pages\/1044\/revisions\/1173"}],"wp:attachment":[{"href":"https:\/\/facetproject.eu\/it\/wp-json\/wp\/v2\/media?parent=1044"}],"curies":[{"name":"wp","href":"https:\/\/api.w.org\/{rel}","templated":true}]}}