{"id":790,"date":"2019-09-11T15:02:19","date_gmt":"2019-09-11T15:02:19","guid":{"rendered":"https:\/\/facetproject.eu\/?page_id=790"},"modified":"2021-03-07T18:39:54","modified_gmt":"2021-03-07T18:39:54","slug":"acn","status":"publish","type":"page","link":"https:\/\/facetproject.eu\/es\/acn\/","title":{"rendered":""},"content":{"rendered":"<div class=\"is-layout-flex wp-container-3 wp-block-columns has-2-columns\">\n<div class=\"is-layout-flow wp-block-column\">\n<div class=\"wp-block-image\"><a href=\"https:\/\/www.czechfurniture.com\/\" target=\"_blank\" rel=\"noopener noreferrer\"><\/a><figure class=\"aligncenter\"><figure><a href=\"https:\/\/www.czechfurniture.com\/\" target=\"_blank\" rel=\"noopener noreferrer\"><img decoding=\"async\" loading=\"lazy\" width=\"321\" height=\"132\" src=\"https:\/\/facetproject.eu\/wp-content\/uploads\/2019\/09\/acn-01.png\" alt=\"\" class=\"wp-image-1133\" srcset=\"https:\/\/facetproject.eu\/wp-content\/uploads\/2019\/09\/acn-01.png 321w, https:\/\/facetproject.eu\/wp-content\/uploads\/2019\/09\/acn-01-300x123.png 300w\" sizes=\"(max-width: 321px) 100vw, 321px\" \/><\/a><\/figure><\/figure><\/div>\n<\/div>\n\n\n\n<div class=\"is-layout-flow wp-block-column\">\n<p class=\" translation-block\">The goal of the <a href=\"https:\/\/www.czechfurniture.com\/\" target=\"_self\" rel=\"noreferrer noopener\" aria-label=\"Association of Czech Furniture&nbsp;Makers (opens in a new tab)\">Association of Czech Furniture&nbsp;Makers<\/a>&nbsp;is the&nbsp;maximum customer satisfaction with the furniture and the services provided.<\/p>\n\n\n\n<p>La Asociaci\u00f3n de Fabricantes de Muebles Checos se estableci\u00f3 en 1997 sobre la base de los pensamientos de varios empresarios dedicados a la producci\u00f3n de muebles. La intenci\u00f3n de un trabajo honesto y servicios funcionales pronto comenz\u00f3 a atraer a otros empresarios, que se toman en serio su negocio en el campo de la producci\u00f3n de muebles. Comenz\u00f3 a formarse la mayor asociaci\u00f3n profesional de fabricantes de muebles de la Rep\u00fablica Checa. La actual Asociaci\u00f3n de Fabricantes de Muebles Checos re\u00fane a empresarios que producen varios tipos de muebles y utilizan diversos materiales.&nbsp;<\/p>\n\n\n\n<p>La Asociaci\u00f3n de Fabricantes de Muebles Checos siempre se ha preocupado por la seriedad de sus miembros. La reputaci\u00f3n y el profesionalismo de las empresas miembro es nuestra prioridad n\u00famero uno. La asociaci\u00f3n est\u00e1 abierta solo a empresas, que respeten los principios morales y legales. La pertenencia a un sindicato tan prestigioso es una garant\u00eda de integridad y solidez de las empresas afiliadas. Para el cliente, es una se\u00f1al clara sobre la seguridad y la salud de los muebles comprados.<\/p>\n\n\n\n<p>Las empresas asociadas a la Asociaci\u00f3n de Fabricantes de Muebles Checos expresan su membres\u00eda en el inter\u00e9s en un mayor desarrollo del campo en la Rep\u00fablica Checa.<br><\/p>\n<\/div>\n<\/div>","protected":false},"excerpt":{"rendered":"<p>The goal of the Association of Czech Furniture\u00a0Makers\u00a0is the\u00a0maximum customer satisfaction with the furniture and the services provided. The&nbsp;Association of Czech&nbsp;Furniture Makers&nbsp;was established in&nbsp;1997 based on the thoughts of several entrepreneurs&nbsp;engaged in the production of furniture. The intention of honest work and functioning services soon began to attract other entrepreneurs, who are serious about their [&hellip;]<\/p>","protected":false},"author":3,"featured_media":0,"parent":0,"menu_order":0,"comment_status":"closed","ping_status":"closed","template":"page-full-width.php","meta":[],"_links":{"self":[{"href":"https:\/\/facetproject.eu\/es\/wp-json\/wp\/v2\/pages\/790"}],"collection":[{"href":"https:\/\/facetproject.eu\/es\/wp-json\/wp\/v2\/pages"}],"about":[{"href":"https:\/\/facetproject.eu\/es\/wp-json\/wp\/v2\/types\/page"}],"author":[{"embeddable":true,"href":"https:\/\/facetproject.eu\/es\/wp-json\/wp\/v2\/users\/3"}],"replies":[{"embeddable":true,"href":"https:\/\/facetproject.eu\/es\/wp-json\/wp\/v2\/comments?post=790"}],"version-history":[{"count":9,"href":"https:\/\/facetproject.eu\/es\/wp-json\/wp\/v2\/pages\/790\/revisions"}],"predecessor-version":[{"id":1407,"href":"https:\/\/facetproject.eu\/es\/wp-json\/wp\/v2\/pages\/790\/revisions\/1407"}],"wp:attachment":[{"href":"https:\/\/facetproject.eu\/es\/wp-json\/wp\/v2\/media?parent=790"}],"curies":[{"name":"wp","href":"https:\/\/api.w.org\/{rel}","templated":true}]}}