{"id":785,"date":"2019-09-11T14:57:28","date_gmt":"2019-09-11T14:57:28","guid":{"rendered":"https:\/\/facetproject.eu\/?page_id=785"},"modified":"2019-09-18T07:53:48","modified_gmt":"2019-09-18T07:53:48","slug":"cfpimm","status":"publish","type":"page","link":"https:\/\/facetproject.eu\/es\/cfpimm\/","title":{"rendered":""},"content":{"rendered":"<div class=\"is-layout-flex wp-container-3 wp-block-columns has-2-columns\">\n<div class=\"is-layout-flow wp-block-column\">\n<div class=\"wp-block-image\"><a href=\"http:\/\/cfpimm.pt\/\" target=\"_blank\" rel=\"noopener noreferrer\"><figure class=\"aligncenter\"><img decoding=\"async\" loading=\"lazy\" width=\"320\" height=\"198\" src=\"https:\/\/facetproject.eu\/wp-content\/uploads\/2019\/08\/CFPIMM.png\" alt=\"\" class=\"wp-image-635\" srcset=\"https:\/\/facetproject.eu\/wp-content\/uploads\/2019\/08\/CFPIMM.png 320w, https:\/\/facetproject.eu\/wp-content\/uploads\/2019\/08\/CFPIMM-300x186.png 300w\" sizes=\"(max-width: 320px) 100vw, 320px\" \/><\/a><\/figure><\/div>\n<\/div>\n\n\n\n<div class=\"is-layout-flow wp-block-column\">\n<p class=\" translation-block\">El <a href=\"http:\/\/cfpimm.pt\/\"><strong>Centro de Formaci\u00f3n Profesional de las Industrias de la Madera y del Mueble (CFPIMM)<\/strong><\/a> es una organizaci\u00f3n p\u00fablica y sin \u00e1nimo de lucro, creada por un protocolo firmado entre el Instituto de Empleo y Formaci\u00f3n Profesional (IEFP) y la Asociaci\u00f3n de Industrias de la Madera y del Mueble de Portugal (AIMMP), que tiene por objetivo aportar valor a\u00f1adido a los recursos humanos de las industrias de la madera y del mueble.<\/p>\n\n\n\n<p class=\" translation-block\">El <strong>CFPIMM<\/strong>, que cuenta con t\u00e9cnicos de amplia experiencia formativa y la colaboraci\u00f3n de formadores con formaci\u00f3n pedag\u00f3gica y un conocimiento real de la industria, dispone de instalaciones de alta calidad, con los \u00faltimos medios pedag\u00f3gicos y equipamiento para talleres.<\/p>\n\n\n\n<p class=\" translation-block\">La actividad del <strong>CFPIMM<\/strong> cubre las necesidades de diferentes p\u00fablicos (j\u00f3venes, trabajadores y empresas), y ofrece varias \u00e1reas de formaci\u00f3n, como dise\u00f1o asistido por ordenador, tecnolog\u00eda CNC, gesti\u00f3n de producci\u00f3n, tapicer\u00eda, acabado y mantenimiento industrial.<\/p>\n<\/div>\n<\/div>","protected":false},"excerpt":{"rendered":"<p>The Vocational Training Centre of Wood and Furniture Industries (CFPIMM) is a public and non-profit organisation, created by protocol celebrated between the Institute of Employment and Vocational Training \u2013 IEFP, and the Association of Industries of Wood and Furniture Portugal \u2013 AIMMP, whose objective is to give added value to the Human Resources of the [&hellip;]<\/p>","protected":false},"author":3,"featured_media":0,"parent":0,"menu_order":0,"comment_status":"closed","ping_status":"closed","template":"page-full-width.php","meta":[],"_links":{"self":[{"href":"https:\/\/facetproject.eu\/es\/wp-json\/wp\/v2\/pages\/785"}],"collection":[{"href":"https:\/\/facetproject.eu\/es\/wp-json\/wp\/v2\/pages"}],"about":[{"href":"https:\/\/facetproject.eu\/es\/wp-json\/wp\/v2\/types\/page"}],"author":[{"embeddable":true,"href":"https:\/\/facetproject.eu\/es\/wp-json\/wp\/v2\/users\/3"}],"replies":[{"embeddable":true,"href":"https:\/\/facetproject.eu\/es\/wp-json\/wp\/v2\/comments?post=785"}],"version-history":[{"count":9,"href":"https:\/\/facetproject.eu\/es\/wp-json\/wp\/v2\/pages\/785\/revisions"}],"predecessor-version":[{"id":1143,"href":"https:\/\/facetproject.eu\/es\/wp-json\/wp\/v2\/pages\/785\/revisions\/1143"}],"wp:attachment":[{"href":"https:\/\/facetproject.eu\/es\/wp-json\/wp\/v2\/media?parent=785"}],"curies":[{"name":"wp","href":"https:\/\/api.w.org\/{rel}","templated":true}]}}