{"id":779,"date":"2019-09-11T14:42:25","date_gmt":"2019-09-11T14:42:25","guid":{"rendered":"https:\/\/facetproject.eu\/?page_id=779"},"modified":"2019-09-18T07:58:01","modified_gmt":"2019-09-18T07:58:01","slug":"did","status":"publish","type":"page","link":"https:\/\/facetproject.eu\/es\/did\/","title":{"rendered":""},"content":{"rendered":"<div class=\"is-layout-flex wp-container-3 wp-block-columns has-2-columns\">\n<div class=\"is-layout-flow wp-block-column\">\n<div class=\"wp-block-image\"><figure class=\"aligncenter\"><a href=\"http:\/\/www.distrettointerniedesign.it\" target=\"_blank\" rel=\"noopener noreferrer\"><img decoding=\"async\" loading=\"lazy\" width=\"321\" height=\"254\" src=\"https:\/\/facetproject.eu\/wp-content\/uploads\/2019\/09\/did-01.png\" alt=\"\" class=\"wp-image-1144\" srcset=\"https:\/\/facetproject.eu\/wp-content\/uploads\/2019\/09\/did-01.png 321w, https:\/\/facetproject.eu\/wp-content\/uploads\/2019\/09\/did-01-300x237.png 300w\" sizes=\"(max-width: 321px) 100vw, 321px\" \/><\/a><\/figure><\/div>\n\n\n\n<p><\/p>\n<\/div>\n\n\n\n<div class=\"is-layout-flow wp-block-column\">\n<p class=\" translation-block\">El <strong><a href=\"http:\/\/www.distrettointerniedesign.it\" target=\"_self\">cl\u00faster tecnol\u00f3gico toscano para interiores y dise\u00f1o dID<\/a><\/strong> se centra en la innovaci\u00f3n y la transferencia tecnol\u00f3gica relacionada con interiores del hogar \/ veh\u00edculos recreativos \/ sectores n\u00e1uticos y la innovaci\u00f3n de dise\u00f1o en general.<\/p>\n\n\n\n<p class=\" translation-block\">Est\u00e1 formado por 5 centros de promoci\u00f3n e incluye asociaciones empresariales. La participaci\u00f3n de las organizaciones de investigaci\u00f3n es estrat\u00e9gica, ya que el objetivo de <strong>dID<\/strong> es aportar competencias a las empresas, principalmente a las PYME, para desarrollar procesos de I + D.<\/p>\n\n\n\n<p class=\" translation-block\">El cl\u00faster tecnol\u00f3gico dID se enfoca en varios sectores del \u00e1rea de fabricaci\u00f3n, tiene una visi\u00f3n multidisciplinaria y nace naturalmente para desarrollar actividades relacionadas con I+D, formaci\u00f3n e internacionalizaci\u00f3n para todos los miembros. Las redes de organizaciones de investigaci\u00f3n y actores internacionales que dID pone en cooperaci\u00f3n con las empresas miembros son relaciones bien establecidas con puntos de vista muy concretos.<\/p>\n\n\n\n<p>Servicios de asistencia prestados: <\/p>\n\n\n\n<ul><li>Acceso al apoyo p\u00fablico (programas regionales \/ nacionales, bonos de innovaci\u00f3n, etc.)<\/li><li>Facilitaci\u00f3n de la colaboraci\u00f3n entre los miembros.<\/li><li>Apoyo a la transferencia de conocimiento.<\/li><li>Gesti\u00f3n de la innovaci\u00f3n \/ Soporte de procesos de innovaci\u00f3n (internos, externos).<\/li><\/ul>\n\n\n\n<p><\/p>\n<\/div>\n<\/div>\n\n\n\n<p><\/p>","protected":false},"excerpt":{"rendered":"<p>The Tuscan Technological Cluster for Interiors and Design DID is focused on innovation and technological transfer related to interiors in the home \/ recreational vehicles \/ nautical sectors and design innovation in general. It is formed by 5 promotion centers and includes business associations. The participation of research organizations is strategic as the focus of [&hellip;]<\/p>","protected":false},"author":3,"featured_media":0,"parent":0,"menu_order":0,"comment_status":"closed","ping_status":"closed","template":"page-full-width.php","meta":[],"_links":{"self":[{"href":"https:\/\/facetproject.eu\/es\/wp-json\/wp\/v2\/pages\/779"}],"collection":[{"href":"https:\/\/facetproject.eu\/es\/wp-json\/wp\/v2\/pages"}],"about":[{"href":"https:\/\/facetproject.eu\/es\/wp-json\/wp\/v2\/types\/page"}],"author":[{"embeddable":true,"href":"https:\/\/facetproject.eu\/es\/wp-json\/wp\/v2\/users\/3"}],"replies":[{"embeddable":true,"href":"https:\/\/facetproject.eu\/es\/wp-json\/wp\/v2\/comments?post=779"}],"version-history":[{"count":10,"href":"https:\/\/facetproject.eu\/es\/wp-json\/wp\/v2\/pages\/779\/revisions"}],"predecessor-version":[{"id":1147,"href":"https:\/\/facetproject.eu\/es\/wp-json\/wp\/v2\/pages\/779\/revisions\/1147"}],"wp:attachment":[{"href":"https:\/\/facetproject.eu\/es\/wp-json\/wp\/v2\/media?parent=779"}],"curies":[{"name":"wp","href":"https:\/\/api.w.org\/{rel}","templated":true}]}}