{"id":51,"date":"2019-04-16T11:26:29","date_gmt":"2019-04-16T11:26:29","guid":{"rendered":"https:\/\/facetproject.eu\/?page_id=51"},"modified":"2019-12-03T09:57:30","modified_gmt":"2019-12-03T09:57:30","slug":"mesmerize","status":"publish","type":"page","link":"https:\/\/facetproject.eu\/es\/","title":{"rendered":"Furniture sector Avant-garde Creativity<br\/> and Entrepreneurship Training"},"content":{"rendered":"<hr class=\"wp-block-separator\"\/>\n\n\n\n<div class=\"is-layout-flex wp-container-3 wp-block-columns has-2-columns\">\n<div class=\"is-layout-flow wp-block-column\">\n<div class=\"wp-block-image\"><figure class=\"aligncenter\"><img decoding=\"async\" loading=\"lazy\" width=\"1024\" height=\"661\" src=\"https:\/\/facetproject.eu\/wp-content\/uploads\/2019\/12\/facet-home-1024x661.jpg\" alt=\"\" class=\"wp-image-1236\" srcset=\"https:\/\/facetproject.eu\/wp-content\/uploads\/2019\/12\/facet-home-1024x661.jpg 1024w, https:\/\/facetproject.eu\/wp-content\/uploads\/2019\/12\/facet-home-300x194.jpg 300w, https:\/\/facetproject.eu\/wp-content\/uploads\/2019\/12\/facet-home-768x496.jpg 768w, https:\/\/facetproject.eu\/wp-content\/uploads\/2019\/12\/facet-home-465x300.jpg 465w, https:\/\/facetproject.eu\/wp-content\/uploads\/2019\/12\/facet-home-1140x736.jpg 1140w\" sizes=\"(max-width: 1024px) 100vw, 1024px\" \/><\/figure><\/div>\n<\/div>\n\n\n\n<div class=\"is-layout-flow wp-block-column\">\n<p class=\" translation-block\"><strong>FACET<\/strong> tiene como objetivo desarrollar <strong>herramientas innovadoras para la formaci\u00f3n en creatividad y emprendimiento<\/strong> para los sectores del <strong>mueble e interiores del hogar<\/strong> que se utilizar\u00e1n para la formaci\u00f3n profesional inicial (FP), as\u00ed como para la formaci\u00f3n continua de los trabajadores.<\/p>\n\n\n\n<p class=\" translation-block\">Se analizar\u00e1n las <strong>necesidades de conocimientos, habilidades y competencias<\/strong> relacionadas con la <strong>creatividad<\/strong> y el <strong>emprendimiento<\/strong> en el sector Mueble. En base a esto se desarrollar\u00e1 un itinerario formativo y un <strong>curso online<\/strong>. Las herramientas del curso se basar\u00e1n aprendizaje basado en el trabajo.<\/p>\n\n\n\n<p>Per\u00edodo de implementaci\u00f3n: 01\/11\/2018 - 30\/04\/2021<\/p>\n\n\n\n<h4>Resultados de utilidad para las empresas:<\/h4>\n\n\n\n<ul><li>An\u00e1lisis de la situaci\u00f3n actual y de las necesidades de las empresas \/ profesionales en relaci\u00f3n con la creatividad y el emprendimiento en los sectores del mueble y de interiores del hogar.<\/li><li>Materiales de formaci\u00f3n y herramienta de aprendizaje basada en el trabajo en 7 idiomas.<\/li><li>Posibilidad de participar en el curso piloto durante la implementaci\u00f3n del proyecto.<\/li><\/ul>\n<\/div>\n<\/div>","protected":false},"excerpt":{"rendered":"<p>FACET aims to develop innovative tools for training in creativity and entrepreneurship for the furniture and home interior sectors to be used for initial vocational education and training (VET), as well as for the continuous VET for workers. Professional skills, knowledge and competencies needs related to creativity and entrepreneurship will be analysed within the sector. [&hellip;]<\/p>","protected":false},"author":1,"featured_media":0,"parent":0,"menu_order":0,"comment_status":"closed","ping_status":"closed","template":"page-full-width.php","meta":[],"_links":{"self":[{"href":"https:\/\/facetproject.eu\/es\/wp-json\/wp\/v2\/pages\/51"}],"collection":[{"href":"https:\/\/facetproject.eu\/es\/wp-json\/wp\/v2\/pages"}],"about":[{"href":"https:\/\/facetproject.eu\/es\/wp-json\/wp\/v2\/types\/page"}],"author":[{"embeddable":true,"href":"https:\/\/facetproject.eu\/es\/wp-json\/wp\/v2\/users\/1"}],"replies":[{"embeddable":true,"href":"https:\/\/facetproject.eu\/es\/wp-json\/wp\/v2\/comments?post=51"}],"version-history":[{"count":115,"href":"https:\/\/facetproject.eu\/es\/wp-json\/wp\/v2\/pages\/51\/revisions"}],"predecessor-version":[{"id":1237,"href":"https:\/\/facetproject.eu\/es\/wp-json\/wp\/v2\/pages\/51\/revisions\/1237"}],"wp:attachment":[{"href":"https:\/\/facetproject.eu\/es\/wp-json\/wp\/v2\/media?parent=51"}],"curies":[{"name":"wp","href":"https:\/\/api.w.org\/{rel}","templated":true}]}}