{"id":29,"date":"2019-04-16T11:17:43","date_gmt":"2019-04-16T11:17:43","guid":{"rendered":"https:\/\/facetproject.eu\/?page_id=29"},"modified":"2021-04-29T14:54:27","modified_gmt":"2021-04-29T14:54:27","slug":"downloads","status":"publish","type":"page","link":"https:\/\/facetproject.eu\/es\/downloads\/","title":{"rendered":"Descargas"},"content":{"rendered":"<p class=\" translation-block\">Los resultados disponibles p\u00fablicamente del proyecto <b>FACET<\/b> se enumeran a continuaci\u00f3n.<\/p>\n\n\n\n<h4><strong>Documentos t\u00e9cnicos<\/strong><\/h4>\n\n\n\n<hr class=\"wp-block-separator\"\/>\n\n\n\n<div class=\"is-layout-flex wp-container-3 wp-block-columns has-2-columns\">\n<div class=\"is-layout-flow wp-block-column\">\n<div class=\"wp-block-media-text alignwide\"><figure class=\"wp-block-media-text__media\"><img decoding=\"async\" loading=\"lazy\" width=\"742\" height=\"906\" src=\"https:\/\/facetproject.eu\/wp-content\/uploads\/2021\/04\/Image-VET.png\" alt=\"\" class=\"wp-image-1416\" srcset=\"https:\/\/facetproject.eu\/wp-content\/uploads\/2021\/04\/Image-VET.png 742w, https:\/\/facetproject.eu\/wp-content\/uploads\/2021\/04\/Image-VET-246x300.png 246w\" sizes=\"(max-width: 742px) 100vw, 742px\" \/><\/figure><div class=\"wp-block-media-text__content\">\n<p><strong>Gu\u00eda para formadores - proveedores FP<\/strong> <\/p>\n\n\n\n<p class=\" translation-block\">prova esp<\/p>\n<\/div><\/div>\n\n\n\n<p><\/p>\n<\/div>\n\n\n\n<div class=\"is-layout-flow wp-block-column\">\n<div class=\"wp-block-media-text alignwide\"><figure class=\"wp-block-media-text__media\"><img decoding=\"async\" loading=\"lazy\" width=\"742\" height=\"905\" src=\"https:\/\/facetproject.eu\/wp-content\/uploads\/2021\/04\/Image-Companies.png\" alt=\"\" class=\"wp-image-1417\" srcset=\"https:\/\/facetproject.eu\/wp-content\/uploads\/2021\/04\/Image-Companies.png 742w, https:\/\/facetproject.eu\/wp-content\/uploads\/2021\/04\/Image-Companies-246x300.png 246w\" sizes=\"(max-width: 742px) 100vw, 742px\" \/><\/figure><div class=\"wp-block-media-text__content\">\n<p><strong> Gu\u00eda para formadores - Empresas mueble <\/strong><\/p>\n\n\n\n<p> Esta gu\u00eda es similar a la anterior, pero en este caso se dirige a las Empresas del mueble y m\u00e1s concretamente, a sus responsables de recursos humanos. La gu\u00eda permitir\u00e1 trasladar a los profesionales creativos de las empresas como utilizar los recursos desarrollados en el proyecto FACET: i) el curr\u00edculum, ii) el curso (MOOC) y iii) la herramienta (WBLT).<br> <br><a href=\"https:\/\/facetproject.eu\/wp-content\/uploads\/2021\/04\/Guide_Trainers-Companies-FINAL-ES.pdf\" target=\"_blank\" rel=\"noreferrer noopener\" aria-label=\" (opens in a new tab)\">Guide - Furniture companies (Spanish version)<\/a><\/p>\n<\/div><\/div>\n<\/div>\n<\/div>\n\n\n\n<div class=\"is-layout-flex wp-container-6 wp-block-columns has-2-columns\">\n<div class=\"is-layout-flow wp-block-column\">\n<div class=\"wp-block-media-text alignwide\"><figure class=\"wp-block-media-text__media\"><img decoding=\"async\" loading=\"lazy\" width=\"724\" height=\"1024\" src=\"https:\/\/facetproject.eu\/wp-content\/uploads\/2019\/12\/FACET\u2013Curriculum\u2013EN-1-724x1024.jpg\" alt=\"\" class=\"wp-image-1230\" srcset=\"https:\/\/facetproject.eu\/wp-content\/uploads\/2019\/12\/FACET\u2013Curriculum\u2013EN-1-724x1024.jpg 724w, https:\/\/facetproject.eu\/wp-content\/uploads\/2019\/12\/FACET\u2013Curriculum\u2013EN-1-212x300.jpg 212w, https:\/\/facetproject.eu\/wp-content\/uploads\/2019\/12\/FACET\u2013Curriculum\u2013EN-1-768x1086.jpg 768w, https:\/\/facetproject.eu\/wp-content\/uploads\/2019\/12\/FACET\u2013Curriculum\u2013EN-1-1140x1612.jpg 1140w\" sizes=\"(max-width: 724px) 100vw, 724px\" \/><\/figure><div class=\"wp-block-media-text__content\">\n<p><strong>Curr\u00edculum<\/strong><\/p>\n\n\n\n<p>El curr\u00edculum contiene una descripci\u00f3n general de los cinco m\u00f3dulos formativos con sus objetivos, plan de aprendizaje, procedimientos y criterios para la evaluaci\u00f3n de los resultados de aprendizaje que se lograr\u00e1n en cada m\u00f3dulo, as\u00ed como la lista de ocupaciones \/ calificaciones en las que se podr\u00eda integrar cada m\u00f3dulo.<br><\/p>\n\n\n\n<p><a href=\"https:\/\/facetproject.eu\/wp-content\/uploads\/2019\/12\/FACET%E2%80%93Curriculum%E2%80%93EN.pdf\"><a href=\"https:\/\/facetproject.eu\/wp-content\/uploads\/2019\/11\/FACET-Curriculum-SP.pdf\">Curriculum (Spanish version)<\/a><\/a><\/p>\n<\/div><\/div>\n<\/div>\n\n\n\n<div class=\"is-layout-flow wp-block-column\">\n<div class=\"wp-block-media-text alignwide\"><figure class=\"wp-block-media-text__media\"><img decoding=\"async\" loading=\"lazy\" width=\"1024\" height=\"768\" src=\"https:\/\/facetproject.eu\/wp-content\/uploads\/2019\/11\/FACET-DIDDIDA-SURVRESULTS_VETPROGRAMS-1024x768.jpg\" alt=\"\" class=\"wp-image-1210\" srcset=\"https:\/\/facetproject.eu\/wp-content\/uploads\/2019\/11\/FACET-DIDDIDA-SURVRESULTS_VETPROGRAMS-1024x768.jpg 1024w, https:\/\/facetproject.eu\/wp-content\/uploads\/2019\/11\/FACET-DIDDIDA-SURVRESULTS_VETPROGRAMS-300x225.jpg 300w, https:\/\/facetproject.eu\/wp-content\/uploads\/2019\/11\/FACET-DIDDIDA-SURVRESULTS_VETPROGRAMS-768x576.jpg 768w, https:\/\/facetproject.eu\/wp-content\/uploads\/2019\/11\/FACET-DIDDIDA-SURVRESULTS_VETPROGRAMS-400x300.jpg 400w, https:\/\/facetproject.eu\/wp-content\/uploads\/2019\/11\/FACET-DIDDIDA-SURVRESULTS_VETPROGRAMS-1140x855.jpg 1140w, https:\/\/facetproject.eu\/wp-content\/uploads\/2019\/11\/FACET-DIDDIDA-SURVRESULTS_VETPROGRAMS.jpg 2000w\" sizes=\"(max-width: 1024px) 100vw, 1024px\" \/><\/figure><div class=\"wp-block-media-text__content\">\n<p><strong>Encuesta de necesidades de capacidades<\/strong> <\/p>\n\n\n\n<p class=\" translation-block\">Se envi\u00f3 un cuestionario en cada pa\u00eds socio del proyecto (60 creativos, 77 empresarios, 36 formadores \/ docentes) con el fin de entrar en contacto directo con grupos objetivo y partes interesadas  y comprender las necesidades en t\u00e9rminos de conocimiento y habilidades relacionadas con la creatividad y el esp\u00edritu empresarial en el sector del mueble. <br><br><a rel=\"noreferrer noopener\" href=\"https:\/\/facetproject.eu\/wp-content\/uploads\/2019\/11\/FACET-DIDDIDA-SURVRESULTS_VETPROGRAMS.pdf\" target=\"_self\">Encuesta (versi\u00f3n en ingl\u00e9s)<\/a><\/p>\n<\/div><\/div>\n<\/div>\n<\/div>\n\n\n\n<hr class=\"wp-block-separator is-style-dots\"\/>\n\n\n\n<h4><strong>Materiales de difusi\u00f3n<\/strong><\/h4>\n\n\n\n<hr class=\"wp-block-separator\"\/>\n\n\n\n<div class=\"is-layout-flex wp-container-9 wp-block-columns has-2-columns\">\n<div class=\"is-layout-flow wp-block-column\">\n<div class=\"wp-block-media-text alignwide\"><figure class=\"wp-block-media-text__media\"><img decoding=\"async\" loading=\"lazy\" width=\"722\" height=\"1024\" src=\"https:\/\/facetproject.eu\/wp-content\/uploads\/2019\/11\/FACET\u2013Brochure\u2013EN-722x1024.jpg\" alt=\"\" class=\"wp-image-1223\" srcset=\"https:\/\/facetproject.eu\/wp-content\/uploads\/2019\/11\/FACET\u2013Brochure\u2013EN-722x1024.jpg 722w, https:\/\/facetproject.eu\/wp-content\/uploads\/2019\/11\/FACET\u2013Brochure\u2013EN-211x300.jpg 211w, https:\/\/facetproject.eu\/wp-content\/uploads\/2019\/11\/FACET\u2013Brochure\u2013EN-768x1089.jpg 768w, https:\/\/facetproject.eu\/wp-content\/uploads\/2019\/11\/FACET\u2013Brochure\u2013EN-1140x1617.jpg 1140w, https:\/\/facetproject.eu\/wp-content\/uploads\/2019\/11\/FACET\u2013Brochure\u2013EN.jpg 1166w\" sizes=\"(max-width: 722px) 100vw, 722px\" \/><\/figure><div class=\"wp-block-media-text__content\">\n<p><strong>Folleto<\/strong><\/p>\n\n\n\n<p class=\" translation-block\">El folleto contiene una breve presentaci\u00f3n de los objetivos, la fecha de implementaci\u00f3n y los resultados del proyecto FACET. <br><br><a rel=\"noreferrer noopener\" href=\"https:\/\/facetproject.eu\/wp-content\/uploads\/2019\/11\/FACET\u2013Brochure\u2013SP.pdf\" target=\"_self\">Folleto (versi\u00f3n en espa\u00f1ol)<\/a><\/p>\n<\/div><\/div>\n<\/div>\n\n\n\n<div class=\"is-layout-flow wp-block-column\">\n<div class=\"wp-block-media-text alignwide\"><figure class=\"wp-block-media-text__media\"><img decoding=\"async\" loading=\"lazy\" width=\"516\" height=\"654\" src=\"https:\/\/facetproject.eu\/wp-content\/uploads\/2020\/01\/facet_newsletter-01.png\" alt=\"\" class=\"wp-image-1281\" srcset=\"https:\/\/facetproject.eu\/wp-content\/uploads\/2020\/01\/facet_newsletter-01.png 516w, https:\/\/facetproject.eu\/wp-content\/uploads\/2020\/01\/facet_newsletter-01-237x300.png 237w\" sizes=\"(max-width: 516px) 100vw, 516px\" \/><\/figure><div class=\"wp-block-media-text__content\">\n<p><strong>Bolet\u00edn informativo<\/strong><\/p>\n\n\n\n<p>El bolet\u00edn contiene las \u00faltimas noticias relacionadas con el proyecto, como el lanzamiento de la web, el informe de los resultados de la encuesta y la publicaci\u00f3n del curr\u00edculum, as\u00ed como otras noticias del sector<br><br><a rel=\"noreferrer noopener\" href=\"https:\/\/facetproject.eu\/wp-content\/uploads\/2020\/01\/20200122_facet_nl01.html\" target=\"_blank\">Bolet\u00edn informativo #1 (Versi\u00f3n en ingl\u00e9s)<\/a> <br><a href=\"https:\/\/facetproject.eu\/wp-content\/uploads\/2020\/10\/FACET-NL02.html\" target=\"_blank\" rel=\"noreferrer noopener\" aria-label=\" (opens in a new tab)\">Bolet\u00edn informativo #2 (Versi\u00f3n en ingl\u00e9s)<\/a> <br><a rel=\"noreferrer noopener\" aria-label=\" (opens in a new tab)\" href=\"https:\/\/facetproject.eu\/wp-content\/uploads\/2020\/12\/FACET-NL03.html\" target=\"_blank\">Bolet\u00edn informativo #3 (Versi\u00f3n en ingl\u00e9s)<\/a> <br><a rel=\"noreferrer noopener\" aria-label=\" (opens in a new tab)\" href=\"https:\/\/facetproject.eu\/wp-content\/uploads\/2021\/02\/FACET-NL04.html\" target=\"_blank\">Bolet\u00edn informativo #4 (Versi\u00f3n en ingl\u00e9s)<\/a> <\/p>\n<\/div><\/div>\n<\/div>\n<\/div>","protected":false},"excerpt":{"rendered":"<p>The publicly available outcomes of the FACET project are listed below. Technical documents Guide for trainers &#8211; VET providers The guide for Vocational and Educational Training (VET) trainers explains how to use and apply the resources developed in the FACET project: i) the curriculum, ii) the training material of the course (MOOC) and iii) the [&hellip;]<\/p>","protected":false},"author":1,"featured_media":0,"parent":0,"menu_order":0,"comment_status":"closed","ping_status":"closed","template":"page-full-width.php","meta":[],"_links":{"self":[{"href":"https:\/\/facetproject.eu\/es\/wp-json\/wp\/v2\/pages\/29"}],"collection":[{"href":"https:\/\/facetproject.eu\/es\/wp-json\/wp\/v2\/pages"}],"about":[{"href":"https:\/\/facetproject.eu\/es\/wp-json\/wp\/v2\/types\/page"}],"author":[{"embeddable":true,"href":"https:\/\/facetproject.eu\/es\/wp-json\/wp\/v2\/users\/1"}],"replies":[{"embeddable":true,"href":"https:\/\/facetproject.eu\/es\/wp-json\/wp\/v2\/comments?post=29"}],"version-history":[{"count":130,"href":"https:\/\/facetproject.eu\/es\/wp-json\/wp\/v2\/pages\/29\/revisions"}],"predecessor-version":[{"id":1454,"href":"https:\/\/facetproject.eu\/es\/wp-json\/wp\/v2\/pages\/29\/revisions\/1454"}],"wp:attachment":[{"href":"https:\/\/facetproject.eu\/es\/wp-json\/wp\/v2\/media?parent=29"}],"curies":[{"name":"wp","href":"https:\/\/api.w.org\/{rel}","templated":true}]}}