{"id":23,"date":"2019-04-16T11:16:42","date_gmt":"2019-04-16T11:16:42","guid":{"rendered":"https:\/\/facetproject.eu\/?page_id=23"},"modified":"2019-12-03T09:59:46","modified_gmt":"2019-12-03T09:59:46","slug":"project","status":"publish","type":"page","link":"https:\/\/facetproject.eu\/es\/project\/","title":{"rendered":"Proyecto"},"content":{"rendered":"<div class=\"is-layout-flex wp-container-3 wp-block-columns has-2-columns\">\n<div class=\"is-layout-flow wp-block-column\">\n<h3><strong>El contexto<\/strong><\/h3>\n\n\n\n<p class=\" translation-block\">Aunque los <strong>fabricantes de muebles de la UE<\/strong> tienen una buena reputaci\u00f3n en todo el mundo con respecto al dise\u00f1o, solo unas pocas empresas <strong>marcan tendencias<\/strong>, mientras que la mayor\u00eda de las empresas, especialmente las PYME, son seguidoras. En el contexto altamente competitivo al que se enfrentan las empresas de muebles, <strong>deben ser m\u00e1s creativas y emprendedoras, lo que significa no solo iniciar nuevos negocios sino tambi\u00e9n poder comercializar nuevos productos y servicios valiosos.<\/strong><\/p>\n<\/div>\n\n\n\n<div class=\"is-layout-flow wp-block-column\">\n<h3><strong>Objetivo principal<\/strong><\/h3>\n\n\n\n<p class=\" translation-block\">El objetivo principal del proyecto FACET es el desarrollo de <strong>nuevos m\u00e9todos innovadores para fortalecer a\u00fan m\u00e1s la creatividad y el esp\u00edritu emprendedor en los programas de FP en el sector del mueble<\/strong>, tanto para la FP inicial como para la formaci\u00f3n continua y teniendo en cuenta el aprendizaje basado en el trabajo.<\/p>\n\n\n\n<p class=\" translation-block\">La formaci\u00f3n de FACET fomentar\u00e1 la creatividad y las habilidades empresariales de los <strong>profesionales de las empresas de muebles<\/strong>, lo que dar\u00e1 como resultado nuevos productos que est\u00e1n en l\u00ednea con la estructura, los estilos de vida y las tendencias cambiantes de la poblaci\u00f3n, as\u00ed como en nuevos modelos de negocios y relaciones entre proveedores y consumidores.<\/p>\n<\/div>\n<\/div>\n\n\n\n<div class=\"is-layout-flex wp-container-6 wp-block-columns has-2-columns\">\n<div class=\"is-layout-flow wp-block-column\">\n<div class=\"wp-block-image\"><figure class=\"aligncenter\"><img decoding=\"async\" loading=\"lazy\" width=\"481\" height=\"480\" src=\"https:\/\/facetproject.eu\/wp-content\/uploads\/2019\/09\/image1_project.png\" alt=\"\" class=\"wp-image-1156\" srcset=\"https:\/\/facetproject.eu\/wp-content\/uploads\/2019\/09\/image1_project.png 481w, https:\/\/facetproject.eu\/wp-content\/uploads\/2019\/09\/image1_project-150x150.png 150w, https:\/\/facetproject.eu\/wp-content\/uploads\/2019\/09\/image1_project-300x300.png 300w, https:\/\/facetproject.eu\/wp-content\/uploads\/2019\/09\/image1_project-301x300.png 301w\" sizes=\"(max-width: 481px) 100vw, 481px\" \/><\/figure><\/div>\n\n\n\n<p><\/p>\n<\/div>\n\n\n\n<div class=\"is-layout-flow wp-block-column\">\n<h3><strong>Metodolog\u00eda<\/strong><\/h3>\n\n\n\n<p class=\" translation-block\">El proyecto FACET parte del estudio de las <strong>cualificaciones y ocupaciones del sector del mueble<\/strong> con el fin de definir los <strong>resultados del aprendizaje<\/strong> que ser\u00e1n cubiertos por el <strong>plan de formaci\u00f3n del curso de creatividad y emprendimiento para el sector del mueble<\/strong>, con los comentarios de los empleados de las industrias del mueble.<\/p>\n\n\n\n<p class=\" translation-block\">Luego, se desarrollar\u00e1 el <strong>plan de formaci\u00f3n<\/strong> o <strong>curr\u00edculum<\/strong> definiendo las <strong>unidades<\/strong> en detalle: t\u00edtulo gen\u00e9rico, perfiles \/ cualificaciones de ESCO, nivel EQF, resultados de aprendizaje, procedimientos y criterios para la evaluaci\u00f3n y puntos ECVET.<\/p>\n\n\n\n<p class=\" translation-block\">Una vez que el plan de formaci\u00f3n est\u00e9 listo, se desarrollar\u00e1 el <strong>curso en l\u00ednea de FACET<\/strong> creando los <strong>contenidos<\/strong>, transform\u00e1ndolos en <strong>objetos de aprendizaje interactivos y juegos<\/strong>, integr\u00e1ndolos en una <strong>plataforma de aprendizaje online<\/strong> e implementando un sistema de <strong>insignias<\/strong>. Se realizar\u00e1 una prueba final con los usuarios, recopilando sus comentarios y mejor\u00e1ndola en consecuencia.<\/p>\n\n\n\n<p class=\" translation-block\">Tambi\u00e9n se crear\u00e1 una <strong>herramienta de aprendizaje basada en el trabajo<\/strong> y se implementar\u00e1 un <strong>sistema de insignias<\/strong> para el <strong>reconocimiento de habilidades<\/strong> a medida que se utiliza la herramienta. Se realizar\u00e1 una <strong>prueba piloto<\/strong> con usuarios, recopilando sus comentarios y mejorando la herramienta de acuerdo con los resultados de la prueba.<\/p>\n\n\n\n<p class=\" translation-block\">Se desarrollar\u00e1 una <strong>gu\u00eda para formadores<\/strong> que explique c\u00f3mo utilizar tanto el <strong>curso en l\u00ednea<\/strong> como la <strong>herramienta de formaci\u00f3n<\/strong> y c\u00f3mo evaluar los resultados del aprendizaje correspondientes, incluidas las buenas pr\u00e1cticas recopiladas de las pruebas piloto.<\/p>\n\n\n\n<p class=\" translation-block\">Una vez que se hayan creado todos los resultados del proyecto, los socios realizar\u00e1n <strong>talleres de difusi\u00f3n<\/strong> en sus <strong>pa\u00edses<\/strong> para difundir los resultados del proyecto y recibir comentarios de las partes interesadas.<\/p>\n<\/div>\n<\/div>\n\n\n\n<div class=\"is-layout-flex wp-container-9 wp-block-columns has-2-columns\">\n<div class=\"is-layout-flow wp-block-column\">\n<h3><strong>Resultados<\/strong><\/h3>\n\n\n\n<p>El nuevo material formativo mejorar\u00e1 la capacidad de generar ideas, llegar a mejores ideas y convertirlas en acciones para lograr productos \/ servicios \/ modelos de negocio reales y valiosos.<\/p>\n\n\n\n<p class=\" translation-block\">El proyecto desarrollar\u00e1 <strong>productos intelectuales<\/strong>  con respecto a la <strong>creatividad, el esp\u00edritu emprendedor y su aplicaci\u00f3n en el sector del mueble<\/strong>, que estar\u00e1 abierto de forma gratuita desde el sitio web del proyecto:<\/p>\n\n\n\n<ul><li>Plan de formaci\u00f3n o curr\u00edculum;<\/li><li>Curso online;<\/li><li>Herramienta de aprendizaje basada en el trabajo; y<\/li><li> Gu\u00eda para formadores. <\/li><\/ul>\n<\/div>\n\n\n\n<div class=\"is-layout-flow wp-block-column\">\n<h3><strong>Grupos destinatarios<\/strong><\/h3>\n\n\n\n<p class=\" translation-block\">Los principales <strong>grupos destinatarios<\/strong> del proyecto FCET son los siguientes:<br><\/p>\n\n\n\n<ul><li>Profesionales en la industria del mueble que se ocupan de la innovaci\u00f3n (dise\u00f1adores, CEO, gerentes de marketing).<\/li><li>Estudiantes de dise\u00f1o, ingenier\u00eda de la madera y administraci\u00f3n y direcci\u00f3n de empresas.<\/li><li>Profesores de dise\u00f1o, administraci\u00f3n y direcci\u00f3n de empresas y programas de FP relacionados con el sector del mueble.<\/li><\/ul>\n<\/div>\n<\/div>\n\n\n\n<div class=\"is-layout-flex wp-container-12 wp-block-columns has-2-columns\">\n<div class=\"is-layout-flow wp-block-column\">\n<div class=\"wp-block-image is-resized\"><figure class=\"aligncenter is-resized\"><figure><img decoding=\"async\" src=\"https:\/\/facetproject.eu\/wp-content\/uploads\/2019\/12\/bright-bulb-close-up-conceptual-269318.jpg\" alt=\"\" class=\"wp-image-1072\"><\/figure><\/figure><\/div>\n<\/div>\n\n\n\n<div class=\"is-layout-flow wp-block-column\">\n<h3><strong>Productos Intelectuales<\/strong><\/h3>\n\n\n\n<p><strong>O1 \u2013 Plan de formaci\u00f3n FACET<\/strong><\/p>\n\n\n\n<p>Fecha de inicio: 01\/11\/2018 - Fecha de finalizaci\u00f3n: 31\/03\/2019 (5 meses)<\/p>\n\n\n\n<p><strong>O2 \u2013 Curso online FACET<\/strong><\/p>\n\n\n\n<p>Fecha de inicio: 14\/01\/2019 - Fecha final: 30\/06\/2020 (15 meses)<\/p>\n\n\n\n<p><strong>O3 \u2013 Herramienta de aprendizaje basada en el trabajo FACET<\/strong><\/p>\n\n\n\n<p>Fecha de inicio: 01\/09\/2019 - Fecha de finalizaci\u00f3n: 30\/11\/2020 (15 meses)<\/p>\n\n\n\n<p><strong>O4 \u2013 Gu\u00eda para formadores FACET<\/strong><\/p>\n\n\n\n<p>Fecha de inicio: 01\/07\/2020 - Fecha de finalizaci\u00f3n: 30\/11\/2020 (17 meses)<\/p>\n<\/div>\n<\/div>","protected":false},"excerpt":{"rendered":"<p>The context Although EU furniture manufacturers have good reputation worldwide regarding design, only a few companies are trendsetters while most of companies, especially SMEs, are followers. In the highly- competitive context that furniture companies are facing, they need to be more creative and entrepreneur, meaning not only starting new businesses but being able to commercialize [&hellip;]<\/p>","protected":false},"author":1,"featured_media":0,"parent":0,"menu_order":0,"comment_status":"closed","ping_status":"closed","template":"page-full-width.php","meta":[],"_links":{"self":[{"href":"https:\/\/facetproject.eu\/es\/wp-json\/wp\/v2\/pages\/23"}],"collection":[{"href":"https:\/\/facetproject.eu\/es\/wp-json\/wp\/v2\/pages"}],"about":[{"href":"https:\/\/facetproject.eu\/es\/wp-json\/wp\/v2\/types\/page"}],"author":[{"embeddable":true,"href":"https:\/\/facetproject.eu\/es\/wp-json\/wp\/v2\/users\/1"}],"replies":[{"embeddable":true,"href":"https:\/\/facetproject.eu\/es\/wp-json\/wp\/v2\/comments?post=23"}],"version-history":[{"count":97,"href":"https:\/\/facetproject.eu\/es\/wp-json\/wp\/v2\/pages\/23\/revisions"}],"predecessor-version":[{"id":1239,"href":"https:\/\/facetproject.eu\/es\/wp-json\/wp\/v2\/pages\/23\/revisions\/1239"}],"wp:attachment":[{"href":"https:\/\/facetproject.eu\/es\/wp-json\/wp\/v2\/media?parent=23"}],"curies":[{"name":"wp","href":"https:\/\/api.w.org\/{rel}","templated":true}]}}