{"id":182,"date":"2019-06-12T19:01:50","date_gmt":"2019-06-12T19:01:50","guid":{"rendered":"https:\/\/facetproject.eu\/?page_id=182"},"modified":"2019-09-18T10:20:56","modified_gmt":"2019-09-18T10:20:56","slug":"creativity-and-entrepreneurship","status":"publish","type":"page","link":"https:\/\/facetproject.eu\/es\/creativity-and-entrepreneurship\/","title":{"rendered":"Creatividad y emprendimiento"},"content":{"rendered":"<div class=\"is-layout-flex wp-container-3 wp-block-columns has-2-columns\">\n<div class=\"is-layout-flow wp-block-column\">\n<p>La industria de fabricaci\u00f3n de muebles de la UE se ha visto gravemente afectada por la reciente crisis y ha implementado cambios significativos para orientarse m\u00e1s hacia la exportaci\u00f3n y centrarse en mejorar la calidad, el dise\u00f1o y la innovaci\u00f3n. Estos cambios incluyen la reestructuraci\u00f3n, avances tecnol\u00f3gicos e innovaciones del modelo de negocio, pero tambi\u00e9n requiere una inversi\u00f3n continua en habilidades, dise\u00f1o, creatividad, investigaci\u00f3n, innovaci\u00f3n y nuevas tecnolog\u00edas.<\/p>\n\n\n\n<p>Aunque los fabricantes de muebles de la UE tienen una buena reputaci\u00f3n en todo el mundo con respecto al dise\u00f1o y la creatividad, solo unas pocas empresas marcan tendencias, mientras que la mayor\u00eda de las empresas son seguidoras, especialmente las PYME.<\/p>\n\n\n\n<p>La innovaci\u00f3n se ha convertido en una herramienta muy importante para la competitividad de las empresas y el \u00e9xito a largo plazo de las empresas depender\u00e1 de sus capacidades para ser innovadoras (Leavengood, 2009). Adem\u00e1s, en los mercados competitivos es necesario adaptar los cambios a trav\u00e9s de la innovaci\u00f3n para que las empresas sobrevivan (Bullard y West, 2002).<\/p>\n\n\n\n<p>La innovaci\u00f3n requiere competencias de iniciativa y emprendimiento, que se refieren a la capacidad de convertir ideas en acciones. Implica creatividad, innovaci\u00f3n y toma de riesgos, as\u00ed como la capacidad de planificar y gestionar proyectos para alcanzar objetivos. En esta perspectiva, el Foro Econ\u00f3mico Mundial mostr\u00f3 que las 3 primeras habilidades que se volvieron indispensables en la UE 2020 son: la resoluci\u00f3n de problemas complejos, pensamiento cr\u00edtico y creatividad. En el contexto altamente competitivo, las empresas de muebles deben ser m\u00e1s creativas y emprendedoras, no solo para iniciar nuevos negocios, sino tambi\u00e9n para poder comercializar nuevos productos y servicios valiosos.<\/p>\n<\/div>\n\n\n\n<div class=\"is-layout-flow wp-block-column\">\n<figure class=\"wp-block-image\"><img decoding=\"async\" loading=\"lazy\" width=\"715\" height=\"480\" src=\"https:\/\/facetproject.eu\/wp-content\/uploads\/2019\/09\/image2_creativityentrepreneurship-01.png\" alt=\"\" class=\"wp-image-1154\" srcset=\"https:\/\/facetproject.eu\/wp-content\/uploads\/2019\/09\/image2_creativityentrepreneurship-01.png 715w, https:\/\/facetproject.eu\/wp-content\/uploads\/2019\/09\/image2_creativityentrepreneurship-01-300x201.png 300w, https:\/\/facetproject.eu\/wp-content\/uploads\/2019\/09\/image2_creativityentrepreneurship-01-447x300.png 447w\" sizes=\"(max-width: 715px) 100vw, 715px\" \/><\/figure>\n\n\n\n<p><\/p>\n<\/div>\n<\/div>","protected":false},"excerpt":{"rendered":"<p>The EU furniture manufacturing industry has been severely hit by recent crisis and underwent significant changes to become more export-oriented and to focus on upgrading quality, design, and innovation. These changes include restructuring, technological advances, and business model innovations, but it needs continuing investment in skills, design, creativity, research, innovation, and new technologies. Although EU [&hellip;]<\/p>","protected":false},"author":3,"featured_media":0,"parent":0,"menu_order":0,"comment_status":"closed","ping_status":"closed","template":"page-full-width.php","meta":[],"_links":{"self":[{"href":"https:\/\/facetproject.eu\/es\/wp-json\/wp\/v2\/pages\/182"}],"collection":[{"href":"https:\/\/facetproject.eu\/es\/wp-json\/wp\/v2\/pages"}],"about":[{"href":"https:\/\/facetproject.eu\/es\/wp-json\/wp\/v2\/types\/page"}],"author":[{"embeddable":true,"href":"https:\/\/facetproject.eu\/es\/wp-json\/wp\/v2\/users\/3"}],"replies":[{"embeddable":true,"href":"https:\/\/facetproject.eu\/es\/wp-json\/wp\/v2\/comments?post=182"}],"version-history":[{"count":29,"href":"https:\/\/facetproject.eu\/es\/wp-json\/wp\/v2\/pages\/182\/revisions"}],"predecessor-version":[{"id":1155,"href":"https:\/\/facetproject.eu\/es\/wp-json\/wp\/v2\/pages\/182\/revisions\/1155"}],"wp:attachment":[{"href":"https:\/\/facetproject.eu\/es\/wp-json\/wp\/v2\/media?parent=182"}],"curies":[{"name":"wp","href":"https:\/\/api.w.org\/{rel}","templated":true}]}}