{"id":1290,"date":"2020-10-08T10:45:26","date_gmt":"2020-10-08T10:45:26","guid":{"rendered":"https:\/\/facetproject.eu\/?page_id=1290"},"modified":"2020-12-09T15:39:59","modified_gmt":"2020-12-09T15:39:59","slug":"pilot-course","status":"publish","type":"page","link":"https:\/\/facetproject.eu\/es\/pilot-course\/","title":{"rendered":"Curso online \"Creatividad y emprendimiento en el sector Mueble\""},"content":{"rendered":"<div class=\"is-layout-flex wp-container-3 wp-block-columns has-2-columns\">\n<div class=\"is-layout-flow wp-block-column\">\n<figure class=\"wp-block-embed-youtube aligncenter wp-block-embed is-type-video is-provider-youtube wp-embed-aspect-16-9 wp-has-aspect-ratio\"><div class=\"wp-block-embed__wrapper\">\n<iframe loading=\"lazy\" title=\"FACET \u2014 Pilot course HD\" width=\"750\" height=\"422\" src=\"https:\/\/www.youtube.com\/embed\/q5dQbcj3MAM?feature=oembed\" frameborder=\"0\" allow=\"accelerometer; autoplay; clipboard-write; encrypted-media; gyroscope; picture-in-picture\" allowfullscreen><\/iframe>\n<\/div><figcaption>Los subt\u00edtulos de video est\u00e1n disponibles en 6 idiomas<\/figcaption><\/figure>\n<\/div>\n\n\n\n<div class=\"is-layout-flow wp-block-column\">\n<div style=\"height:60px\" aria-hidden=\"true\" class=\"wp-block-spacer\"><\/div>\n\n\n\n<p style=\"text-align:center\"><em><strong>\u00bfQuieres iniciar un proyecto innovador o creativo<\/strong><\/em><br><em><strong>dentro de la industria del mueble? <\/strong><\/em><\/p>\n\n\n\n<hr class=\"wp-block-separator\"\/>\n\n\n\n<p style=\"text-align:center\"><em><strong>\u00bfEst\u00e1 familiarizado con las t\u00e9cnicas y herramientas para mejorar <\/strong><\/em><br><em><strong>tu creatividad e innovaci\u00f3n? <\/strong><\/em><\/p>\n\n\n\n<hr class=\"wp-block-separator\"\/>\n\n\n\n<p style=\"text-align:center\"><em><strong>\u00bfTe gustar\u00eda desarrollar un pensamiento m\u00e1s sostenible y creativo <\/strong><\/em><br><em><strong>y aplicarlo a tus proyectos?<\/strong><\/em><\/p>\n\n\n\n<div style=\"height:60px\" aria-hidden=\"true\" class=\"wp-block-spacer\"><\/div>\n\n\n\n<div class=\"wp-block-button aligncenter\"><a class=\"wp-block-button__link has-background\" href=\"https:\/\/facet.erasmusplus.website\/\" style=\"background-color:#aa0352\">Accede al curso<\/a><\/div>\n<\/div>\n<\/div>\n\n\n\n<div style=\"height:40px\" aria-hidden=\"true\" class=\"wp-block-spacer\"><\/div>\n\n\n\n<div style=\"height:40px\" aria-hidden=\"true\" class=\"wp-block-spacer\"><\/div>\n\n\n\n<hr class=\"wp-block-separator\"\/>\n\n\n\n<p>La innovaci\u00f3n requiere competencias de iniciativa y emprendimiento, que se refieran a la habilidad de&nbsp;<strong>convertir ideas en acciones<\/strong>. Implica creatividad, as\u00ed como la habilidad de&nbsp;<strong>planificar y gestionar proyectos para conseguir objetivos.<\/strong>&nbsp;Las empresas de mobiliario necesitan profesionales m\u00e1s creativos y emprendedores, no solo para empezar nuevos negocios, sino para ser capaces de&nbsp;<strong>comercializar nuevos productos y servicios de valor<\/strong>.<\/p>\n\n\n\n<p>Para adquirir las habilidades y competencias necesarias para desarrollar la creatividad e innovaci\u00f3n en tu empresa, puedes inscribirte en el&nbsp;<strong>curso de formaci\u00f3n \"Creatividad y Emprendimiento en el Sector del Mueble\"<\/strong>gratuito y abierto a cualquier persona interesada<\/p>\n\n\n\n<p>El curso consta de&nbsp;<strong>materiales de aprendizaje interactivos<\/strong>&nbsp;- videos, infograf\u00edas, presentaciones y cuestionarios - y un conjunto de&nbsp;<strong>libros de texto&nbsp;<\/strong>con toda la informaci\u00f3n necesaria y con lecturas adicionales para profundizar en diferentes temas de inter\u00e9s. El curso se compone de alrededor de 30 horas de formaci\u00f3n a trav\u00e9s de&nbsp;<strong>6 m\u00f3dulos diferentes<\/strong>:<\/p>\n\n\n\n<ol><li><strong>Creatividad y pensamiento creativo<\/strong>: una visi\u00f3n general de las m\u00faltiples valencias y capas de creatividad que permiten mejorar y desarrollar el pensamiento creativo.<\/li><li><strong>Creatividad e innovaci\u00f3n<\/strong>: focalizado en desarrollar m\u00e9todos para ser creativo e innovador al mismo tiempo.<\/li><li><strong>Creatividad motivacional<\/strong>: una visi\u00f3n general de la motivaci\u00f3n, los niveles de motivaci\u00f3n individual y su v\u00ednculo con la confianza, la productividad y el establecimiento de objetivos positivos mediante la exploraci\u00f3n de teor\u00edas motivadoras.<\/li><li><strong>Creatividad sostenible<\/strong>: presentaci\u00f3n del conocimiento b\u00e1sico de proyectos sostenibles que emplean un pensamiento creativo cr\u00edtico y sostenible: eficiencia ERM (Energ\u00eda, Residuos, Materiales), dise\u00f1o ecol\u00f3gico y econom\u00eda circular.<\/li><li><strong>Creatividad y emprendimiento<\/strong>: una introducci\u00f3n a las nociones b\u00e1sicas de la gesti\u00f3n estrat\u00e9gica, enfatizando las principales caracter\u00edsticas personales que pueden ser \u00fatiles en una posici\u00f3n de liderazgo.<\/li><li><strong>Herramienta basada en el trabajo<\/strong>: gu\u00eda del proceso de creaci\u00f3n e implementaci\u00f3n de ideas aplicado a proyectos reales.<\/li><\/ol>","protected":false},"excerpt":{"rendered":"<p>Do you want to start an innovative or creative projectwithin the furniture industry? Are you familiar with techniques and tools to enhance your creativity and innovation? Would you like to develop a more sustainable and creative thinking and apply it to your projects? Innovation requires initiative and entrepreneurship competences, which refers to the ability to&nbsp;turn [&hellip;]<\/p>","protected":false},"author":4,"featured_media":0,"parent":0,"menu_order":0,"comment_status":"closed","ping_status":"closed","template":"page-full-width.php","meta":[],"_links":{"self":[{"href":"https:\/\/facetproject.eu\/es\/wp-json\/wp\/v2\/pages\/1290"}],"collection":[{"href":"https:\/\/facetproject.eu\/es\/wp-json\/wp\/v2\/pages"}],"about":[{"href":"https:\/\/facetproject.eu\/es\/wp-json\/wp\/v2\/types\/page"}],"author":[{"embeddable":true,"href":"https:\/\/facetproject.eu\/es\/wp-json\/wp\/v2\/users\/4"}],"replies":[{"embeddable":true,"href":"https:\/\/facetproject.eu\/es\/wp-json\/wp\/v2\/comments?post=1290"}],"version-history":[{"count":21,"href":"https:\/\/facetproject.eu\/es\/wp-json\/wp\/v2\/pages\/1290\/revisions"}],"predecessor-version":[{"id":1361,"href":"https:\/\/facetproject.eu\/es\/wp-json\/wp\/v2\/pages\/1290\/revisions\/1361"}],"wp:attachment":[{"href":"https:\/\/facetproject.eu\/es\/wp-json\/wp\/v2\/media?parent=1290"}],"curies":[{"name":"wp","href":"https:\/\/api.w.org\/{rel}","templated":true}]}}