{"id":1044,"date":"2019-09-17T16:47:06","date_gmt":"2019-09-17T16:47:06","guid":{"rendered":"https:\/\/facetproject.eu\/?page_id=1044"},"modified":"2019-09-30T13:48:04","modified_gmt":"2019-09-30T13:48:04","slug":"ubrasov","status":"publish","type":"page","link":"https:\/\/facetproject.eu\/es\/ubrasov\/","title":{"rendered":""},"content":{"rendered":"<div class=\"is-layout-flex wp-container-3 wp-block-columns has-2-columns\">\n<div class=\"is-layout-flow wp-block-column\">\n<div class=\"wp-block-image\"><figure class=\"aligncenter\"><a href=\"https:\/\/www.unitbv.ro\/en\/\" target=\"_blank\" rel=\"noopener noreferrer\"><img decoding=\"async\" loading=\"lazy\" width=\"310\" height=\"131\" src=\"https:\/\/facetproject.eu\/wp-content\/uploads\/2019\/09\/TUB.png\" alt=\"\" class=\"wp-image-1116\" srcset=\"https:\/\/facetproject.eu\/wp-content\/uploads\/2019\/09\/TUB.png 310w, https:\/\/facetproject.eu\/wp-content\/uploads\/2019\/09\/TUB-300x127.png 300w\" sizes=\"(max-width: 310px) 100vw, 310px\" \/><\/a><\/figure><\/div>\n\n\n\n<p><\/p>\n<\/div>\n\n\n\n<div class=\"is-layout-flow wp-block-column\">\n<p class=\" translation-block\">Durante sus 70 a\u00f1os de existencia, la <a href=\"https:\/\/www.unitbv.ro\/en\/\"><strong>Universidad Transilvana de Bra\u0219ov<\/strong><\/a> se ha convertido en una instituci\u00f3n verdaderamente prestigiosa tanto a nivel nacional como internacional. Es una instituci\u00f3n estatal acreditada de educaci\u00f3n superior galardonada con el \u00abAlto grado de confianza\u00bb por la Agencia Rumana de Garant\u00eda de Calidad en la Educaci\u00f3n Superior y es evaluada internacionalmente por la Asociaci\u00f3n Europea de Universidades (EUA-IEP). La <strong>Universidad Transilvana de Brasov<\/strong> tiene ahora 18 facultades, ofreciendo licenciatura (para m\u00e1s de 100 programas), maestr\u00eda (m\u00e1s de 60 programas) y estudios de doctorado (18 dominios) y cuenta con unos 20.000 estudiantes. Cumple con los requisitos del Espacio Europeo para la Educaci\u00f3n Superior y la Investigaci\u00f3n seg\u00fan lo definido por las Declaraciones de Bolonia, Copenhague y Lisboa y promovido por la Estrategia Nacional para la Educaci\u00f3n Superior en Rumania.<\/p>\n\n\n\n<p class=\" translation-block\">La <strong>Facultad de Ingenier\u00eda de la Madera<\/strong>, miembro del proyecto <strong>FACET<\/strong>, pertenece a la Universidad de Transilvania y es la \u00fanica facultad de ciencia y tecnolog\u00eda de la madera en Rumania. Con 60 a\u00f1os de tradici\u00f3n, la facultad ha preparado a m\u00e1s de 6.500 graduados, ofreciendo programas de estudio en todos los niveles de educaci\u00f3n superior. El mobiliario es un tema presente en todos los programas. <strong>Ingenier\u00eda y dise\u00f1o de productos de madera<\/strong> (licenciatura) forma a ingenieros de producci\u00f3n y especialistas para el dise\u00f1o t\u00e9cnico y tecnol\u00f3gico de muebles. <strong>La Ingenier\u00eda de procesamiento de madera<\/strong> (licenciatura) proporciona el conocimiento necesario para las actividades en los sectores de producci\u00f3n y dise\u00f1o de la industria de procesamiento de madera. <strong>El dise\u00f1o ecol\u00f3gico y la restauraci\u00f3n de muebles<\/strong> (master) est\u00e1 extendiendo el conocimiento relacionado con los muebles a las tendencias m\u00e1s avanzadas en dise\u00f1o, materiales y tecnolog\u00eda. <strong>Las estructuras de madera avanzadas y las tecnolog\u00edas innovadoras<\/strong> (master) ofrecen educaci\u00f3n avanzada en el campo de los nuevos materiales a base de madera, estructuras de madera, tecnolog\u00edas innovadoras y gesti\u00f3n tecnol\u00f3gica en el sector de la madera.<\/p>\n<\/div>\n<\/div>","protected":false},"excerpt":{"rendered":"<p>During its 70 years of existence, Transilvania University of Bra\u0219ov has developed into a truly prestigious institution both at a national and international level. It is an accredited state higher-education institution awarded with \u00abHigh Degree of Confidence\u00bb by the Romanian Agency for Quality Assurance in Higher Education and is internationally evaluated by the European University [&hellip;]<\/p>","protected":false},"author":3,"featured_media":0,"parent":0,"menu_order":0,"comment_status":"closed","ping_status":"closed","template":"page-full-width.php","meta":[],"_links":{"self":[{"href":"https:\/\/facetproject.eu\/es\/wp-json\/wp\/v2\/pages\/1044"}],"collection":[{"href":"https:\/\/facetproject.eu\/es\/wp-json\/wp\/v2\/pages"}],"about":[{"href":"https:\/\/facetproject.eu\/es\/wp-json\/wp\/v2\/types\/page"}],"author":[{"embeddable":true,"href":"https:\/\/facetproject.eu\/es\/wp-json\/wp\/v2\/users\/3"}],"replies":[{"embeddable":true,"href":"https:\/\/facetproject.eu\/es\/wp-json\/wp\/v2\/comments?post=1044"}],"version-history":[{"count":6,"href":"https:\/\/facetproject.eu\/es\/wp-json\/wp\/v2\/pages\/1044\/revisions"}],"predecessor-version":[{"id":1173,"href":"https:\/\/facetproject.eu\/es\/wp-json\/wp\/v2\/pages\/1044\/revisions\/1173"}],"wp:attachment":[{"href":"https:\/\/facetproject.eu\/es\/wp-json\/wp\/v2\/media?parent=1044"}],"curies":[{"name":"wp","href":"https:\/\/api.w.org\/{rel}","templated":true}]}}