{"id":1040,"date":"2019-09-17T16:44:19","date_gmt":"2019-09-17T16:44:19","guid":{"rendered":"https:\/\/facetproject.eu\/?page_id=1040"},"modified":"2019-09-18T07:39:10","modified_gmt":"2019-09-18T07:39:10","slug":"dida","status":"publish","type":"page","link":"https:\/\/facetproject.eu\/es\/dida\/","title":{"rendered":""},"content":{"rendered":"<div class=\"is-layout-flex wp-container-3 wp-block-columns has-2-columns\">\n<div class=\"is-layout-flow wp-block-column\">\n<div class=\"wp-block-image\"><figure class=\"aligncenter\"><a href=\"https:\/\/www.unifi.it\/\" target=\"_blank\" rel=\"noopener noreferrer\"><img decoding=\"async\" loading=\"lazy\" width=\"320\" height=\"175\" src=\"https:\/\/facetproject.eu\/wp-content\/uploads\/2019\/09\/dida-01.png\" alt=\"\" class=\"wp-image-1122\" srcset=\"https:\/\/facetproject.eu\/wp-content\/uploads\/2019\/09\/dida-01.png 320w, https:\/\/facetproject.eu\/wp-content\/uploads\/2019\/09\/dida-01-300x164.png 300w\" sizes=\"(max-width: 320px) 100vw, 320px\" \/><\/a><\/figure><\/div>\n<\/div>\n\n\n\n<div class=\"is-layout-flow wp-block-column\">\n<p class=\" translation-block\">El <strong>Departamento de Arquitectura DIDA<\/strong> (<a href=\"https:\/\/www.unifi.it\/\"><strong>Universidad de Florencia<\/strong><\/a>), a trav\u00e9s de su capacidad para coordinar e integrar las m\u00faltiples dimensiones de la cultura cient\u00edfica y operativa del proyecto, desempe\u00f1a el papel de principal organizaci\u00f3n de investigaci\u00f3n p\u00fablica en el \u00e1rea de proyectos arquitect\u00f3nicos, dise\u00f1o, planificaci\u00f3n y paisaje. Es capaz de satisfacer las necesidades de investigaci\u00f3n provenientes de instituciones y empresas que operan en la regi\u00f3n y en otros lugares, y de promover y desarrollar proyectos de investigaci\u00f3n a nivel nacional e internacional. Se dedica a la transferencia de innovaci\u00f3n para apoyar el progreso t\u00e9cnico y cient\u00edfico, cultural, social y productivo de toda la sociedad y, al mismo tiempo, preservar y desarrollar las habilidades de investigaci\u00f3n y capacitaci\u00f3n del <strong>Departamento de Arquitectura<\/strong>.<\/p>\n<\/div>\n<\/div>\n\n\n\n<p><\/p>","protected":false},"excerpt":{"rendered":"<p>The Department of Architecture DIDA (University of Florence), through its ability to coordinate and integrate the multiple dimensions of scientific and operational culture of the project, plays the role of main public research organization in the area of architectural project, design, planning and landscape. It is capable of satisfying research needs coming from institutions and [&hellip;]<\/p>","protected":false},"author":3,"featured_media":0,"parent":0,"menu_order":0,"comment_status":"closed","ping_status":"closed","template":"page-full-width.php","meta":[],"_links":{"self":[{"href":"https:\/\/facetproject.eu\/es\/wp-json\/wp\/v2\/pages\/1040"}],"collection":[{"href":"https:\/\/facetproject.eu\/es\/wp-json\/wp\/v2\/pages"}],"about":[{"href":"https:\/\/facetproject.eu\/es\/wp-json\/wp\/v2\/types\/page"}],"author":[{"embeddable":true,"href":"https:\/\/facetproject.eu\/es\/wp-json\/wp\/v2\/users\/3"}],"replies":[{"embeddable":true,"href":"https:\/\/facetproject.eu\/es\/wp-json\/wp\/v2\/comments?post=1040"}],"version-history":[{"count":3,"href":"https:\/\/facetproject.eu\/es\/wp-json\/wp\/v2\/pages\/1040\/revisions"}],"predecessor-version":[{"id":1123,"href":"https:\/\/facetproject.eu\/es\/wp-json\/wp\/v2\/pages\/1040\/revisions\/1123"}],"wp:attachment":[{"href":"https:\/\/facetproject.eu\/es\/wp-json\/wp\/v2\/media?parent=1040"}],"curies":[{"name":"wp","href":"https:\/\/api.w.org\/{rel}","templated":true}]}}