{"id":790,"date":"2019-09-11T15:02:19","date_gmt":"2019-09-11T15:02:19","guid":{"rendered":"https:\/\/facetproject.eu\/?page_id=790"},"modified":"2021-03-07T18:39:54","modified_gmt":"2021-03-07T18:39:54","slug":"acn","status":"publish","type":"page","link":"https:\/\/facetproject.eu\/cs\/acn\/","title":{"rendered":""},"content":{"rendered":"<div class=\"is-layout-flex wp-container-3 wp-block-columns has-2-columns\">\n<div class=\"is-layout-flow wp-block-column\">\n<div class=\"wp-block-image\"><a href=\"https:\/\/www.czechfurniture.com\/\" target=\"_blank\" rel=\"noopener noreferrer\"><\/a><figure class=\"aligncenter\"><figure><a href=\"https:\/\/www.czechfurniture.com\/\" target=\"_blank\" rel=\"noopener noreferrer\"><img decoding=\"async\" loading=\"lazy\" width=\"321\" height=\"132\" src=\"https:\/\/facetproject.eu\/wp-content\/uploads\/2019\/09\/acn-01.png\" alt=\"\" class=\"wp-image-1133\" srcset=\"https:\/\/facetproject.eu\/wp-content\/uploads\/2019\/09\/acn-01.png 321w, https:\/\/facetproject.eu\/wp-content\/uploads\/2019\/09\/acn-01-300x123.png 300w\" sizes=\"(max-width: 321px) 100vw, 321px\" \/><\/a><\/figure><\/figure><\/div>\n<\/div>\n\n\n\n<div class=\"is-layout-flow wp-block-column\">\n<p class=\" translation-block\">The goal of the <a href=\"https:\/\/www.czechfurniture.com\/\" target=\"_self\" rel=\"noreferrer noopener\" aria-label=\"Association of Czech Furniture&nbsp;Makers (opens in a new tab)\">Association of Czech Furniture&nbsp;Makers<\/a>&nbsp;is the&nbsp;maximum customer satisfaction with the furniture and the services provided.<\/p>\n\n\n\n<p>Asociace \u010desk\u00fdch n\u00e1bytk\u00e1\u0159\u016f byla zalo\u017eena v roce 1997 na z\u00e1klad\u011b my\u0161lenek n\u011bkolika podnikatel\u016f zab\u00fdvaj\u00edc\u00edch se v\u00fdrobou n\u00e1bytku. Z\u00e1m\u011br poctiv\u00e9 pr\u00e1ce a funguj\u00edc\u00edch slu\u017eeb, brzy za\u010dal p\u0159itahovat dal\u0161\u00ed podnikatele, kte\u0159\u00ed sv\u00e9 podnik\u00e1n\u00ed v oboru v\u00fdroby n\u00e1bytku, mysl\u00ed v\u00e1\u017en\u011b. Za\u010dal se formovat dnes nejv\u011bt\u0161\u00ed profesn\u00ed svaz v\u00fdrobc\u016f n\u00e1bytku v \u010cesk\u00e9 republice. Sou\u010dasn\u00e1 Asociace \u010desk\u00fdch n\u00e1bytk\u00e1\u0159\u016f spojuje podnikatele vyr\u00e1b\u011bj\u00edc\u00ed r\u016fzn\u00e9 typy n\u00e1bytku a vyu\u017e\u00edvaj\u00edc\u00ed nejr\u016fzn\u011bj\u0161\u00ed materi\u00e1ly.&nbsp;<\/p>\n\n\n\n<p>Asociace \u010desk\u00fdch n\u00e1bytk\u00e1\u0159\u016f v\u017edy dbala o seri\u00f3znost sv\u00fdch \u010dlen\u016f. Renom\u00e9 a profesionalita \u010dlensk\u00fdch spole\u010dnost\u00ed, je pro n\u00e1s na prvn\u00edm m\u00edst\u011b. Asociace je otev\u0159en\u00e1 pouze spole\u010dnostem, kter\u00e9 respektuj\u00ed mor\u00e1ln\u00ed a pr\u00e1vn\u00ed principy. \u010clenstv\u00ed v takto presti\u017en\u00edm profesn\u00edm svazu, je z\u00e1rukou bez\u00fahonnosti a solidnosti \u010dlensk\u00fdch spole\u010dnost\u00ed. Pro z\u00e1kazn\u00edka je jednozna\u010dn\u00fdm sign\u00e1lem o bezpe\u010dnosti a zdravotn\u00ed nez\u00e1vadnosti kupovan\u00e9ho n\u00e1bytku.<\/p>\n\n\n\n<p>Spole\u010dnosti sdru\u017een\u00e9 v Asociaci \u010desk\u00fdch n\u00e1bytk\u00e1\u0159\u016f vyjad\u0159uj\u00ed sv\u00fdm \u010dlenstv\u00edm z\u00e1jem o dal\u0161\u00ed rozvoj oboru v \u010cesk\u00e9 republice.<br><\/p>\n<\/div>\n<\/div>","protected":false},"excerpt":{"rendered":"<p>The goal of the Association of Czech Furniture\u00a0Makers\u00a0is the\u00a0maximum customer satisfaction with the furniture and the services provided. The&nbsp;Association of Czech&nbsp;Furniture Makers&nbsp;was established in&nbsp;1997 based on the thoughts of several entrepreneurs&nbsp;engaged in the production of furniture. The intention of honest work and functioning services soon began to attract other entrepreneurs, who are serious about their [&hellip;]<\/p>","protected":false},"author":3,"featured_media":0,"parent":0,"menu_order":0,"comment_status":"closed","ping_status":"closed","template":"page-full-width.php","meta":[],"_links":{"self":[{"href":"https:\/\/facetproject.eu\/cs\/wp-json\/wp\/v2\/pages\/790"}],"collection":[{"href":"https:\/\/facetproject.eu\/cs\/wp-json\/wp\/v2\/pages"}],"about":[{"href":"https:\/\/facetproject.eu\/cs\/wp-json\/wp\/v2\/types\/page"}],"author":[{"embeddable":true,"href":"https:\/\/facetproject.eu\/cs\/wp-json\/wp\/v2\/users\/3"}],"replies":[{"embeddable":true,"href":"https:\/\/facetproject.eu\/cs\/wp-json\/wp\/v2\/comments?post=790"}],"version-history":[{"count":9,"href":"https:\/\/facetproject.eu\/cs\/wp-json\/wp\/v2\/pages\/790\/revisions"}],"predecessor-version":[{"id":1407,"href":"https:\/\/facetproject.eu\/cs\/wp-json\/wp\/v2\/pages\/790\/revisions\/1407"}],"wp:attachment":[{"href":"https:\/\/facetproject.eu\/cs\/wp-json\/wp\/v2\/media?parent=790"}],"curies":[{"name":"wp","href":"https:\/\/api.w.org\/{rel}","templated":true}]}}