{"id":785,"date":"2019-09-11T14:57:28","date_gmt":"2019-09-11T14:57:28","guid":{"rendered":"https:\/\/facetproject.eu\/?page_id=785"},"modified":"2019-09-18T07:53:48","modified_gmt":"2019-09-18T07:53:48","slug":"cfpimm","status":"publish","type":"page","link":"https:\/\/facetproject.eu\/cs\/cfpimm\/","title":{"rendered":""},"content":{"rendered":"<div class=\"is-layout-flex wp-container-3 wp-block-columns has-2-columns\">\n<div class=\"is-layout-flow wp-block-column\">\n<div class=\"wp-block-image\"><a href=\"http:\/\/cfpimm.pt\/\" target=\"_blank\" rel=\"noopener noreferrer\"><figure class=\"aligncenter\"><img decoding=\"async\" loading=\"lazy\" width=\"320\" height=\"198\" src=\"https:\/\/facetproject.eu\/wp-content\/uploads\/2019\/08\/CFPIMM.png\" alt=\"\" class=\"wp-image-635\" srcset=\"https:\/\/facetproject.eu\/wp-content\/uploads\/2019\/08\/CFPIMM.png 320w, https:\/\/facetproject.eu\/wp-content\/uploads\/2019\/08\/CFPIMM-300x186.png 300w\" sizes=\"(max-width: 320px) 100vw, 320px\" \/><\/a><\/figure><\/div>\n<\/div>\n\n\n\n<div class=\"is-layout-flow wp-block-column\">\n<p class=\" translation-block\"><a href=\"http:\/\/cfpimm.pt\/\" target=\"_self\"><strong>Vocational Training\nCentre of Wood and Furniture Industries (CFPIMM)<\/strong><\/a> je ve\u0159ejn\u00e1, neziskov\u00e1 organizace, vytvo\u0159en\u00e1 protokolem mezi Institutem zam\u011bstnanosti a odborn\u00e9ho vzd\u011bl\u00e1v\u00e1n\u00ed \u2013 IEFP, a Asociac\u00ed pr\u016fmyslov\u00fdch odv\u011btv\u00ed d\u0159eva a n\u00e1bytku v Portugalsku - AIMMP, jej\u00edm\u017e c\u00edlem je p\u0159ed\u00e1vat lidsk\u00fdm zdroj\u016fm v d\u0159eva\u0159sk\u00e9m a n\u00e1bytk\u00e1\u0159sk\u00e9m pr\u016fmyslu p\u0159idanou hodnotu.<\/p>\n\n\n\n<p class=\" translation-block\"><strong>CFPIMM<\/strong>, kter\u00fd disponuje techniky s rozs\u00e1hl\u00fdmi zku\u0161enostmi a v\u00fdcvikem, vyu\u017e\u00edv\u00e1 spolupr\u00e1ce \u0161kolitel\u016f s pedagogick\u00fdm v\u00fdcvikem a skute\u010dn\u00fdmi znalostmi pr\u016fmyslu, disponuje vysoce kvalitn\u00edmi v\u00fdukov\u00fdmi prost\u0159edky, nejnov\u011bj\u0161\u00edmi pedagogick\u00fdmi pom\u016fckami a vybaven\u00edm d\u00edlen.<\/p>\n\n\n\n<p class=\" translation-block\">\u010cinnost <strong>CFPIMM<\/strong> je ur\u010dena r\u016fzn\u00fdm pot\u0159eb\u00e1m v r\u016fzn\u00fdch skupin\u00e1ch ve\u0159ejnosti (ml\u00e1de\u017e, zam\u011bstnanci \na spole\u010dnosti) a poskytuje n\u011bkolik oblast\u00ed \u0161kolen\u00ed, jako je po\u010d\u00edta\u010dem podporovan\u00e9 projektov\u00e1n\u00ed, CNC technologie, \u0159\u00edzen\u00ed v\u00fdroby, \u010dalounictv\u00ed, dokon\u010dovac\u00ed pr\u00e1ce a pr\u016fmyslov\u00e1 \u00fadr\u017eba.<\/p>\n<\/div>\n<\/div>","protected":false},"excerpt":{"rendered":"<p>The Vocational Training Centre of Wood and Furniture Industries (CFPIMM) is a public and non-profit organisation, created by protocol celebrated between the Institute of Employment and Vocational Training \u2013 IEFP, and the Association of Industries of Wood and Furniture Portugal \u2013 AIMMP, whose objective is to give added value to the Human Resources of the [&hellip;]<\/p>","protected":false},"author":3,"featured_media":0,"parent":0,"menu_order":0,"comment_status":"closed","ping_status":"closed","template":"page-full-width.php","meta":[],"_links":{"self":[{"href":"https:\/\/facetproject.eu\/cs\/wp-json\/wp\/v2\/pages\/785"}],"collection":[{"href":"https:\/\/facetproject.eu\/cs\/wp-json\/wp\/v2\/pages"}],"about":[{"href":"https:\/\/facetproject.eu\/cs\/wp-json\/wp\/v2\/types\/page"}],"author":[{"embeddable":true,"href":"https:\/\/facetproject.eu\/cs\/wp-json\/wp\/v2\/users\/3"}],"replies":[{"embeddable":true,"href":"https:\/\/facetproject.eu\/cs\/wp-json\/wp\/v2\/comments?post=785"}],"version-history":[{"count":9,"href":"https:\/\/facetproject.eu\/cs\/wp-json\/wp\/v2\/pages\/785\/revisions"}],"predecessor-version":[{"id":1143,"href":"https:\/\/facetproject.eu\/cs\/wp-json\/wp\/v2\/pages\/785\/revisions\/1143"}],"wp:attachment":[{"href":"https:\/\/facetproject.eu\/cs\/wp-json\/wp\/v2\/media?parent=785"}],"curies":[{"name":"wp","href":"https:\/\/api.w.org\/{rel}","templated":true}]}}