{"id":779,"date":"2019-09-11T14:42:25","date_gmt":"2019-09-11T14:42:25","guid":{"rendered":"https:\/\/facetproject.eu\/?page_id=779"},"modified":"2019-09-18T07:58:01","modified_gmt":"2019-09-18T07:58:01","slug":"did","status":"publish","type":"page","link":"https:\/\/facetproject.eu\/cs\/did\/","title":{"rendered":""},"content":{"rendered":"<div class=\"is-layout-flex wp-container-3 wp-block-columns has-2-columns\">\n<div class=\"is-layout-flow wp-block-column\">\n<div class=\"wp-block-image\"><figure class=\"aligncenter\"><a href=\"http:\/\/www.distrettointerniedesign.it\" target=\"_blank\" rel=\"noopener noreferrer\"><img decoding=\"async\" loading=\"lazy\" width=\"321\" height=\"254\" src=\"https:\/\/facetproject.eu\/wp-content\/uploads\/2019\/09\/did-01.png\" alt=\"\" class=\"wp-image-1144\" srcset=\"https:\/\/facetproject.eu\/wp-content\/uploads\/2019\/09\/did-01.png 321w, https:\/\/facetproject.eu\/wp-content\/uploads\/2019\/09\/did-01-300x237.png 300w\" sizes=\"(max-width: 321px) 100vw, 321px\" \/><\/a><\/figure><\/div>\n\n\n\n<p><\/p>\n<\/div>\n\n\n\n<div class=\"is-layout-flow wp-block-column\">\n<p class=\" translation-block\"><strong>Tosk\u00e1nsk\u00fd technologick\u00fd klastr pro interi\u00e9ry a design DID<\/strong> (The <strong><a href=\"http:\/\/www.distrettointerniedesign.it\" target=\"_self\">Tuscan Technological Cluster for Interiors and Design DID<\/a><\/strong>) se zam\u011b\u0159uje na inovace a p\u0159enos technologi\u00ed, souvisej\u00edc\u00edch s interi\u00e9ry v dom\u00e1cnostech \/ rekrea\u010dn\u00edch vozidlech \/ n\u00e1mo\u0159n\u00edch odv\u011btv\u00edch a na inovace designu obecn\u011b.<\/p>\n\n\n\n<p class=\" translation-block\">Je tvo\u0159en 5 propaga\u010dn\u00edmi centry, a zahrnuje i obchodn\u00ed sdru\u017een\u00ed. Participace v\u00fdzkumn\u00fdch organizac\u00ed je strategick\u00e1, proto\u017ee v z\u00e1jmu <strong>DID<\/strong> je vn\u00e1\u0161et kompetentnost do podnik\u016f, p\u0159edev\u0161\u00edm t\u011bch mal\u00fdch a st\u0159edn\u00edch, s c\u00edlem rozv\u00edjet procesy v\u00fdzkumu a v\u00fdvoje.<\/p>\n\n\n\n<p class=\" translation-block\">Technologick\u00fd klastr <strong>DID<\/strong> se zam\u011b\u0159uje na n\u011bkolik odv\u011btv\u00ed ve v\u00fdrobn\u00ed oblasti, m\u00e1 multidisciplin\u00e1rn\u00ed vizi a p\u0159irozen\u011b tak\u00e9 slou\u017e\u00ed k rozvoji \u010dinnost\u00ed, souvisej\u00edc\u00edch s v\u00fdzkumem a v\u00fdvojem, \u0161kolen\u00edm a internacionalizac\u00ed pro v\u0161echny \u010dleny. S\u00edt\u011b v\u00fdzkumn\u00fdch organizac\u00ed a mezin\u00e1rodn\u00ed akt\u00e9\u0159i, kter\u00e9 <strong>DID<\/strong> p\u0159ivedl ke spolupr\u00e1ci s \u010dlensk\u00fdmi spole\u010dnostmi, se nyn\u00ed py\u0161n\u00ed upevn\u011bn\u00fdmi vztahy a shodn\u00fdmi konkr\u00e9tn\u00edmi n\u00e1zory.<\/p>\n\n\n\n<p>Poskytovan\u00e9 podp\u016frn\u00e9 slu\u017eby: <\/p>\n\n\n\n<ul><li>P\u0159\u00edstup k ve\u0159ejn\u00e9 podpo\u0159e (region\u00e1ln\u00ed \/ n\u00e1rodn\u00ed programy, inova\u010dn\u00ed pouk\u00e1zky atd.)<\/li><li>Usnadn\u011bn\u00ed spolupr\u00e1ce mezi \u010dleny<\/li><li>Podpora p\u0159enosu znalost\u00ed<\/li><li>\u0158\u00edzen\u00ed inovac\u00ed \/ podpora inova\u010dn\u00edch proces\u016f (intern\u00edch, extern\u00edch)<\/li><\/ul>\n\n\n\n<p><\/p>\n<\/div>\n<\/div>\n\n\n\n<p><\/p>","protected":false},"excerpt":{"rendered":"<p>The Tuscan Technological Cluster for Interiors and Design DID is focused on innovation and technological transfer related to interiors in the home \/ recreational vehicles \/ nautical sectors and design innovation in general. It is formed by 5 promotion centers and includes business associations. The participation of research organizations is strategic as the focus of [&hellip;]<\/p>","protected":false},"author":3,"featured_media":0,"parent":0,"menu_order":0,"comment_status":"closed","ping_status":"closed","template":"page-full-width.php","meta":[],"_links":{"self":[{"href":"https:\/\/facetproject.eu\/cs\/wp-json\/wp\/v2\/pages\/779"}],"collection":[{"href":"https:\/\/facetproject.eu\/cs\/wp-json\/wp\/v2\/pages"}],"about":[{"href":"https:\/\/facetproject.eu\/cs\/wp-json\/wp\/v2\/types\/page"}],"author":[{"embeddable":true,"href":"https:\/\/facetproject.eu\/cs\/wp-json\/wp\/v2\/users\/3"}],"replies":[{"embeddable":true,"href":"https:\/\/facetproject.eu\/cs\/wp-json\/wp\/v2\/comments?post=779"}],"version-history":[{"count":10,"href":"https:\/\/facetproject.eu\/cs\/wp-json\/wp\/v2\/pages\/779\/revisions"}],"predecessor-version":[{"id":1147,"href":"https:\/\/facetproject.eu\/cs\/wp-json\/wp\/v2\/pages\/779\/revisions\/1147"}],"wp:attachment":[{"href":"https:\/\/facetproject.eu\/cs\/wp-json\/wp\/v2\/media?parent=779"}],"curies":[{"name":"wp","href":"https:\/\/api.w.org\/{rel}","templated":true}]}}