{"id":51,"date":"2019-04-16T11:26:29","date_gmt":"2019-04-16T11:26:29","guid":{"rendered":"https:\/\/facetproject.eu\/?page_id=51"},"modified":"2019-12-03T09:57:30","modified_gmt":"2019-12-03T09:57:30","slug":"mesmerize","status":"publish","type":"page","link":"https:\/\/facetproject.eu\/cs\/","title":{"rendered":"Furniture sector Avant-garde Creativity<br\/> and Entrepreneurship Training"},"content":{"rendered":"<hr class=\"wp-block-separator\"\/>\n\n\n\n<div class=\"is-layout-flex wp-container-3 wp-block-columns has-2-columns\">\n<div class=\"is-layout-flow wp-block-column\">\n<div class=\"wp-block-image\"><figure class=\"aligncenter\"><img decoding=\"async\" loading=\"lazy\" width=\"1024\" height=\"661\" src=\"https:\/\/facetproject.eu\/wp-content\/uploads\/2019\/12\/facet-home-1024x661.jpg\" alt=\"\" class=\"wp-image-1236\" srcset=\"https:\/\/facetproject.eu\/wp-content\/uploads\/2019\/12\/facet-home-1024x661.jpg 1024w, https:\/\/facetproject.eu\/wp-content\/uploads\/2019\/12\/facet-home-300x194.jpg 300w, https:\/\/facetproject.eu\/wp-content\/uploads\/2019\/12\/facet-home-768x496.jpg 768w, https:\/\/facetproject.eu\/wp-content\/uploads\/2019\/12\/facet-home-465x300.jpg 465w, https:\/\/facetproject.eu\/wp-content\/uploads\/2019\/12\/facet-home-1140x736.jpg 1140w\" sizes=\"(max-width: 1024px) 100vw, 1024px\" \/><\/figure><\/div>\n<\/div>\n\n\n\n<div class=\"is-layout-flow wp-block-column\">\n<p class=\" translation-block\">C\u00edlem <strong>FACET<\/strong> je vyvinout inovativn\u00ed <strong> n\u00e1stroje pro v\u00fdcvik v kreativit\u011b a podnik\u00e1n\u00ed<\/strong> v sektoru <strong>n\u00e1bytku<\/strong> a <strong>bytov\u00fdch<\/strong> interi\u00e9r\u016f pro prvotn\u00ed odborn\u00e9 vzd\u011bl\u00e1v\u00e1n\u00ed a tr\u00e9nink (OVT), stejn\u011b jako pro pokro\u010dil\u00e9 OVT pracovn\u00edk\u016f.<\/p>\n\n\n\n<p class=\" translation-block\"><strong>Odborn\u00e9 dovednosti, znalosti a kompetence<\/strong>, souvisej\u00edc\u00ed s <strong>kreativitou a podnik\u00e1n\u00edm<\/strong>, budou analyzov\u00e1ny v r\u00e1mci programu. Na jejich z\u00e1klad\u011b bude sestaven zp\u016fsob vzd\u011bl\u00e1v\u00e1n\u00ed a vyvinut <strong>online kurz<\/strong>. N\u00e1stroje v\u00fduky kurzu budou zahrnovat v\u00fduku zalo\u017eenou na praktick\u00fdch pracovn\u00edch zku\u0161enostech.<\/p>\n\n\n\n<p>Implementa\u010dn\u00ed obdob\u00ed: 11\/11\/2018 - 30\/04\/2021<\/p>\n\n\n\n<h4>Pou\u017eiteln\u00e9 v\u00fdsledky pro spole\u010dnost:<\/h4>\n\n\n\n<ul><li>Analyzov\u00e1n\u00ed sou\u010dasn\u00e9 situace a pot\u0159eb spole\u010dnosti\/odbornost zam\u011bstnanc\u016f, nutn\u00fdch ke kreativit\u011b a podnik\u00e1n\u00ed v sektoru n\u00e1bytk\u00e1\u0159stv\u00ed a dom\u00e1c\u00edho interi\u00e9ru.<\/li><li>V\u00fdukov\u00e9 materi\u00e1ly a u\u010debn\u00ed pom\u016fcky zalo\u017een\u00e9 na pracovn\u00ed \u010dinnosti v 7 jazyc\u00edch.<\/li><li>Mo\u017enost \u00fa\u010dasti na pilotn\u00edm kurzu b\u011bhem projektu.<\/li><\/ul>\n<\/div>\n<\/div>","protected":false},"excerpt":{"rendered":"<p>FACET aims to develop innovative tools for training in creativity and entrepreneurship for the furniture and home interior sectors to be used for initial vocational education and training (VET), as well as for the continuous VET for workers. Professional skills, knowledge and competencies needs related to creativity and entrepreneurship will be analysed within the sector. [&hellip;]<\/p>","protected":false},"author":1,"featured_media":0,"parent":0,"menu_order":0,"comment_status":"closed","ping_status":"closed","template":"page-full-width.php","meta":[],"_links":{"self":[{"href":"https:\/\/facetproject.eu\/cs\/wp-json\/wp\/v2\/pages\/51"}],"collection":[{"href":"https:\/\/facetproject.eu\/cs\/wp-json\/wp\/v2\/pages"}],"about":[{"href":"https:\/\/facetproject.eu\/cs\/wp-json\/wp\/v2\/types\/page"}],"author":[{"embeddable":true,"href":"https:\/\/facetproject.eu\/cs\/wp-json\/wp\/v2\/users\/1"}],"replies":[{"embeddable":true,"href":"https:\/\/facetproject.eu\/cs\/wp-json\/wp\/v2\/comments?post=51"}],"version-history":[{"count":115,"href":"https:\/\/facetproject.eu\/cs\/wp-json\/wp\/v2\/pages\/51\/revisions"}],"predecessor-version":[{"id":1237,"href":"https:\/\/facetproject.eu\/cs\/wp-json\/wp\/v2\/pages\/51\/revisions\/1237"}],"wp:attachment":[{"href":"https:\/\/facetproject.eu\/cs\/wp-json\/wp\/v2\/media?parent=51"}],"curies":[{"name":"wp","href":"https:\/\/api.w.org\/{rel}","templated":true}]}}