{"id":29,"date":"2019-04-16T11:17:43","date_gmt":"2019-04-16T11:17:43","guid":{"rendered":"https:\/\/facetproject.eu\/?page_id=29"},"modified":"2021-04-29T14:54:27","modified_gmt":"2021-04-29T14:54:27","slug":"downloads","status":"publish","type":"page","link":"https:\/\/facetproject.eu\/cs\/downloads\/","title":{"rendered":"Ke sta\u017een\u00ed"},"content":{"rendered":"<p class=\" translation-block\">Ve\u0159ejn\u011b dostupn\u00e9 v\u00fdsledky projektu <strong>FACET<\/strong> jsou uvedeny n\u00ed\u017ee.<\/p>\n\n\n\n<h4><strong>Technick\u00e9 dokumenty<\/strong><\/h4>\n\n\n\n<hr class=\"wp-block-separator\"\/>\n\n\n\n<div class=\"is-layout-flex wp-container-3 wp-block-columns has-2-columns\">\n<div class=\"is-layout-flow wp-block-column\">\n<div class=\"wp-block-media-text alignwide\"><figure class=\"wp-block-media-text__media\"><img decoding=\"async\" loading=\"lazy\" width=\"742\" height=\"906\" src=\"https:\/\/facetproject.eu\/wp-content\/uploads\/2021\/04\/Image-VET.png\" alt=\"\" class=\"wp-image-1416\" srcset=\"https:\/\/facetproject.eu\/wp-content\/uploads\/2021\/04\/Image-VET.png 742w, https:\/\/facetproject.eu\/wp-content\/uploads\/2021\/04\/Image-VET-246x300.png 246w\" sizes=\"(max-width: 742px) 100vw, 742px\" \/><\/figure><div class=\"wp-block-media-text__content\">\n<p><strong>Pr\u016fvodce pro \u0161kolitele - poskytovatele odborn\u00e9ho a vzd\u011bl\u00e1vac\u00edho kurzu<\/strong> <\/p>\n\n\n\n<p class=\" translation-block\">P\u0159\u00edru\u010dka pro lektory odborn\u00e9ho a vzd\u011bl\u00e1vac\u00edho kurzu (VET) vysv\u011btluje, jak vyu\u017e\u00edvat a aplikovat zdroje vyvinut\u00e9 v projektu FACET: i) u\u010debn\u00ed pl\u00e1n, ii) \u0161kolic\u00ed materi\u00e1l kurzu (MOOC) a iii) v\u00fdukov\u00fd n\u00e1stroj zalo\u017een\u00fd na pr\u00e1ci (WBLT).\n\nGuide \u2013 VET providers (Czech version)<\/p>\n<\/div><\/div>\n\n\n\n<p><\/p>\n<\/div>\n\n\n\n<div class=\"is-layout-flow wp-block-column\">\n<div class=\"wp-block-media-text alignwide\"><figure class=\"wp-block-media-text__media\"><img decoding=\"async\" loading=\"lazy\" width=\"742\" height=\"905\" src=\"https:\/\/facetproject.eu\/wp-content\/uploads\/2021\/04\/Image-Companies.png\" alt=\"\" class=\"wp-image-1417\" srcset=\"https:\/\/facetproject.eu\/wp-content\/uploads\/2021\/04\/Image-Companies.png 742w, https:\/\/facetproject.eu\/wp-content\/uploads\/2021\/04\/Image-Companies-246x300.png 246w\" sizes=\"(max-width: 742px) 100vw, 742px\" \/><\/figure><div class=\"wp-block-media-text__content\">\n<p><strong> Pr\u016fvodce pro \u0161kolitele - n\u00e1bytk\u00e1\u0159sk\u00e9 spole\u010dnosti <\/strong><\/p>\n\n\n\n<p> Tato p\u0159\u00edru\u010dka je podobn\u00e1 t\u00e9 p\u0159edchoz\u00ed, ale v tomto p\u0159\u00edpad\u011b je ur\u010dena n\u00e1bytk\u00e1\u0159sk\u00fdm spole\u010dnostem a konkr\u00e9tn\u011bji jejich mana\u017eer\u016fm lidsk\u00fdch zdroj\u016f. Pr\u016fvodce usnadn\u00ed kreativn\u00edm profesion\u00e1l\u016fm firem nau\u010dit se vyu\u017e\u00edvat zdroje vyvinut\u00e9 v projektu FACET: i) u\u010debn\u00ed pl\u00e1n, ii) \u0161kolic\u00ed materi\u00e1l kurzu (MOOC) a iii) ) v\u00fdukov\u00fd n\u00e1stroj zalo\u017een\u00fd na pr\u00e1ci (WBLT).<br> <br><a href=\"https:\/\/facetproject.eu\/wp-content\/uploads\/2021\/04\/Guide_Trainers-Companies-FINAL-CZ.pdf\" target=\"_blank\" rel=\"noreferrer noopener\" aria-label=\" (opens in a new tab)\">Guide - Furniture companies (Czech version)<\/a><\/p>\n<\/div><\/div>\n<\/div>\n<\/div>\n\n\n\n<div class=\"is-layout-flex wp-container-6 wp-block-columns has-2-columns\">\n<div class=\"is-layout-flow wp-block-column\">\n<div class=\"wp-block-media-text alignwide\"><figure class=\"wp-block-media-text__media\"><img decoding=\"async\" loading=\"lazy\" width=\"724\" height=\"1024\" src=\"https:\/\/facetproject.eu\/wp-content\/uploads\/2019\/12\/FACET\u2013Curriculum\u2013EN-1-724x1024.jpg\" alt=\"\" class=\"wp-image-1230\" srcset=\"https:\/\/facetproject.eu\/wp-content\/uploads\/2019\/12\/FACET\u2013Curriculum\u2013EN-1-724x1024.jpg 724w, https:\/\/facetproject.eu\/wp-content\/uploads\/2019\/12\/FACET\u2013Curriculum\u2013EN-1-212x300.jpg 212w, https:\/\/facetproject.eu\/wp-content\/uploads\/2019\/12\/FACET\u2013Curriculum\u2013EN-1-768x1086.jpg 768w, https:\/\/facetproject.eu\/wp-content\/uploads\/2019\/12\/FACET\u2013Curriculum\u2013EN-1-1140x1612.jpg 1140w\" sizes=\"(max-width: 724px) 100vw, 724px\" \/><\/figure><div class=\"wp-block-media-text__content\">\n<p><strong>Osnovy<\/strong><\/p>\n\n\n\n<p>Osnovy obsahuj\u00ed p\u0159ehled p\u011bti u\u010debn\u00edch jednotek s jejich c\u00edli, u\u010debn\u00edm pl\u00e1nem, postupy a krit\u00e9rii pro hodnocen\u00ed v\u00fdsledk\u016f u\u010den\u00ed, kter\u00fdch m\u00e1 b\u00fdt dosa\u017eeno v ka\u017ed\u00e9 u\u010debn\u00ed jednotce, stejn\u011b jako seznam zam\u011bstn\u00e1n\u00ed\/kvalifikac\u00ed, kter\u00e9 mohou b\u00fdt za\u010dlen\u011bny do ka\u017ed\u00e9 jednotky.<br><\/p>\n\n\n\n<p><a href=\"https:\/\/facetproject.eu\/wp-content\/uploads\/2019\/12\/FACET%E2%80%93Curriculum%E2%80%93EN.pdf\"><a href=\"https:\/\/facetproject.eu\/wp-content\/uploads\/2019\/11\/FACET-Curriculum-CS.pdf\">Curriculum (Czech version)<\/a><\/a><\/p>\n<\/div><\/div>\n<\/div>\n\n\n\n<div class=\"is-layout-flow wp-block-column\">\n<div class=\"wp-block-media-text alignwide\"><figure class=\"wp-block-media-text__media\"><img decoding=\"async\" loading=\"lazy\" width=\"1024\" height=\"768\" src=\"https:\/\/facetproject.eu\/wp-content\/uploads\/2019\/11\/FACET-DIDDIDA-SURVRESULTS_VETPROGRAMS-1024x768.jpg\" alt=\"\" class=\"wp-image-1210\" srcset=\"https:\/\/facetproject.eu\/wp-content\/uploads\/2019\/11\/FACET-DIDDIDA-SURVRESULTS_VETPROGRAMS-1024x768.jpg 1024w, https:\/\/facetproject.eu\/wp-content\/uploads\/2019\/11\/FACET-DIDDIDA-SURVRESULTS_VETPROGRAMS-300x225.jpg 300w, https:\/\/facetproject.eu\/wp-content\/uploads\/2019\/11\/FACET-DIDDIDA-SURVRESULTS_VETPROGRAMS-768x576.jpg 768w, https:\/\/facetproject.eu\/wp-content\/uploads\/2019\/11\/FACET-DIDDIDA-SURVRESULTS_VETPROGRAMS-400x300.jpg 400w, https:\/\/facetproject.eu\/wp-content\/uploads\/2019\/11\/FACET-DIDDIDA-SURVRESULTS_VETPROGRAMS-1140x855.jpg 1140w, https:\/\/facetproject.eu\/wp-content\/uploads\/2019\/11\/FACET-DIDDIDA-SURVRESULTS_VETPROGRAMS.jpg 2000w\" sizes=\"(max-width: 1024px) 100vw, 1024px\" \/><\/figure><div class=\"wp-block-media-text__content\">\n<p><strong>Pr\u016fzkum pot\u0159eb kapacit<\/strong> <\/p>\n\n\n\n<p class=\" translation-block\">Dotazn\u00edk byl p\u0159edlo\u017een v ka\u017ed\u00e9 partnersk\u00e9 zemi projektu (60 kreativc\u016f, 77 podnikatel\u016f, 36 \u0161kolitel\u016f\/u\u010ditel\u016f) se z\u00e1m\u011brem nav\u00e1zat p\u0159\u00edm\u00fd kontakt s c\u00edlov\u00fdmi skupinami a zaj\u00edmav\u00fdmi zainteresovan\u00fdmi osobami a porozum\u011bt pot\u0159eb\u00e1m z hlediska znalost\u00ed a dovednost\u00ed souvisej\u00edc\u00edch s kreativitou a podnik\u00e1n\u00edm v n\u00e1bytk\u00e1\u0159sk\u00e9m sektoru.\n\n<br><br><a rel=\"noreferrer noopener\" href=\"https:\/\/facetproject.eu\/wp-content\/uploads\/2019\/11\/FACET-DIDDIDA-SURVRESULTS_VETPROGRAMS.pdf\" target=\"_self\">Pr\u016fzkum (anglick\u00e1 verze)<\/a><\/p>\n<\/div><\/div>\n<\/div>\n<\/div>\n\n\n\n<hr class=\"wp-block-separator is-style-dots\"\/>\n\n\n\n<h4><strong>\u0160\u00ed\u0159en\u00ed materi\u00e1l\u016f<\/strong><\/h4>\n\n\n\n<hr class=\"wp-block-separator\"\/>\n\n\n\n<div class=\"is-layout-flex wp-container-9 wp-block-columns has-2-columns\">\n<div class=\"is-layout-flow wp-block-column\">\n<div class=\"wp-block-media-text alignwide\"><figure class=\"wp-block-media-text__media\"><img decoding=\"async\" loading=\"lazy\" width=\"722\" height=\"1024\" src=\"https:\/\/facetproject.eu\/wp-content\/uploads\/2019\/11\/FACET\u2013Brochure\u2013EN-722x1024.jpg\" alt=\"\" class=\"wp-image-1223\" srcset=\"https:\/\/facetproject.eu\/wp-content\/uploads\/2019\/11\/FACET\u2013Brochure\u2013EN-722x1024.jpg 722w, https:\/\/facetproject.eu\/wp-content\/uploads\/2019\/11\/FACET\u2013Brochure\u2013EN-211x300.jpg 211w, https:\/\/facetproject.eu\/wp-content\/uploads\/2019\/11\/FACET\u2013Brochure\u2013EN-768x1089.jpg 768w, https:\/\/facetproject.eu\/wp-content\/uploads\/2019\/11\/FACET\u2013Brochure\u2013EN-1140x1617.jpg 1140w, https:\/\/facetproject.eu\/wp-content\/uploads\/2019\/11\/FACET\u2013Brochure\u2013EN.jpg 1166w\" sizes=\"(max-width: 722px) 100vw, 722px\" \/><\/figure><div class=\"wp-block-media-text__content\">\n<p><strong>Bro\u017eura<\/strong><\/p>\n\n\n\n<p class=\" translation-block\">Bro\u017eura obsahuje stru\u010dnou prezentaci c\u00edl\u016f, data realizace a v\u00fdsledky projektu FACET. <br><br><a rel=\"noreferrer noopener\" href=\"https:\/\/facetproject.eu\/wp-content\/uploads\/2019\/11\/FACET\u2013Brochure\u2013CS.pdf\" target=\"_self\">Bro\u017eura (\u010cesk\u00e1 verze)<\/a><\/p>\n<\/div><\/div>\n<\/div>\n\n\n\n<div class=\"is-layout-flow wp-block-column\">\n<div class=\"wp-block-media-text alignwide\"><figure class=\"wp-block-media-text__media\"><img decoding=\"async\" loading=\"lazy\" width=\"516\" height=\"654\" src=\"https:\/\/facetproject.eu\/wp-content\/uploads\/2020\/01\/facet_newsletter-01.png\" alt=\"\" class=\"wp-image-1281\" srcset=\"https:\/\/facetproject.eu\/wp-content\/uploads\/2020\/01\/facet_newsletter-01.png 516w, https:\/\/facetproject.eu\/wp-content\/uploads\/2020\/01\/facet_newsletter-01-237x300.png 237w\" sizes=\"(max-width: 516px) 100vw, 516px\" \/><\/figure><div class=\"wp-block-media-text__content\">\n<p><strong>Zpravodaj<\/strong><\/p>\n\n\n\n<p>Zpravodaj obsahuje nejnov\u011bj\u0161\u00ed zpr\u00e1vy t\u00fdkaj\u00edc\u00ed se projektu, jako je spu\u0161t\u011bn\u00ed webu, zpr\u00e1va o v\u00fdsledc\u00edch pr\u016fzkumu a zve\u0159ejn\u011bn\u00ed u\u010debn\u00edch osnov a dal\u0161\u00ed novinky v tomto odv\u011btv\u00ed.<br><br><a rel=\"noreferrer noopener\" href=\"https:\/\/facetproject.eu\/wp-content\/uploads\/2020\/01\/20200122_facet_nl01.html\" target=\"_blank\">Zpravodaj #1 (anglick\u00e1 verze)<\/a> <br><a href=\"https:\/\/facetproject.eu\/wp-content\/uploads\/2020\/10\/FACET-NL02.html\" target=\"_blank\" rel=\"noreferrer noopener\" aria-label=\" (opens in a new tab)\">Zpravodaj #2 (anglick\u00e1 verze)<\/a> <br><a rel=\"noreferrer noopener\" aria-label=\" (opens in a new tab)\" href=\"https:\/\/facetproject.eu\/wp-content\/uploads\/2020\/12\/FACET-NL03.html\" target=\"_blank\">Zpravodaj #3 (anglick\u00e1 verze)<\/a> <br><a rel=\"noreferrer noopener\" aria-label=\" (opens in a new tab)\" href=\"https:\/\/facetproject.eu\/wp-content\/uploads\/2021\/02\/FACET-NL04.html\" target=\"_blank\">Zpravodaj #4 (anglick\u00e1 verze)<\/a> <\/p>\n<\/div><\/div>\n<\/div>\n<\/div>","protected":false},"excerpt":{"rendered":"<p>The publicly available outcomes of the FACET project are listed below. Technical documents Guide for trainers &#8211; VET providers The guide for Vocational and Educational Training (VET) trainers explains how to use and apply the resources developed in the FACET project: i) the curriculum, ii) the training material of the course (MOOC) and iii) the [&hellip;]<\/p>","protected":false},"author":1,"featured_media":0,"parent":0,"menu_order":0,"comment_status":"closed","ping_status":"closed","template":"page-full-width.php","meta":[],"_links":{"self":[{"href":"https:\/\/facetproject.eu\/cs\/wp-json\/wp\/v2\/pages\/29"}],"collection":[{"href":"https:\/\/facetproject.eu\/cs\/wp-json\/wp\/v2\/pages"}],"about":[{"href":"https:\/\/facetproject.eu\/cs\/wp-json\/wp\/v2\/types\/page"}],"author":[{"embeddable":true,"href":"https:\/\/facetproject.eu\/cs\/wp-json\/wp\/v2\/users\/1"}],"replies":[{"embeddable":true,"href":"https:\/\/facetproject.eu\/cs\/wp-json\/wp\/v2\/comments?post=29"}],"version-history":[{"count":130,"href":"https:\/\/facetproject.eu\/cs\/wp-json\/wp\/v2\/pages\/29\/revisions"}],"predecessor-version":[{"id":1454,"href":"https:\/\/facetproject.eu\/cs\/wp-json\/wp\/v2\/pages\/29\/revisions\/1454"}],"wp:attachment":[{"href":"https:\/\/facetproject.eu\/cs\/wp-json\/wp\/v2\/media?parent=29"}],"curies":[{"name":"wp","href":"https:\/\/api.w.org\/{rel}","templated":true}]}}