{"id":23,"date":"2019-04-16T11:16:42","date_gmt":"2019-04-16T11:16:42","guid":{"rendered":"https:\/\/facetproject.eu\/?page_id=23"},"modified":"2019-12-03T09:59:46","modified_gmt":"2019-12-03T09:59:46","slug":"project","status":"publish","type":"page","link":"https:\/\/facetproject.eu\/cs\/project\/","title":{"rendered":"O projektu"},"content":{"rendered":"<div class=\"is-layout-flex wp-container-3 wp-block-columns has-2-columns\">\n<div class=\"is-layout-flow wp-block-column\">\n<h3><strong>Kontext<\/strong><\/h3>\n\n\n\n<p class=\" translation-block\">A\u010dkoli <strong>v\u00fdrobci n\u00e1bytku z EU<\/strong> maj\u00ed po cel\u00e9m sv\u011bt\u011b dobrou pov\u011bst, pokud jde o <strong>design<\/strong>, pouze n\u011bkolik z nich <strong>ud\u00e1v\u00e1 nov\u00e9 trendy<\/strong>, zat\u00edmco v\u011bt\u0161ina spole\u010dnost\u00ed, zejm\u00e9na mal\u00fdch a st\u0159edn\u00edch podnik\u016f, tyto <strong>trendy<\/strong> sp\u00ed\u0161e <strong>n\u00e1sleduj\u00ed<\/strong>. Ve vysoce konkuren\u010dn\u00edm kontextu, kter\u00e9mu n\u00e1bytk\u00e1\u0159sk\u00e9 spole\u010dnosti \u010del\u00ed, <strong>mus\u00ed b\u00fdt spole\u010dnosti kreativn\u011bj\u0161\u00ed a podnikav\u011bj\u0161\u00ed, co\u017e znamen\u00e1 nejen zakl\u00e1d\u00e1n\u00ed nov\u00fdch podnik\u016f, ale mus\u00ed b\u00fdt tak\u00e9 schopny komercializovat nov\u00e9 produkty a slu\u017eby<\/strong>.<\/p>\n<\/div>\n\n\n\n<div class=\"is-layout-flow wp-block-column\">\n<h3><strong>Hlavn\u00ed c\u00edl<\/strong><\/h3>\n\n\n\n<p class=\" translation-block\">Hlavn\u00edm c\u00edlem projektu FACET je v\u00fdvoj <strong>nov\u00fdch a inovativn\u00edch metod pro dal\u0161\u00ed pos\u00edlen\u00ed tvo\u0159ivosti a podnikavosti v programech odborn\u00e9ho vzd\u011bl\u00e1v\u00e1n\u00ed a tr\u00e9ninku v n\u00e1bytk\u00e1\u0159sk\u00e9m odv\u011btv\u00ed<\/strong>, a to jak pro po\u010d\u00e1te\u010dn\u00ed odborn\u00e9 vzd\u011bl\u00e1v\u00e1n\u00ed a p\u0159\u00edpravu, tak pro pokro\u010dilej\u0161\u00ed odborn\u00e9 vzd\u011bl\u00e1v\u00e1n\u00ed a p\u0159\u00edpravu, za pou\u017eit\u00ed  metod u\u010den\u00ed zalo\u017een\u00fdch na pracovn\u00edch zku\u0161enostech.<\/p>\n\n\n\n<p class=\" translation-block\">\u0160kolen\u00ed FACET bude podporovat kreativitu a podnikatelsk\u00e9 dovednosti <strong>profesion\u00e1l\u016f n\u00e1bytk\u00e1\u0159sk\u00fdch spole\u010dnost\u00ed<\/strong>. To vy\u00fast\u00ed v nov\u00e9 produkty, kter\u00e9 budou v souladu s m\u011bn\u00edc\u00ed se strukturou populace, \u017eivotn\u00edho stylu a trend\u016f, jako\u017e i nov\u00fdmi obchodn\u00edmi modely a dodavatelsko-spot\u0159ebitelsk\u00fdmi vztahy.<\/p>\n<\/div>\n<\/div>\n\n\n\n<div class=\"is-layout-flex wp-container-6 wp-block-columns has-2-columns\">\n<div class=\"is-layout-flow wp-block-column\">\n<div class=\"wp-block-image\"><figure class=\"aligncenter\"><img decoding=\"async\" loading=\"lazy\" width=\"481\" height=\"480\" src=\"https:\/\/facetproject.eu\/wp-content\/uploads\/2019\/09\/image1_project.png\" alt=\"\" class=\"wp-image-1156\" srcset=\"https:\/\/facetproject.eu\/wp-content\/uploads\/2019\/09\/image1_project.png 481w, https:\/\/facetproject.eu\/wp-content\/uploads\/2019\/09\/image1_project-150x150.png 150w, https:\/\/facetproject.eu\/wp-content\/uploads\/2019\/09\/image1_project-300x300.png 300w, https:\/\/facetproject.eu\/wp-content\/uploads\/2019\/09\/image1_project-301x300.png 301w\" sizes=\"(max-width: 481px) 100vw, 481px\" \/><\/figure><\/div>\n\n\n\n<p><\/p>\n<\/div>\n\n\n\n<div class=\"is-layout-flow wp-block-column\">\n<h3><strong>Metodologie<\/strong><\/h3>\n\n\n\n<p class=\" translation-block\">Projekt FACET za\u010d\u00edn\u00e1 <strong>studiem kvalifikac\u00ed a pracovn\u00edho obsazen\u00ed v n\u00e1bytk\u00e1\u0159sk\u00e9m odv\u011btv\u00ed<\/strong> s c\u00edlem definovat po\u017eadovan\u00e9 <strong>v\u00fdsledky u\u010den\u00ed<\/strong>, kter\u00e9 maj\u00ed b\u00fdt zaji\u0161t\u011bny v\u00fdukou a osvojen\u00edm <strong>kreativity a podnikavosti<\/strong> v tomto sektoru. Projekt vyu\u017e\u00edv\u00e1 zp\u011btn\u00e9 vazby zam\u011bstnanc\u016f n\u00e1bytk\u00e1\u0159sk\u00e9ho pr\u016fmyslu.<\/p>\n\n\n\n<p class=\" translation-block\">Pot\u00e9 budou vytvo\u0159eny <strong>u\u010debn\u00ed pl\u00e1ny<\/strong>, kter\u00e9 podrobn\u011b definuj\u00ed jednotliv\u00e9 <strong>kapitoly<\/strong>: obecn\u00fd n\u00e1zev, profily \/ kvalifikace ESCO, \u00farove\u0148 EQF, v\u00fdsledky u\u010den\u00ed, postupy a krit\u00e9ria pro hodnocen\u00ed a body ECVET.<\/p>\n\n\n\n<p class=\" translation-block\">Jakmile budou u\u010debn\u00ed osnovy p\u0159ipraveny, bude vytvo\u0159en <strong>online kurz FACET<\/strong>, kter\u00fd bude <strong>jednotliv\u00e9 obsahy<\/strong> vytv\u00e1\u0159et, transformovat je do <strong>interaktivn\u00edch v\u00fdukov\u00fdch p\u0159edm\u011bt\u016f a her<\/strong>, integrovat je do <strong>e-learningov\u00e9 platformy<\/strong> a implementovat <strong>syst\u00e9m odznak\u016f<\/strong>. Bude provedeno z\u00e1v\u011bre\u010dn\u00e9 testov\u00e1n\u00ed c\u00edlov\u00fdch u\u017eivatel\u016f, \u010d\u00edm\u017e se nashrom\u00e1\u017ed\u00ed jejich zp\u011btn\u00e1 vazba a odpov\u00eddaj\u00edc\u00edm zp\u016fsobem se zlep\u0161\u00ed v\u00fdstup.<\/p>\n\n\n\n<p class=\" translation-block\">Bude tak\u00e9 vytvo\u0159en <strong>n\u00e1stroj u\u010den\u00ed, zalo\u017een\u00fd na pracovn\u00edch zku\u0161enostech<\/strong> a bude zaveden <strong>syst\u00e9m odznak\u016f<\/strong> pro roz\u0159azen\u00ed <strong>pou\u017eit\u00fdch dovednost\u00ed<\/strong>. Bude provedeno z\u00e1v\u011bre\u010dn\u00e9 testov\u00e1n\u00ed c\u00edlov\u00fdch u\u017eivatel\u016f, nashrom\u00e1\u017ed\u011bn\u00ed jejich zp\u011btn\u00e9 vazby a vylep\u0161en\u00ed n\u00e1stroje podle v\u00fdsledk\u016f testu.<\/p>\n\n\n\n<p class=\" translation-block\">Bude vypracov\u00e1n <strong>pr\u016fvodce pro \u0161kolitele<\/strong>, kter\u00fd vysv\u011btl\u00ed, jak pou\u017e\u00edvat <strong>online kurz<\/strong> i <strong>n\u00e1stroj pro \u0161kolen\u00ed<\/strong> a jak posoudit odpov\u00eddaj\u00edc\u00edm zp\u016fsobem v\u00fdsledky u\u010den\u00ed, v\u010detn\u011b nejlep\u0161\u00edch zku\u0161enost\u00ed sesb\u00edran\u00fdch z v\u00fdstupn\u00edch test\u016f.<\/p>\n\n\n\n<p class=\" translation-block\">Jakmile budou seskupeny v\u0161echny v\u00fdstupy projektu, \u00fa\u010dastn\u00edci uspo\u0159\u00e1daj\u00ed ve <strong>sv\u00fdch zem\u00edch workshopy <\/strong>s c\u00edlem <strong>\u0161\u00ed\u0159it v\u00fdsledky<\/strong> projektu a z\u00edskat zp\u011btnou vazbu od z\u00fa\u010dastn\u011bn\u00fdch stran.<\/p>\n<\/div>\n<\/div>\n\n\n\n<div class=\"is-layout-flex wp-container-9 wp-block-columns has-2-columns\">\n<div class=\"is-layout-flow wp-block-column\">\n<h3><strong>V\u00fdsledky<\/strong><\/h3>\n\n\n\n<p>Nov\u00e9 \u0161kolen\u00ed zlep\u0161\u00ed schopnost vytv\u00e1\u0159et n\u00e1pady, p\u0159ich\u00e1zet s lep\u0161\u00edmi n\u00e1pady a p\u0159ev\u00e1d\u011bt je do praxe, aby bylo dosa\u017eeno skute\u010dn\u00fdch a hodnotn\u00fdch produkt\u016f \/ slu\u017eeb \/ obchodn\u00edch model\u016f.<\/p>\n\n\n\n<p class=\" translation-block\">Projekt bude rozv\u00edjet <strong>intelektu\u00e1ln\u00ed v\u00fdstupy t\u00fdkaj\u00edc\u00ed se kreativity, podnik\u00e1n\u00ed a jejich n\u00e1sledn\u00e9 aplikace v n\u00e1bytk\u00e1\u0159sk\u00e9m odv\u011btv\u00ed<\/strong>, kter\u00e9 budou voln\u011b dostupn\u00e9 na webov\u00fdch str\u00e1nk\u00e1ch projektu:<\/p>\n\n\n\n<ul><li>Osnovy;<\/li><li>Online kurz;<\/li><li>U\u010debn\u00ed n\u00e1stroj zalo\u017een\u00fd na pr\u00e1ci; a<\/li><li> Pr\u016fvodce pro tren\u00e9ry. <\/li><\/ul>\n<\/div>\n\n\n\n<div class=\"is-layout-flow wp-block-column\">\n<h3><strong>C\u00edlov\u00e9 skupiny<\/strong><\/h3>\n\n\n\n<p class=\" translation-block\">Mezi hlavn\u00ed <strong>c\u00edlov\u00e9 skupiny<\/strong> projektu FACET pat\u0159\u00ed:<\/p>\n\n\n\n<ul><li>Profesion\u00e1lov\u00e9 v n\u00e1bytk\u00e1\u0159sk\u00e9m pr\u016fmyslu zab\u00fdvaj\u00edc\u00ed se inovacemi (n\u00e1vrh\u00e1\u0159i, \u0159editel\u00e9, marketingov\u00ed mana\u017ee\u0159i).<\/li><li>Studenti designu, d\u0159eva\u0159sk\u00fdch obor\u016f a obchodu.<\/li><li>U\u010ditel\u00e9 program\u016f Odborn\u00e9ho vzd\u011bl\u00e1v\u00e1n\u00ed a tr\u00e9ninku souvisej\u00edc\u00edch s designem, obchodem a n\u00e1bytkem.<\/li><\/ul>\n<\/div>\n<\/div>\n\n\n\n<div class=\"is-layout-flex wp-container-12 wp-block-columns has-2-columns\">\n<div class=\"is-layout-flow wp-block-column\">\n<div class=\"wp-block-image is-resized\"><figure class=\"aligncenter is-resized\"><figure><img decoding=\"async\" src=\"https:\/\/facetproject.eu\/wp-content\/uploads\/2019\/12\/bright-bulb-close-up-conceptual-269318.jpg\" alt=\"\" class=\"wp-image-1072\"><\/figure><\/figure><\/div>\n<\/div>\n\n\n\n<div class=\"is-layout-flow wp-block-column\">\n<h3><strong>Intelektu\u00e1ln\u00ed v\u00fdstupy<\/strong><\/h3>\n\n\n\n<p><strong>O1-FACET Osnovy<\/strong><\/p>\n\n\n\n<p>Datum zah\u00e1jen\u00ed: 01\/11\/2018 - Datum ukon\u010den\u00ed: 31\/03\/2019 (5 m\u011bs\u00edc\u016f)<\/p>\n\n\n\n<p><strong>O2-FACET Online kurz<\/strong><\/p>\n\n\n\n<p>Datum zah\u00e1jen\u00ed: 01\/14\/2019 - Datum ukon\u010den\u00ed: 30\/06\/2020 (15 m\u011bs\u00edc\u016f)<\/p>\n\n\n\n<p><strong>O3-FACET N\u00e1stroj pro v\u00fduku pr\u00e1ce<\/strong><\/p>\n\n\n\n<p>Datum zah\u00e1jen\u00ed: 01\/09\/2019 - Datum ukon\u010den\u00ed: 30\/11\/2020 (15 m\u011bs\u00edc\u016f)<\/p>\n\n\n\n<p><strong>O4-FACET Pr\u016fvodce pro tren\u00e9ry<\/strong><\/p>\n\n\n\n<p>Datum zah\u00e1jen\u00ed: 01\/07\/2020 - Datum ukon\u010den\u00ed: 30\/11\/2020 (17 m\u011bs\u00edc\u016f)<\/p>\n<\/div>\n<\/div>","protected":false},"excerpt":{"rendered":"<p>The context Although EU furniture manufacturers have good reputation worldwide regarding design, only a few companies are trendsetters while most of companies, especially SMEs, are followers. In the highly- competitive context that furniture companies are facing, they need to be more creative and entrepreneur, meaning not only starting new businesses but being able to commercialize [&hellip;]<\/p>","protected":false},"author":1,"featured_media":0,"parent":0,"menu_order":0,"comment_status":"closed","ping_status":"closed","template":"page-full-width.php","meta":[],"_links":{"self":[{"href":"https:\/\/facetproject.eu\/cs\/wp-json\/wp\/v2\/pages\/23"}],"collection":[{"href":"https:\/\/facetproject.eu\/cs\/wp-json\/wp\/v2\/pages"}],"about":[{"href":"https:\/\/facetproject.eu\/cs\/wp-json\/wp\/v2\/types\/page"}],"author":[{"embeddable":true,"href":"https:\/\/facetproject.eu\/cs\/wp-json\/wp\/v2\/users\/1"}],"replies":[{"embeddable":true,"href":"https:\/\/facetproject.eu\/cs\/wp-json\/wp\/v2\/comments?post=23"}],"version-history":[{"count":97,"href":"https:\/\/facetproject.eu\/cs\/wp-json\/wp\/v2\/pages\/23\/revisions"}],"predecessor-version":[{"id":1239,"href":"https:\/\/facetproject.eu\/cs\/wp-json\/wp\/v2\/pages\/23\/revisions\/1239"}],"wp:attachment":[{"href":"https:\/\/facetproject.eu\/cs\/wp-json\/wp\/v2\/media?parent=23"}],"curies":[{"name":"wp","href":"https:\/\/api.w.org\/{rel}","templated":true}]}}