{"id":182,"date":"2019-06-12T19:01:50","date_gmt":"2019-06-12T19:01:50","guid":{"rendered":"https:\/\/facetproject.eu\/?page_id=182"},"modified":"2019-09-18T10:20:56","modified_gmt":"2019-09-18T10:20:56","slug":"creativity-and-entrepreneurship","status":"publish","type":"page","link":"https:\/\/facetproject.eu\/cs\/creativity-and-entrepreneurship\/","title":{"rendered":"Kreativita a Podnik\u00e1n\u00ed"},"content":{"rendered":"<div class=\"is-layout-flex wp-container-3 wp-block-columns has-2-columns\">\n<div class=\"is-layout-flow wp-block-column\">\n<p>N\u00e1bytk\u00e1\u0159sk\u00fd pr\u016fmysl v EU byl v\u00e1\u017en\u011b zasa\u017een ned\u00e1vnou kriz\u00ed a pro\u0161el v\u00fdznamn\u00fdmi zm\u011bnami, aby se v\u00edce orientoval na v\u00fdvoz a zam\u011b\u0159il se na zvy\u0161ov\u00e1n\u00ed kvality, vylep\u0161ov\u00e1n\u00ed designu a na inovace. Tyto zm\u011bny zahrnuj\u00ed restrukturalizaci, technologick\u00fd pokrok a inovace obchodn\u00edho modelu, ale vy\u017eaduj\u00ed p\u0159edev\u0161\u00edm trval\u00e9 investice do dovednost\u00ed, designu, kreativity, v\u00fdzkumu, inovac\u00ed a nov\u00fdch technologi\u00ed.<\/p>\n\n\n\n<p>A\u010dkoli v\u00fdrobci n\u00e1bytku z EU maj\u00ed po cel\u00e9m sv\u011bt\u011b dobrou pov\u011bst, pokud jde o design a kreativitu, jen m\u00e1lo z t\u011bchto spole\u010dnost\u00ed dok\u00e1\u017ee ud\u00e1vat nov\u00e9 trendy, naopak v\u011bt\u0161ina spole\u010dnost\u00ed, zejm\u00e9na se jedn\u00e1 o mal\u00e9 a st\u0159edn\u00ed podniky, sp\u00ed\u0161e ji\u017e nastolen\u00e9 trendy n\u00e1sleduje.<\/p>\n\n\n\n<p>Inovace se stala velmi d\u016fle\u017eit\u00fdm n\u00e1strojem konkurenceschopnosti podnik\u016f a dlouhodob\u00fd \u00fasp\u011bch spole\u010dnost\u00ed bude z\u00e1viset na jejich schopnostech b\u00fdt inovativn\u00ed (Leavengood, 2009). Krom\u011b toho je pro p\u0159e\u017eit\u00ed firem na konkuren\u010dn\u00edch trz\u00edch nezbytn\u00e9, aby se p\u0159izp\u016fsobily zm\u011bn\u00e1m prost\u0159ednictv\u00edm inovac\u00ed (Bullard a West, 2002).<\/p>\n\n\n\n<p>Inovace vy\u017eaduj\u00ed kompetenci, iniciativu a podnikavost, co\u017e odkazuje na schopnost prom\u011bnit my\u0161lenky v \u010diny. D\u016fle\u017eit\u00e1 je tvo\u0159ivost, inovativn\u00ed p\u0159\u00edstup a podstupov\u00e1n\u00ed rizik, jako\u017e i schopnost pl\u00e1novat a \u0159\u00eddit projekty tak, aby bylo dosa\u017eeno stanoven\u00fdch c\u00edl\u016f. Z tohoto hlediska Sv\u011btov\u00e9 Hospod\u00e1\u0159sk\u00e9 f\u00f3rum pouk\u00e1zalo, \u017ee prvn\u00ed 3 dovednosti, kter\u00e9 jsou v EU 2020 nepostradateln\u00fdmi, jsou: komplexn\u00ed \u0159e\u0161en\u00ed probl\u00e9m\u016f, kritick\u00e9 my\u0161len\u00ed a tvo\u0159ivost. Ve vysoce konkuren\u010dn\u00edm prost\u0159ed\u00ed mus\u00ed b\u00fdt n\u00e1bytk\u00e1\u0159sk\u00e9 spole\u010dnosti kreativn\u011bj\u0161\u00ed a podnikav\u011bj\u0161\u00ed, a to nejen p\u0159i zakl\u00e1d\u00e1n\u00ed nov\u00fdch podnik\u016f, ale tak\u00e9 mus\u00ed b\u00fdt schopny nov\u00e9 hodnotn\u00e9 produkty a slu\u017eby komercializovat.<\/p>\n<\/div>\n\n\n\n<div class=\"is-layout-flow wp-block-column\">\n<figure class=\"wp-block-image\"><img decoding=\"async\" loading=\"lazy\" width=\"715\" height=\"480\" src=\"https:\/\/facetproject.eu\/wp-content\/uploads\/2019\/09\/image2_creativityentrepreneurship-01.png\" alt=\"\" class=\"wp-image-1154\" srcset=\"https:\/\/facetproject.eu\/wp-content\/uploads\/2019\/09\/image2_creativityentrepreneurship-01.png 715w, https:\/\/facetproject.eu\/wp-content\/uploads\/2019\/09\/image2_creativityentrepreneurship-01-300x201.png 300w, https:\/\/facetproject.eu\/wp-content\/uploads\/2019\/09\/image2_creativityentrepreneurship-01-447x300.png 447w\" sizes=\"(max-width: 715px) 100vw, 715px\" \/><\/figure>\n\n\n\n<p><\/p>\n<\/div>\n<\/div>","protected":false},"excerpt":{"rendered":"<p>The EU furniture manufacturing industry has been severely hit by recent crisis and underwent significant changes to become more export-oriented and to focus on upgrading quality, design, and innovation. These changes include restructuring, technological advances, and business model innovations, but it needs continuing investment in skills, design, creativity, research, innovation, and new technologies. Although EU [&hellip;]<\/p>","protected":false},"author":3,"featured_media":0,"parent":0,"menu_order":0,"comment_status":"closed","ping_status":"closed","template":"page-full-width.php","meta":[],"_links":{"self":[{"href":"https:\/\/facetproject.eu\/cs\/wp-json\/wp\/v2\/pages\/182"}],"collection":[{"href":"https:\/\/facetproject.eu\/cs\/wp-json\/wp\/v2\/pages"}],"about":[{"href":"https:\/\/facetproject.eu\/cs\/wp-json\/wp\/v2\/types\/page"}],"author":[{"embeddable":true,"href":"https:\/\/facetproject.eu\/cs\/wp-json\/wp\/v2\/users\/3"}],"replies":[{"embeddable":true,"href":"https:\/\/facetproject.eu\/cs\/wp-json\/wp\/v2\/comments?post=182"}],"version-history":[{"count":29,"href":"https:\/\/facetproject.eu\/cs\/wp-json\/wp\/v2\/pages\/182\/revisions"}],"predecessor-version":[{"id":1155,"href":"https:\/\/facetproject.eu\/cs\/wp-json\/wp\/v2\/pages\/182\/revisions\/1155"}],"wp:attachment":[{"href":"https:\/\/facetproject.eu\/cs\/wp-json\/wp\/v2\/media?parent=182"}],"curies":[{"name":"wp","href":"https:\/\/api.w.org\/{rel}","templated":true}]}}