{"id":1290,"date":"2020-10-08T10:45:26","date_gmt":"2020-10-08T10:45:26","guid":{"rendered":"https:\/\/facetproject.eu\/?page_id=1290"},"modified":"2020-12-09T15:39:59","modified_gmt":"2020-12-09T15:39:59","slug":"pilot-course","status":"publish","type":"page","link":"https:\/\/facetproject.eu\/cs\/pilot-course\/","title":{"rendered":"Online \u0161kolic\u00ed kurz Kreativita a podnik\u00e1n\u00ed v n\u00e1bytk\u00e1\u0159sk\u00e9m sektoru"},"content":{"rendered":"<div class=\"is-layout-flex wp-container-3 wp-block-columns has-2-columns\">\n<div class=\"is-layout-flow wp-block-column\">\n<figure class=\"wp-block-embed-youtube aligncenter wp-block-embed is-type-video is-provider-youtube wp-embed-aspect-16-9 wp-has-aspect-ratio\"><div class=\"wp-block-embed__wrapper\">\n<iframe loading=\"lazy\" title=\"FACET \u2014 Pilot course HD\" width=\"750\" height=\"422\" src=\"https:\/\/www.youtube.com\/embed\/q5dQbcj3MAM?feature=oembed\" frameborder=\"0\" allow=\"accelerometer; autoplay; clipboard-write; encrypted-media; gyroscope; picture-in-picture\" allowfullscreen><\/iframe>\n<\/div><figcaption>Video titulky jsou k dispozici v 6 jazyc\u00edch<\/figcaption><\/figure>\n<\/div>\n\n\n\n<div class=\"is-layout-flow wp-block-column\">\n<div style=\"height:60px\" aria-hidden=\"true\" class=\"wp-block-spacer\"><\/div>\n\n\n\n<p style=\"text-align:center\"><em><strong>Chcete zah\u00e1jit inovativn\u00ed nebo kreativn\u00ed<\/strong><\/em><br><em><strong>projekt v n\u00e1bytk\u00e1\u0159sk\u00e9m pr\u016fmyslu? <\/strong><\/em><\/p>\n\n\n\n<hr class=\"wp-block-separator\"\/>\n\n\n\n<p style=\"text-align:center\"><em><strong>Zn\u00e1te techniky a n\u00e1stroje, kter\u00e9 zv\u00fd\u0161\u00ed va\u0161i <\/strong><\/em><br><em><strong>kreativitu a inovace? <\/strong><\/em><\/p>\n\n\n\n<hr class=\"wp-block-separator\"\/>\n\n\n\n<p style=\"text-align:center\"><em><strong>Cht\u011bli byste rozv\u00edjet udr\u017eiteln\u011bj\u0161\u00ed a kreativn\u011bj\u0161\u00ed my\u0161len\u00ed <\/strong><\/em><br><em><strong>a aplikovat ho na sv\u00e9 projekty?<\/strong><\/em><\/p>\n\n\n\n<div style=\"height:60px\" aria-hidden=\"true\" class=\"wp-block-spacer\"><\/div>\n\n\n\n<div class=\"wp-block-button aligncenter\"><a class=\"wp-block-button__link has-background\" href=\"https:\/\/facet.erasmusplus.website\/\" style=\"background-color:#aa0352\">Vstupte do kurzu<\/a><\/div>\n<\/div>\n<\/div>\n\n\n\n<div style=\"height:40px\" aria-hidden=\"true\" class=\"wp-block-spacer\"><\/div>\n\n\n\n<div style=\"height:40px\" aria-hidden=\"true\" class=\"wp-block-spacer\"><\/div>\n\n\n\n<hr class=\"wp-block-separator\"\/>\n\n\n\n<p>Inovace vy\u017eaduje iniciativn\u00ed a podnikatelsk\u00e9 schopnosti, kter\u00e9 odkazuj\u00ed na schopnost&nbsp;<strong>p\u0159em\u011bnit n\u00e1pady na \u010diny<\/strong>. Vy\u017eaduje kreativitu a schopnost&nbsp;<strong>pl\u00e1novat a \u0159\u00eddit projekty k dosa\u017een\u00ed c\u00edl\u016f.<\/strong>&nbsp;N\u00e1bytkov\u00e9 spole\u010dnosti pot\u0159ebuj\u00ed v\u00edce kreativn\u00edch a podnikatelsk\u00fdch odborn\u00edk\u016f, a to nejen p\u0159i zakl\u00e1d\u00e1n\u00ed nov\u00fdch podnik\u016f, ale tak\u00e9 p\u0159i&nbsp;<strong>uv\u00e1d\u011bn\u00ed nov\u00fdch produkt\u016f a cenn\u00fdch slu\u017eeb na trh<\/strong>.<\/p>\n\n\n\n<p>Chcete-li z\u00edskat dovednosti a kompetence pot\u0159ebn\u00e9 k rozvoji kreativity a inovac\u00ed ve va\u0161\u00ed spole\u010dnosti, m\u016f\u017eete se zaregistrovat na&nbsp;<strong>training course \u201cCreativity and Entrepreneurship in the Furniture Sector\u201d<\/strong>, kter\u00e9 je zdarma a otev\u0159en\u00e9 pro v\u0161echny z\u00e1jemce.<\/p>\n\n\n\n<p>Kurz se skl\u00e1d\u00e1 z&nbsp;<strong>interaktivn\u00edch vzd\u011bl\u00e1vac\u00edch materi\u00e1l\u016f<\/strong>&nbsp;\u2013 videos, infographics, presentations and quizzes \u2013 and a set of&nbsp;<strong>p\u0159\u00edru\u010dek&nbsp;<\/strong>se v\u0161emi nezbytn\u00fdmi informacemi a dal\u0161\u00edmi \u010dten\u00edmi, kter\u00e1 se v\u011bnuj\u00ed podrobn\u00fdm t\u00e9mat\u016fm. Kurz se skl\u00e1d\u00e1 z p\u0159ibli\u017en\u011b 30 hodin \u0161kolen\u00ed rozd\u011blen\u00fdch do&nbsp;<strong>6 r\u016fzn\u00fdch modul\u016f:<\/strong>:<\/p>\n\n\n\n<ol><li><strong>Kreativita a kreativn\u00ed my\u0161len\u00ed<\/strong>: p\u0159ehled n\u011bkolika valenc\u00ed a vrstev kreativity, kter\u00e9 umo\u017e\u0148uj\u00ed pos\u00edlit a rozvinout kreativn\u00ed my\u0161len\u00ed.<\/li><li><strong>Kreativita a inovace<\/strong>: zam\u011b\u0159en\u00e9 na v\u00fdvoj metod, kter\u00e9 maj\u00ed b\u00fdt sou\u010dasn\u011b kreativn\u00ed a inovativn\u00ed.<\/li><li><strong>Motiva\u010dn\u00ed kreativita<\/strong>: p\u0159ehled motivace, jednotliv\u00fdch \u00farovn\u00ed motivace a jej\u00ed vazby na d\u016fv\u011bru, produktivitu a pozitivn\u00ed stanoven\u00ed c\u00edl\u016f prost\u0159ednictv\u00edm anal\u00fdzy r\u016fzn\u00fdch motiva\u010dn\u00edch teori\u00ed.<\/li><li><strong>Udr\u017eiteln\u00e1 kreativita<\/strong>: prezentace z\u00e1kladn\u00edch znalost\u00ed o udr\u017eiteln\u00fdch projektech vyu\u017e\u00edvaj\u00edc\u00edch kritick\u00e9 a udr\u017eiteln\u00e9 kreativn\u00ed my\u0161len\u00ed: EWM (energie, odpad, materi\u00e1l) efektivita, ekodesign a ob\u011bhov\u00e9 hospod\u00e1\u0159stv\u00ed.<\/li><li><strong>Kreativita a podnik\u00e1n\u00ed<\/strong>: \u00favod do z\u00e1kladn\u00edch pojm\u016f strategick\u00e9ho managementu s d\u016frazem na hlavn\u00ed osobnostn\u00ed rysy, kter\u00e9 mohou b\u00fdt u\u017eite\u010dn\u00e9 na vedouc\u00ed pozici.<\/li><li><strong>Pracovn\u00ed n\u00e1stroj<\/strong>: pr\u016fvodce procesy tvorby a implementace n\u00e1pad\u016f aplikovan\u00fdch na skute\u010dn\u00e9 projekty.<\/li><\/ol>","protected":false},"excerpt":{"rendered":"<p>Do you want to start an innovative or creative projectwithin the furniture industry? Are you familiar with techniques and tools to enhance your creativity and innovation? Would you like to develop a more sustainable and creative thinking and apply it to your projects? Innovation requires initiative and entrepreneurship competences, which refers to the ability to&nbsp;turn [&hellip;]<\/p>","protected":false},"author":4,"featured_media":0,"parent":0,"menu_order":0,"comment_status":"closed","ping_status":"closed","template":"page-full-width.php","meta":[],"_links":{"self":[{"href":"https:\/\/facetproject.eu\/cs\/wp-json\/wp\/v2\/pages\/1290"}],"collection":[{"href":"https:\/\/facetproject.eu\/cs\/wp-json\/wp\/v2\/pages"}],"about":[{"href":"https:\/\/facetproject.eu\/cs\/wp-json\/wp\/v2\/types\/page"}],"author":[{"embeddable":true,"href":"https:\/\/facetproject.eu\/cs\/wp-json\/wp\/v2\/users\/4"}],"replies":[{"embeddable":true,"href":"https:\/\/facetproject.eu\/cs\/wp-json\/wp\/v2\/comments?post=1290"}],"version-history":[{"count":21,"href":"https:\/\/facetproject.eu\/cs\/wp-json\/wp\/v2\/pages\/1290\/revisions"}],"predecessor-version":[{"id":1361,"href":"https:\/\/facetproject.eu\/cs\/wp-json\/wp\/v2\/pages\/1290\/revisions\/1361"}],"wp:attachment":[{"href":"https:\/\/facetproject.eu\/cs\/wp-json\/wp\/v2\/media?parent=1290"}],"curies":[{"name":"wp","href":"https:\/\/api.w.org\/{rel}","templated":true}]}}