{"id":1052,"date":"2019-09-17T16:50:51","date_gmt":"2019-09-17T16:50:51","guid":{"rendered":"https:\/\/facetproject.eu\/?page_id=1052"},"modified":"2019-09-18T07:32:05","modified_gmt":"2019-09-18T07:32:05","slug":"ccs","status":"publish","type":"page","link":"https:\/\/facetproject.eu\/cs\/ccs\/","title":{"rendered":""},"content":{"rendered":"<div class=\"is-layout-flex wp-container-3 wp-block-columns has-2-columns\">\n<div class=\"is-layout-flow wp-block-column\">\n<div class=\"wp-block-image\"><figure class=\"aligncenter\"><a href=\"http:\/\/www.ccseducation.com\" target=\"_blank\" rel=\"noopener noreferrer\"><img decoding=\"async\" loading=\"lazy\" width=\"321\" height=\"132\" src=\"https:\/\/facetproject.eu\/wp-content\/uploads\/2019\/09\/css-01.png\" alt=\"\" class=\"wp-image-1111\" srcset=\"https:\/\/facetproject.eu\/wp-content\/uploads\/2019\/09\/css-01.png 321w, https:\/\/facetproject.eu\/wp-content\/uploads\/2019\/09\/css-01-300x123.png 300w\" sizes=\"(max-width: 321px) 100vw, 321px\" \/><\/a><\/figure><\/div>\n<\/div>\n\n\n\n<div class=\"is-layout-flow wp-block-column\">\n<p class=\" translation-block\"><a href=\"http:\/\/www.ccseducation.com\" target=\"_self\"><strong>Crystal\nClear Soft (CCS)<\/strong><\/a> je spole\u010dnost zab\u00fdvaj\u00edc\u00ed se v\u00fdvojem softwar\u016f, kter\u00e1 aktivn\u011b zkoum\u00e1 inovativn\u00ed vyu\u017eit\u00ed stavu hern\u00edch technologi\u00ed v digit\u00e1ln\u00edm publikov\u00e1n\u00ed, vzd\u011bl\u00e1v\u00e1n\u00ed, \u0161kolen\u00ed a \u0161\u00ed\u0159en\u00ed znalost\u00ed. <strong>CCS<\/strong> nab\u00edz\u00ed tzv. \u0159e\u0161en\u00ed na kl\u00ed\u010d, od konceptualizace a n\u00e1vrhu v\u00fduky po testov\u00e1n\u00ed a nasazen\u00ed. <strong>CCS<\/strong> vyvinula aplikace pou\u017e\u00edvan\u00e9 v tis\u00edc\u00edch u\u010deben po cel\u00e9m sv\u011bt\u011b! <strong>CCS<\/strong> je p\u0159edev\u0161\u00edm obchodn\u00ed spole\u010dnost s mezin\u00e1rodn\u00ed p\u016fsobnost\u00ed a pozoruhodn\u00fdm seznamem z\u00e1kazn\u00edk\u016f, zejm\u00e9na v oblasti vydavatelstv\u00ed a firemn\u00edho vzd\u011bl\u00e1v\u00e1n\u00ed.<\/p>\n<\/div>\n<\/div>","protected":false},"excerpt":{"rendered":"<p>Crystal Clear Soft (CCS) is a software development company actively researching on innovative uses of state of play technology in digital publishing, education, training and knowledge dissemination. Offering a turn-key solution, from conceptualization and instructional design to testing and deployment, CCS has developed applications used in thousands of classrooms all over the world! CCS is [&hellip;]<\/p>","protected":false},"author":3,"featured_media":0,"parent":0,"menu_order":0,"comment_status":"closed","ping_status":"closed","template":"page-full-width.php","meta":[],"_links":{"self":[{"href":"https:\/\/facetproject.eu\/cs\/wp-json\/wp\/v2\/pages\/1052"}],"collection":[{"href":"https:\/\/facetproject.eu\/cs\/wp-json\/wp\/v2\/pages"}],"about":[{"href":"https:\/\/facetproject.eu\/cs\/wp-json\/wp\/v2\/types\/page"}],"author":[{"embeddable":true,"href":"https:\/\/facetproject.eu\/cs\/wp-json\/wp\/v2\/users\/3"}],"replies":[{"embeddable":true,"href":"https:\/\/facetproject.eu\/cs\/wp-json\/wp\/v2\/comments?post=1052"}],"version-history":[{"count":5,"href":"https:\/\/facetproject.eu\/cs\/wp-json\/wp\/v2\/pages\/1052\/revisions"}],"predecessor-version":[{"id":1119,"href":"https:\/\/facetproject.eu\/cs\/wp-json\/wp\/v2\/pages\/1052\/revisions\/1119"}],"wp:attachment":[{"href":"https:\/\/facetproject.eu\/cs\/wp-json\/wp\/v2\/media?parent=1052"}],"curies":[{"name":"wp","href":"https:\/\/api.w.org\/{rel}","templated":true}]}}