{"id":1048,"date":"2019-09-17T16:49:09","date_gmt":"2019-09-17T16:49:09","guid":{"rendered":"https:\/\/facetproject.eu\/?page_id=1048"},"modified":"2019-09-18T07:33:42","modified_gmt":"2019-09-18T07:33:42","slug":"em","status":"publish","type":"page","link":"https:\/\/facetproject.eu\/cs\/em\/","title":{"rendered":""},"content":{"rendered":"<div class=\"is-layout-flex wp-container-3 wp-block-columns has-2-columns\">\n<div class=\"is-layout-flow wp-block-column\">\n<div class=\"wp-block-image\"><figure class=\"aligncenter\"><figure><a href=\"http:\/\/www.eurocreamerchant.it\/\" target=\"_blank\" rel=\"noopener noreferrer\"><img decoding=\"async\" loading=\"lazy\" width=\"321\" height=\"132\" src=\"https:\/\/facetproject.eu\/wp-content\/uploads\/2019\/09\/eurocreamerchant-01.png\" alt=\"\" class=\"wp-image-1114\" srcset=\"https:\/\/facetproject.eu\/wp-content\/uploads\/2019\/09\/eurocreamerchant-01.png 321w, https:\/\/facetproject.eu\/wp-content\/uploads\/2019\/09\/eurocreamerchant-01-300x123.png 300w\" sizes=\"(max-width: 321px) 100vw, 321px\" \/><\/a><\/figure><\/figure><\/div>\n<\/div>\n\n\n\n<div class=\"is-layout-flow wp-block-column\">\n<p class=\" translation-block\"><a href=\"http:\/\/www.eurocreamerchant.it\/\" target=\"_self\"><strong>Eurocrea\nMerchant (EM)<\/strong><\/a> je poradensk\u00e1 a \u0161kol\u00edc\u00ed spole\u010dnost s\u00eddl\u00edc\u00ed v It\u00e1lii, se dv\u011bma kancel\u00e1\u0159emi v Mil\u00e1n\u011b a Neapoli. Na\u0161\u00edm posl\u00e1n\u00edm je zlep\u0161ovat konkurenceschopnost evropsk\u00e9 spole\u010dnosti prost\u0159ednictv\u00edm rozvoje podnik\u00e1n\u00ed, \u0161kolen\u00ed a vytv\u00e1\u0159en\u00ed nadn\u00e1rodn\u00edch partnerstv\u00ed. Spole\u010dnost <strong>EM<\/strong> byla zalo\u017eena p\u0159ed v\u00edce ne\u017e 20 lety skupinou autorizovan\u00fdch \u00fa\u010detn\u00edch a specializuje se na t\u0159i hlavn\u00ed oblasti: a) Konzultace a poradenstv\u00ed; b) Vzd\u011bl\u00e1v\u00e1n\u00ed a \u0161kolen\u00ed; c) Evropsk\u00e9 projekty.<\/p>\n<\/div>\n<\/div>","protected":false},"excerpt":{"rendered":"<p>Eurocrea Merchant (EM) is a consulting and training company based in Italy, with two offices located in Milan and Naples. Our mission is to improve the competitiveness of the European society through business development, training and creation of transnational partnerships. Funded more than 20 years ago by a group of chartered accountant, EM is specialised [&hellip;]<\/p>","protected":false},"author":3,"featured_media":0,"parent":0,"menu_order":0,"comment_status":"closed","ping_status":"closed","template":"page-full-width.php","meta":[],"_links":{"self":[{"href":"https:\/\/facetproject.eu\/cs\/wp-json\/wp\/v2\/pages\/1048"}],"collection":[{"href":"https:\/\/facetproject.eu\/cs\/wp-json\/wp\/v2\/pages"}],"about":[{"href":"https:\/\/facetproject.eu\/cs\/wp-json\/wp\/v2\/types\/page"}],"author":[{"embeddable":true,"href":"https:\/\/facetproject.eu\/cs\/wp-json\/wp\/v2\/users\/3"}],"replies":[{"embeddable":true,"href":"https:\/\/facetproject.eu\/cs\/wp-json\/wp\/v2\/comments?post=1048"}],"version-history":[{"count":5,"href":"https:\/\/facetproject.eu\/cs\/wp-json\/wp\/v2\/pages\/1048\/revisions"}],"predecessor-version":[{"id":1121,"href":"https:\/\/facetproject.eu\/cs\/wp-json\/wp\/v2\/pages\/1048\/revisions\/1121"}],"wp:attachment":[{"href":"https:\/\/facetproject.eu\/cs\/wp-json\/wp\/v2\/media?parent=1048"}],"curies":[{"name":"wp","href":"https:\/\/api.w.org\/{rel}","templated":true}]}}