{"id":1044,"date":"2019-09-17T16:47:06","date_gmt":"2019-09-17T16:47:06","guid":{"rendered":"https:\/\/facetproject.eu\/?page_id=1044"},"modified":"2019-09-30T13:48:04","modified_gmt":"2019-09-30T13:48:04","slug":"ubrasov","status":"publish","type":"page","link":"https:\/\/facetproject.eu\/cs\/ubrasov\/","title":{"rendered":""},"content":{"rendered":"<div class=\"is-layout-flex wp-container-3 wp-block-columns has-2-columns\">\n<div class=\"is-layout-flow wp-block-column\">\n<div class=\"wp-block-image\"><figure class=\"aligncenter\"><a href=\"https:\/\/www.unitbv.ro\/en\/\" target=\"_blank\" rel=\"noopener noreferrer\"><img decoding=\"async\" loading=\"lazy\" width=\"310\" height=\"131\" src=\"https:\/\/facetproject.eu\/wp-content\/uploads\/2019\/09\/TUB.png\" alt=\"\" class=\"wp-image-1116\" srcset=\"https:\/\/facetproject.eu\/wp-content\/uploads\/2019\/09\/TUB.png 310w, https:\/\/facetproject.eu\/wp-content\/uploads\/2019\/09\/TUB-300x127.png 300w\" sizes=\"(max-width: 310px) 100vw, 310px\" \/><\/a><\/figure><\/div>\n\n\n\n<p><\/p>\n<\/div>\n\n\n\n<div class=\"is-layout-flow wp-block-column\">\n<p class=\" translation-block\">Za 70 let sv\u00e9 existence se  <a href=\"https:\/\/www.unitbv.ro\/en\/\" target=\"_self\"><strong>Transilvania University of Bra\u0219ov<\/strong><\/a> stala skute\u010dn\u011b presti\u017en\u00ed instituc\u00ed na n\u00e1rodn\u00edm i mezin\u00e1rodn\u00edm poli. Jedn\u00e1 se o akreditovanou st\u00e1tn\u00ed vysoko\u0161kolskou instituci, kter\u00e1 byla Rumunskou agenturou pro zaji\u0161\u0165ov\u00e1n\u00ed kvality ve vysok\u00e9m \u0161kolstv\u00ed odm\u011bn\u011b titulem \u201eHigh Degree of Confidence (Vysok\u00fd stupe\u0148 d\u016fv\u011bry)\u201c a je mezin\u00e1rodn\u011b hodnocena Asociac\u00ed evropsk\u00fdch univerzit (EUA-IEP). <strong>Transilvania University of Brasov<\/strong> v m\u00e1 nyn\u00ed 18 fakult, nab\u00edzej\u00edc\u00edch bakal\u00e1\u0159sk\u00e9 (v\u00edce ne\u017e 100 program\u016f), magistersk\u00e9 (p\u0159es 60 program\u016f) a doktorsk\u00e9 studium (18 program\u016f) a studuje na n\u00ed p\u0159ibli\u017en\u011b 20000 student\u016f. Spl\u0148uje po\u017eadavky Evropsk\u00e9ho prostoru pro vysoko\u0161kolsk\u00e9 vzd\u011bl\u00e1v\u00e1n\u00ed a v\u00fdzkum tak, jak jsou definov\u00e1ny v Bolo\u0148sk\u00e9, Koda\u0148sk\u00e9 a Lisabonsk\u00e9 deklaraci a podporov\u00e1ny N\u00e1rodn\u00ed strategi\u00ed pro vysoko\u0161kolsk\u00e9 vzd\u011bl\u00e1v\u00e1n\u00ed v Rumunsku.<\/p>\n\n\n\n<p class=\" translation-block\"><strong>Faculty of Wood Engineering<\/strong>, \u010dlen projektu <strong><a rel=\"noreferrer noopener\" aria-label=\"DITRAMA  (opens in a new tab)\" href=\"https:\/\/ditrama.eu\/\" target=\"_self\">DITRAMA<\/a><\/strong>, pat\u0159\u00ed k Transilvania University a je jedinou fakultou d\u0159eva\u0159sk\u00e9 v\u011bdy a technologie v Rumunsku. S 60letou tradic\u00ed fakulta p\u0159ipravila p\u0159es 6 500 absolvent\u016f, nab\u00edzej\u00edc studijn\u00ed programy na v\u0161ech \u00farovn\u00edch vysoko\u0161kolsk\u00e9ho vzd\u011bl\u00e1v\u00e1n\u00ed. N\u00e1bytek je t\u00e9ma p\u0159\u00edtomn\u00e9 ve v\u0161ech programech. <strong>D\u0159evo-produktov\u00e9 In\u017een\u00fdrstv\u00ed a design d\u0159eva<\/strong> (bakal\u00e1\u0159sk\u00fd program) \u0161kol\u00ed produktov\u00e9 techniky a specialisty na technick\u00e9 a technologick\u00e9 n\u00e1vrhy n\u00e1bytku. <strong>D\u0159evo-zpracovatelsk\u00e9 in\u017een\u00fdrstv\u00ed<\/strong> (bakal\u00e1\u0159sk\u00fd program) poskytuje znalosti pot\u0159ebn\u00e9 pro \u010dinnosti ve v\u00fdrobn\u00edm a designov\u00e9m sektoru d\u0159evozpracuj\u00edc\u00edho pr\u016fmyslu. <strong>Ekologick\u00fd design a restaurov\u00e1n\u00ed n\u00e1bytku <\/strong>(in\u017een\u00fdrsk\u00fd program) roz\u0161i\u0159uje znalosti souvisej\u00edc\u00ed s n\u00e1bytkem na nejpokro\u010dilej\u0161\u00ed \u00farove\u0148 v designu, materi\u00e1lech a technologii. <strong>Pokro\u010dil\u00e9 d\u0159ev\u011bn\u00e9 konstrukce a inovativn\u00ed technologie<\/strong> (in\u017een\u00fdrsk\u00fd program) nab\u00edz\u00ed pokro\u010dil\u00e9 vzd\u011bl\u00e1v\u00e1n\u00ed v oblasti nov\u00fdch materi\u00e1l\u016f na b\u00e1zi d\u0159eva, d\u0159ev\u011bn\u00fdch konstrukc\u00ed, inovativn\u00edch technologi\u00ed a technologick\u00e9ho \u0159\u00edzen\u00ed ve d\u0159eva\u0159sk\u00e9m odv\u011btv\u00ed.<\/p>\n<\/div>\n<\/div>","protected":false},"excerpt":{"rendered":"<p>During its 70 years of existence, Transilvania University of Bra\u0219ov has developed into a truly prestigious institution both at a national and international level. It is an accredited state higher-education institution awarded with \u00abHigh Degree of Confidence\u00bb by the Romanian Agency for Quality Assurance in Higher Education and is internationally evaluated by the European University [&hellip;]<\/p>","protected":false},"author":3,"featured_media":0,"parent":0,"menu_order":0,"comment_status":"closed","ping_status":"closed","template":"page-full-width.php","meta":[],"_links":{"self":[{"href":"https:\/\/facetproject.eu\/cs\/wp-json\/wp\/v2\/pages\/1044"}],"collection":[{"href":"https:\/\/facetproject.eu\/cs\/wp-json\/wp\/v2\/pages"}],"about":[{"href":"https:\/\/facetproject.eu\/cs\/wp-json\/wp\/v2\/types\/page"}],"author":[{"embeddable":true,"href":"https:\/\/facetproject.eu\/cs\/wp-json\/wp\/v2\/users\/3"}],"replies":[{"embeddable":true,"href":"https:\/\/facetproject.eu\/cs\/wp-json\/wp\/v2\/comments?post=1044"}],"version-history":[{"count":6,"href":"https:\/\/facetproject.eu\/cs\/wp-json\/wp\/v2\/pages\/1044\/revisions"}],"predecessor-version":[{"id":1173,"href":"https:\/\/facetproject.eu\/cs\/wp-json\/wp\/v2\/pages\/1044\/revisions\/1173"}],"wp:attachment":[{"href":"https:\/\/facetproject.eu\/cs\/wp-json\/wp\/v2\/media?parent=1044"}],"curies":[{"name":"wp","href":"https:\/\/api.w.org\/{rel}","templated":true}]}}