{"id":1040,"date":"2019-09-17T16:44:19","date_gmt":"2019-09-17T16:44:19","guid":{"rendered":"https:\/\/facetproject.eu\/?page_id=1040"},"modified":"2019-09-18T07:39:10","modified_gmt":"2019-09-18T07:39:10","slug":"dida","status":"publish","type":"page","link":"https:\/\/facetproject.eu\/cs\/dida\/","title":{"rendered":""},"content":{"rendered":"<div class=\"is-layout-flex wp-container-3 wp-block-columns has-2-columns\">\n<div class=\"is-layout-flow wp-block-column\">\n<div class=\"wp-block-image\"><figure class=\"aligncenter\"><a href=\"https:\/\/www.unifi.it\/\" target=\"_blank\" rel=\"noopener noreferrer\"><img decoding=\"async\" loading=\"lazy\" width=\"320\" height=\"175\" src=\"https:\/\/facetproject.eu\/wp-content\/uploads\/2019\/09\/dida-01.png\" alt=\"\" class=\"wp-image-1122\" srcset=\"https:\/\/facetproject.eu\/wp-content\/uploads\/2019\/09\/dida-01.png 320w, https:\/\/facetproject.eu\/wp-content\/uploads\/2019\/09\/dida-01-300x164.png 300w\" sizes=\"(max-width: 320px) 100vw, 320px\" \/><\/a><\/figure><\/div>\n<\/div>\n\n\n\n<div class=\"is-layout-flow wp-block-column\">\n<p class=\" translation-block\"><strong>Department of Architecture DIDA (<\/strong><a href=\"https:\/\/www.unifi.it\/\" target=\"_self\"><strong>University of\nFlorence<\/strong><\/a><strong>)<\/strong>, hraje skrze sv\u00e9 schopnosti koordinovat a integrovat rozmanit\u00e9 dimenze v\u011bdeck\u00e9 a provozn\u00ed kultury projekt\u016f roli hlavn\u00ed ve\u0159ejn\u00e9 v\u00fdzkumn\u00e9 organizace v oblasti architektonick\u00fdch projekt\u016f, designu, pl\u00e1nov\u00e1n\u00ed a krajiny. Dok\u00e1\u017ee uspokojit v\u00fdzkumn\u00e9 pot\u0159eby, vznikaj\u00edc\u00ed v instituc\u00edch a spole\u010dnostech, p\u016fsob\u00edc\u00edch v regionu i jinde, a propagovat a rozv\u00edjet v\u00fdzkumn\u00e9 projekty na n\u00e1rodn\u00ed i mezin\u00e1rodn\u00ed \u00farovni. Zab\u00fdv\u00e1 se p\u0159enosem inovac\u00ed s c\u00edlem podpo\u0159it technick\u00fd, v\u011bdeck\u00fd, kulturn\u00ed, soci\u00e1ln\u00ed a produktivn\u00ed pokrok cel\u00e9 spole\u010dnosti a sou\u010dasn\u011b p\u0159itom zachovat a d\u00e1le rozv\u00edjet v\u00fdzkumn\u00e9 a \u0161kolic\u00ed dovednosti cel\u00e9 <strong>Department of Architecture<\/strong>.<\/p>\n<\/div>\n<\/div>\n\n\n\n<p><\/p>","protected":false},"excerpt":{"rendered":"<p>The Department of Architecture DIDA (University of Florence), through its ability to coordinate and integrate the multiple dimensions of scientific and operational culture of the project, plays the role of main public research organization in the area of architectural project, design, planning and landscape. It is capable of satisfying research needs coming from institutions and [&hellip;]<\/p>","protected":false},"author":3,"featured_media":0,"parent":0,"menu_order":0,"comment_status":"closed","ping_status":"closed","template":"page-full-width.php","meta":[],"_links":{"self":[{"href":"https:\/\/facetproject.eu\/cs\/wp-json\/wp\/v2\/pages\/1040"}],"collection":[{"href":"https:\/\/facetproject.eu\/cs\/wp-json\/wp\/v2\/pages"}],"about":[{"href":"https:\/\/facetproject.eu\/cs\/wp-json\/wp\/v2\/types\/page"}],"author":[{"embeddable":true,"href":"https:\/\/facetproject.eu\/cs\/wp-json\/wp\/v2\/users\/3"}],"replies":[{"embeddable":true,"href":"https:\/\/facetproject.eu\/cs\/wp-json\/wp\/v2\/comments?post=1040"}],"version-history":[{"count":3,"href":"https:\/\/facetproject.eu\/cs\/wp-json\/wp\/v2\/pages\/1040\/revisions"}],"predecessor-version":[{"id":1123,"href":"https:\/\/facetproject.eu\/cs\/wp-json\/wp\/v2\/pages\/1040\/revisions\/1123"}],"wp:attachment":[{"href":"https:\/\/facetproject.eu\/cs\/wp-json\/wp\/v2\/media?parent=1040"}],"curies":[{"name":"wp","href":"https:\/\/api.w.org\/{rel}","templated":true}]}}